{"id":8323,"date":"2026-03-02T08:11:29","date_gmt":"2026-03-02T08:11:29","guid":{"rendered":"https:\/\/millamore.com\/lv\/?page_id=8323"},"modified":"2026-03-02T08:44:45","modified_gmt":"2026-03-02T08:44:45","slug":"store-closed","status":"publish","type":"page","link":"https:\/\/millamore.com\/lv\/store-closed\/","title":{"rendered":"Millamore e-veikals ir sl\u0113gts no 02.03"},"content":{"rendered":"\n<p>V\u0113lamies inform\u0113t, ka no 02.03 Millamore e-veikals ir sl\u0113gts.<\/p>\n\n\n\n<p>Visi pas\u016bt\u012bjumi, kas veikti pirms sl\u0113g\u0161anas, tiks apstr\u0101d\u0101ti un pieg\u0101d\u0101ti k\u0101 ierasts.<\/p>\n\n\n\n<p>\u0160is l\u0113mums nav saist\u012bts ar izmai\u0146\u0101m m\u016bsu produktos vai v\u0113rt\u012bb\u0101s. Esam nol\u0113mu\u0161i piln\u012bb\u0101 koncentr\u0113ties uz B2B darb\u012bbu un cie\u0161\u0101ku sadarb\u012bbu ar m\u016bsu izplat\u012bt\u0101jiem, lai Millamore produkti jums b\u016btu v\u0113l \u0113rt\u0101k pieejami caur viet\u0113jiem partneriem.<\/p>\n\n\n\n<p>Millamore produktus ar\u012b turpm\u0101k var\u0113s ieg\u0101d\u0101ties da\u017e\u0101dos zooveikalos un interneta veikalos vis\u0101 Latvij\u0101.<\/p>\n\n\n\n<p>M\u0113s turpin\u0101m att\u012bst\u012bt un ra\u017eot augstas kvalit\u0101tes, dab\u012bgus un dro\u0161us produktus un atbalst\u012bt savus partnerus, lai gala pat\u0113r\u0113t\u0101ji vienm\u0113r sa\u0146emtu lab\u0101ko iesp\u0113jamo izv\u0113li.<\/p>\n\n\n\n<p>Paldies par j\u016bsu uztic\u012bbu un atbalstu.<\/p>\n\n\n\n<p>Ja jums ir jaut\u0101jumi par produktu pieejam\u012bbu, dro\u0161i sazinieties ar mums.<\/p>\n\n\n\n<p>Ar sirsn\u012bgiem sveicieniem<br>Millamore komanda<\/p>\n","protected":false},"excerpt":{"rendered":"V\u0113lamies inform\u0113t, ka no 02.03 Millamore e-veikals ir sl\u0113gts. Visi pas\u016bt\u012bjumi, kas veikti pirms sl\u0113g\u0161anas, tiks apstr\u0101d\u0101ti un pieg\u0101d\u0101ti k\u0101 ierasts. \u0160is l\u0113mums nav saist\u012bts ar izmai\u0146\u0101m m\u016bsu produktos vai v\u0113rt\u012bb\u0101s. Esam nol\u0113mu\u0161i piln\u012bb\u0101 koncentr\u0113ties uz B2B darb\u012bbu un cie\u0161\u0101ku sadarb\u012bbu ar m\u016bsu izplat\u012bt\u0101jiem, lai Millamore produkti jums b\u016btu v\u0113l \u0113rt\u0101k pieejami caur viet\u0113jiem partneriem. [&hellip;]","protected":false},"author":1,"featured_media":0,"parent":0,"menu_order":0,"comment_status":"closed","ping_status":"closed","template":"page-templates\/template-store-closed.php","meta":{"_acf_changed":false,"footnotes":""},"class_list":["post-8323","page","type-page","status-publish","hentry"],"acf":[],"yoast_head":"<!-- This site is optimized with the Yoast SEO plugin v23.8 - https:\/\/yoast.com\/wordpress\/plugins\/seo\/ -->\n<title>Millamore e-veikals ir sl\u0113gts no 02.03 - Millamore Latvia<\/title>\n<meta name=\"robots\" content=\"index, follow, max-snippet:-1, max-image-preview:large, max-video-preview:-1\" \/>\n<link rel=\"canonical\" href=\"https:\/\/millamore.com\/lv\/store-closed\/\" \/>\n<meta property=\"og:locale\" content=\"lv_LV\" \/>\n<meta property=\"og:type\" content=\"article\" \/>\n<meta property=\"og:title\" content=\"Millamore e-veikals ir sl\u0113gts no 02.03 - Millamore Latvia\" \/>\n<meta property=\"og:description\" content=\"V\u0113lamies inform\u0113t, ka no 02.03 Millamore e-veikals ir sl\u0113gts. Visi pas\u016bt\u012bjumi, kas veikti pirms sl\u0113g\u0161anas, tiks apstr\u0101d\u0101ti un pieg\u0101d\u0101ti k\u0101 ierasts. \u0160is l\u0113mums nav saist\u012bts ar izmai\u0146\u0101m m\u016bsu produktos vai v\u0113rt\u012bb\u0101s. Esam nol\u0113mu\u0161i piln\u012bb\u0101 koncentr\u0113ties uz B2B darb\u012bbu un cie\u0161\u0101ku sadarb\u012bbu ar m\u016bsu izplat\u012bt\u0101jiem, lai Millamore produkti jums b\u016btu v\u0113l \u0113rt\u0101k pieejami caur viet\u0113jiem partneriem. [&hellip;]\" \/>\n<meta property=\"og:url\" content=\"https:\/\/millamore.com\/lv\/store-closed\/\" \/>\n<meta property=\"og:site_name\" content=\"Millamore Latvia\" \/>\n<meta property=\"article:modified_time\" content=\"2026-03-02T08:44:45+00:00\" \/>\n<meta name=\"twitter:card\" content=\"summary_large_image\" \/>\n<meta name=\"twitter:label1\" content=\"Est. reading time\" \/>\n\t<meta name=\"twitter:data1\" content=\"1 minute\" \/>\n<script type=\"application\/ld+json\" class=\"yoast-schema-graph\">{\"@context\":\"https:\/\/schema.org\",\"@graph\":[{\"@type\":\"WebPage\",\"@id\":\"https:\/\/millamore.com\/lv\/store-closed\/\",\"url\":\"https:\/\/millamore.com\/lv\/store-closed\/\",\"name\":\"Millamore e-veikals ir sl\u0113gts no 02.03 - Millamore Latvia\",\"isPartOf\":{\"@id\":\"https:\/\/millamore.com\/lv\/#website\"},\"datePublished\":\"2026-03-02T08:11:29+00:00\",\"dateModified\":\"2026-03-02T08:44:45+00:00\",\"breadcrumb\":{\"@id\":\"https:\/\/millamore.com\/lv\/store-closed\/#breadcrumb\"},\"inLanguage\":\"lv-LV\",\"potentialAction\":[{\"@type\":\"ReadAction\",\"target\":[\"https:\/\/millamore.com\/lv\/store-closed\/\"]}]},{\"@type\":\"BreadcrumbList\",\"@id\":\"https:\/\/millamore.com\/lv\/store-closed\/#breadcrumb\",\"itemListElement\":[{\"@type\":\"ListItem\",\"position\":1,\"name\":\"Home\",\"item\":\"https:\/\/millamore.com\/lv\/\"},{\"@type\":\"ListItem\",\"position\":2,\"name\":\"Millamore e-veikals ir sl\u0113gts no 02.03\"}]},{\"@type\":\"WebSite\",\"@id\":\"https:\/\/millamore.com\/lv\/#website\",\"url\":\"https:\/\/millamore.com\/lv\/\",\"name\":\"Millamore Latvia\",\"description\":\"\",\"potentialAction\":[{\"@type\":\"SearchAction\",\"target\":{\"@type\":\"EntryPoint\",\"urlTemplate\":\"https:\/\/millamore.com\/lv\/?s={search_term_string}\"},\"query-input\":{\"@type\":\"PropertyValueSpecification\",\"valueRequired\":true,\"valueName\":\"search_term_string\"}}],\"inLanguage\":\"lv-LV\"}]}<\/script>\n<!-- \/ Yoast SEO plugin. -->","yoast_head_json":{"title":"Millamore e-veikals ir sl\u0113gts no 02.03 - Millamore Latvia","robots":{"index":"index","follow":"follow","max-snippet":"max-snippet:-1","max-image-preview":"max-image-preview:large","max-video-preview":"max-video-preview:-1"},"canonical":"https:\/\/millamore.com\/lv\/store-closed\/","og_locale":"lv_LV","og_type":"article","og_title":"Millamore e-veikals ir sl\u0113gts no 02.03 - Millamore Latvia","og_description":"V\u0113lamies inform\u0113t, ka no 02.03 Millamore e-veikals ir sl\u0113gts. Visi pas\u016bt\u012bjumi, kas veikti pirms sl\u0113g\u0161anas, tiks apstr\u0101d\u0101ti un pieg\u0101d\u0101ti k\u0101 ierasts. \u0160is l\u0113mums nav saist\u012bts ar izmai\u0146\u0101m m\u016bsu produktos vai v\u0113rt\u012bb\u0101s. Esam nol\u0113mu\u0161i piln\u012bb\u0101 koncentr\u0113ties uz B2B darb\u012bbu un cie\u0161\u0101ku sadarb\u012bbu ar m\u016bsu izplat\u012bt\u0101jiem, lai Millamore produkti jums b\u016btu v\u0113l \u0113rt\u0101k pieejami caur viet\u0113jiem partneriem. [&hellip;]","og_url":"https:\/\/millamore.com\/lv\/store-closed\/","og_site_name":"Millamore Latvia","article_modified_time":"2026-03-02T08:44:45+00:00","twitter_card":"summary_large_image","twitter_misc":{"Est. reading time":"1 minute"},"schema":{"@context":"https:\/\/schema.org","@graph":[{"@type":"WebPage","@id":"https:\/\/millamore.com\/lv\/store-closed\/","url":"https:\/\/millamore.com\/lv\/store-closed\/","name":"Millamore e-veikals ir sl\u0113gts no 02.03 - Millamore Latvia","isPartOf":{"@id":"https:\/\/millamore.com\/lv\/#website"},"datePublished":"2026-03-02T08:11:29+00:00","dateModified":"2026-03-02T08:44:45+00:00","breadcrumb":{"@id":"https:\/\/millamore.com\/lv\/store-closed\/#breadcrumb"},"inLanguage":"lv-LV","potentialAction":[{"@type":"ReadAction","target":["https:\/\/millamore.com\/lv\/store-closed\/"]}]},{"@type":"BreadcrumbList","@id":"https:\/\/millamore.com\/lv\/store-closed\/#breadcrumb","itemListElement":[{"@type":"ListItem","position":1,"name":"Home","item":"https:\/\/millamore.com\/lv\/"},{"@type":"ListItem","position":2,"name":"Millamore e-veikals ir sl\u0113gts no 02.03"}]},{"@type":"WebSite","@id":"https:\/\/millamore.com\/lv\/#website","url":"https:\/\/millamore.com\/lv\/","name":"Millamore Latvia","description":"","potentialAction":[{"@type":"SearchAction","target":{"@type":"EntryPoint","urlTemplate":"https:\/\/millamore.com\/lv\/?s={search_term_string}"},"query-input":{"@type":"PropertyValueSpecification","valueRequired":true,"valueName":"search_term_string"}}],"inLanguage":"lv-LV"}]}},"_links":{"self":[{"href":"https:\/\/millamore.com\/lv\/wp-json\/wp\/v2\/pages\/8323","targetHints":{"allow":["GET"]}}],"collection":[{"href":"https:\/\/millamore.com\/lv\/wp-json\/wp\/v2\/pages"}],"about":[{"href":"https:\/\/millamore.com\/lv\/wp-json\/wp\/v2\/types\/page"}],"author":[{"embeddable":true,"href":"https:\/\/millamore.com\/lv\/wp-json\/wp\/v2\/users\/1"}],"replies":[{"embeddable":true,"href":"https:\/\/millamore.com\/lv\/wp-json\/wp\/v2\/comments?post=8323"}],"version-history":[{"count":1,"href":"https:\/\/millamore.com\/lv\/wp-json\/wp\/v2\/pages\/8323\/revisions"}],"predecessor-version":[{"id":8324,"href":"https:\/\/millamore.com\/lv\/wp-json\/wp\/v2\/pages\/8323\/revisions\/8324"}],"wp:attachment":[{"href":"https:\/\/millamore.com\/lv\/wp-json\/wp\/v2\/media?parent=8323"}],"curies":[{"name":"wp","href":"https:\/\/api.w.org\/{rel}","templated":true}]}}