{"id":7272,"date":"2021-10-01T16:25:36","date_gmt":"2021-10-01T13:25:36","guid":{"rendered":"https:\/\/millamore.com\/lv\/hakka-edasimuujaks\/"},"modified":"2022-03-15T09:00:45","modified_gmt":"2022-03-15T09:00:45","slug":"klusti-par-partneri","status":"publish","type":"page","link":"https:\/\/millamore.com\/lv\/klusti-par-partneri\/","title":{"rendered":"K\u013c\u016bsti par partneri"},"content":{"rendered":"\n<h1 class=\"has-text-align-center wp-block-heading\" id=\"hakka-edasimuujaks\">K\u013c\u016bsti par partneri<\/h1>\n\n\n\n<p>Millamore ar vair\u0101k nek\u0101 38 gadu pieredzi un partneriem vair\u0101k k\u0101 20 valst\u012bs ir par\u0101d\u012bjis, ka esam ap\u0146\u0113mu\u0161ies r\u016bp\u0113ties par mazo dz\u012bvnieku labsaj\u016btu vis\u0101 pasaul\u0113. M\u016bsu misija ir nodro\u0161in\u0101t dabisku un vesel\u012bgu dz\u012bvesveidu mazajiem dz\u012bvniekiem ar augstas kvalit\u0101tes un 100% dab\u012bgiem produktiem.<\/p>\n\n\n\n<p>Ja v\u0113laties k\u013c\u016bt par Millamore produktu izplat\u012bt\u0101ju, j\u016bs k\u013c\u016bsiet par v\u0113l vienu Millamore partneru un fanu saimes locekli, kur\u0101 ietilpst dal\u012bbnieki no Eiropas, \u0100zijas un Zieme\u013camerikas.<\/p>\n\n\n\n<p>Ja v\u0113laties k\u013c\u016bt par Millamore produktu izplat\u012bt\u0101ju, l\u016bdzu, aizpildiet zem\u0101k eso\u0161o sazi\u0146as veidlapu:<\/p>\n\n\n<div id=\"contact-block-block_61570a8f47eb5\" class=\"contact-block\">\n        \n    \n\t\t\t<div class=\"form-wrap fade-in-up\">\n            \t\t\t    <img loading=\"lazy\" decoding=\"async\" class=\"leaf\" src=\"https:\/\/millamore.com\/lv\/wp-content\/themes\/millamore-store\/images\/icons\/leht.svg\" alt=\"Theme Image Leaf\" width=\"56\" height=\"48\">\n            \t\t\t\n            \t\t\t\t<h2>SAZI\u0145AS VEIDLAPA<\/h2>\n\t\t\t\n\t\t\t\n<div class=\"wpcf7 no-js\" id=\"wpcf7-f7276-o1\" lang=\"en-US\" dir=\"ltr\" data-wpcf7-id=\"7276\">\n<div class=\"screen-reader-response\"><p role=\"status\" aria-live=\"polite\" aria-atomic=\"true\"><\/p> <ul><\/ul><\/div>\n<form action=\"\/lv\/wp-json\/wp\/v2\/pages\/7272#wpcf7-f7276-o1\" method=\"post\" class=\"wpcf7-form init\" aria-label=\"Contact form\" novalidate=\"novalidate\" data-status=\"init\">\n<div style=\"display: none;\">\n<input type=\"hidden\" name=\"_wpcf7\" value=\"7276\" \/>\n<input type=\"hidden\" name=\"_wpcf7_version\" value=\"6.0\" \/>\n<input type=\"hidden\" name=\"_wpcf7_locale\" value=\"en_US\" \/>\n<input type=\"hidden\" name=\"_wpcf7_unit_tag\" value=\"wpcf7-f7276-o1\" \/>\n<input type=\"hidden\" name=\"_wpcf7_container_post\" value=\"0\" \/>\n<input type=\"hidden\" name=\"_wpcf7_posted_data_hash\" value=\"\" \/>\n<\/div>\n<div class=\"col col-12 col-lg-6 d-flex flex-column\">\n\t<p><label class=\"d-flex flex-column\">V\u0101rds <span class=\"wpcf7-form-control-wrap\" data-name=\"your-name\"><input size=\"40\" maxlength=\"400\" class=\"wpcf7-form-control wpcf7-text wpcf7-validates-as-required\" aria-required=\"true\" aria-invalid=\"false\" placeholder=\"V\u0101rds, uzv\u0101rds\" value=\"\" type=\"text\" name=\"your-name\" \/><\/span><\/label><label class=\"d-flex flex-column\">E-pasts <span class=\"wpcf7-form-control-wrap\" data-name=\"your-email\"><input size=\"40\" maxlength=\"400\" class=\"wpcf7-form-control wpcf7-email wpcf7-validates-as-required wpcf7-text wpcf7-validates-as-email\" aria-required=\"true\" aria-invalid=\"false\" placeholder=\"J\u016bsu e-pasta adrese\" value=\"\" type=\"email\" name=\"your-email\" \/><\/span><\/label><label class=\"d-flex flex-column\">Organiz\u0101cija <span class=\"wpcf7-form-control-wrap\" data-name=\"your-organization\"><input size=\"40\" maxlength=\"400\" class=\"wpcf7-form-control wpcf7-text wpcf7-validates-as-required\" aria-required=\"true\" aria-invalid=\"false\" placeholder=\"J\u016bsu uz\u0146\u0113muma\/organiz\u0101cijas nosaukums\" value=\"\" type=\"text\" name=\"your-organization\" \/><\/span><\/label>\n\t<\/p>\n<\/div>\n<div class=\"col col-12 col-lg-6 d-flex flex-column\">\n\t<p><label class=\"d-flex flex-column\">Zi\u0146a <span class=\"wpcf7-form-control-wrap\" data-name=\"your-message\"><textarea cols=\"40\" rows=\"10\" maxlength=\"2000\" class=\"wpcf7-form-control wpcf7-textarea wpcf7-validates-as-required\" aria-required=\"true\" aria-invalid=\"false\" placeholder=\"Pievienojiet savu zi\u0146ojumu, ja iesp\u0113jams, uz\u0146\u0113muma \/ organiz\u0101cijas t\u012bmek\u013ca adresi\" name=\"your-message\"><\/textarea><\/span><\/label><input class=\"wpcf7-form-control wpcf7-submit has-spinner\" type=\"submit\" value=\"S\u016bt\u012bt\" \/>\n\t<\/p>\n<\/div><div class=\"wpcf7-response-output\" aria-hidden=\"true\"><\/div>\n<\/form>\n<\/div>\n\t\t<\/div>\n\t<\/div>","protected":false},"excerpt":{"rendered":"K\u013c\u016bsti par partneri Millamore ar vair\u0101k nek\u0101 38 gadu pieredzi un partneriem vair\u0101k k\u0101 20 valst\u012bs ir par\u0101d\u012bjis, ka esam ap\u0146\u0113mu\u0161ies r\u016bp\u0113ties par mazo dz\u012bvnieku labsaj\u016btu vis\u0101 pasaul\u0113. M\u016bsu misija ir nodro\u0161in\u0101t dabisku un vesel\u012bgu dz\u012bvesveidu mazajiem dz\u012bvniekiem ar augstas kvalit\u0101tes un 100% dab\u012bgiem produktiem. Ja v\u0113laties k\u013c\u016bt par Millamore produktu izplat\u012bt\u0101ju, j\u016bs k\u013c\u016bsiet par [&hellip;]","protected":false},"author":1,"featured_media":4145,"parent":0,"menu_order":0,"comment_status":"closed","ping_status":"closed","template":"page-templates\/template-become-reseller.php","meta":{"_acf_changed":false,"footnotes":""},"class_list":["post-7272","page","type-page","status-publish","has-post-thumbnail","hentry"],"acf":[],"yoast_head":"<!-- This site is optimized with the Yoast SEO plugin v23.8 - https:\/\/yoast.com\/wordpress\/plugins\/seo\/ -->\n<title>K\u013c\u016bsti par partneri - Millamore<\/title>\n<meta name=\"robots\" content=\"index, follow, max-snippet:-1, max-image-preview:large, max-video-preview:-1\" \/>\n<link rel=\"canonical\" href=\"https:\/\/millamore.com\/lv\/klusti-par-partneri\/\" \/>\n<meta property=\"og:locale\" content=\"lv_LV\" \/>\n<meta property=\"og:type\" content=\"article\" \/>\n<meta property=\"og:title\" content=\"K\u013c\u016bsti par partneri - Millamore\" \/>\n<meta property=\"og:description\" content=\"K\u013c\u016bsti par partneri Millamore ar vair\u0101k nek\u0101 38 gadu pieredzi un partneriem vair\u0101k k\u0101 20 valst\u012bs ir par\u0101d\u012bjis, ka esam ap\u0146\u0113mu\u0161ies r\u016bp\u0113ties par mazo dz\u012bvnieku labsaj\u016btu vis\u0101 pasaul\u0113. M\u016bsu misija ir nodro\u0161in\u0101t dabisku un vesel\u012bgu dz\u012bvesveidu mazajiem dz\u012bvniekiem ar augstas kvalit\u0101tes un 100% dab\u012bgiem produktiem. Ja v\u0113laties k\u013c\u016bt par Millamore produktu izplat\u012bt\u0101ju, j\u016bs k\u013c\u016bsiet par [&hellip;]\" \/>\n<meta property=\"og:url\" content=\"https:\/\/millamore.com\/lv\/klusti-par-partneri\/\" \/>\n<meta property=\"og:site_name\" content=\"Millamore Latvia\" \/>\n<meta property=\"article:modified_time\" content=\"2022-03-15T09:00:45+00:00\" \/>\n<meta property=\"og:image\" content=\"https:\/\/millamore.com\/lv\/wp-content\/uploads\/sites\/5\/2021\/10\/Group-5-scaled.jpg\" \/>\n\t<meta property=\"og:image:width\" content=\"2560\" \/>\n\t<meta property=\"og:image:height\" content=\"695\" \/>\n\t<meta property=\"og:image:type\" content=\"image\/jpeg\" \/>\n<meta name=\"twitter:card\" content=\"summary_large_image\" \/>\n<meta name=\"twitter:label1\" content=\"Est. reading time\" \/>\n\t<meta name=\"twitter:data1\" content=\"1 minute\" \/>\n<script type=\"application\/ld+json\" class=\"yoast-schema-graph\">{\"@context\":\"https:\/\/schema.org\",\"@graph\":[{\"@type\":\"WebPage\",\"@id\":\"https:\/\/millamore.com\/lv\/klusti-par-partneri\/\",\"url\":\"https:\/\/millamore.com\/lv\/klusti-par-partneri\/\",\"name\":\"K\u013c\u016bsti par partneri - Millamore\",\"isPartOf\":{\"@id\":\"https:\/\/millamore.com\/lv\/#website\"},\"primaryImageOfPage\":{\"@id\":\"https:\/\/millamore.com\/lv\/klusti-par-partneri\/#primaryimage\"},\"image\":{\"@id\":\"https:\/\/millamore.com\/lv\/klusti-par-partneri\/#primaryimage\"},\"thumbnailUrl\":\"https:\/\/millamore.com\/lv\/wp-content\/uploads\/sites\/5\/2021\/10\/Group-5-scaled.jpg\",\"datePublished\":\"2021-10-01T13:25:36+00:00\",\"dateModified\":\"2022-03-15T09:00:45+00:00\",\"breadcrumb\":{\"@id\":\"https:\/\/millamore.com\/lv\/klusti-par-partneri\/#breadcrumb\"},\"inLanguage\":\"lv-LV\",\"potentialAction\":[{\"@type\":\"ReadAction\",\"target\":[\"https:\/\/millamore.com\/lv\/klusti-par-partneri\/\"]}]},{\"@type\":\"ImageObject\",\"inLanguage\":\"lv-LV\",\"@id\":\"https:\/\/millamore.com\/lv\/klusti-par-partneri\/#primaryimage\",\"url\":\"https:\/\/millamore.com\/lv\/wp-content\/uploads\/sites\/5\/2021\/10\/Group-5-scaled.jpg\",\"contentUrl\":\"https:\/\/millamore.com\/lv\/wp-content\/uploads\/sites\/5\/2021\/10\/Group-5-scaled.jpg\",\"width\":2560,\"height\":695},{\"@type\":\"BreadcrumbList\",\"@id\":\"https:\/\/millamore.com\/lv\/klusti-par-partneri\/#breadcrumb\",\"itemListElement\":[{\"@type\":\"ListItem\",\"position\":1,\"name\":\"Home\",\"item\":\"https:\/\/millamore.com\/lv\/\"},{\"@type\":\"ListItem\",\"position\":2,\"name\":\"K\u013c\u016bsti par partneri\"}]},{\"@type\":\"WebSite\",\"@id\":\"https:\/\/millamore.com\/lv\/#website\",\"url\":\"https:\/\/millamore.com\/lv\/\",\"name\":\"Millamore Latvia\",\"description\":\"\",\"potentialAction\":[{\"@type\":\"SearchAction\",\"target\":{\"@type\":\"EntryPoint\",\"urlTemplate\":\"https:\/\/millamore.com\/lv\/?s={search_term_string}\"},\"query-input\":{\"@type\":\"PropertyValueSpecification\",\"valueRequired\":true,\"valueName\":\"search_term_string\"}}],\"inLanguage\":\"lv-LV\"}]}<\/script>\n<!-- \/ Yoast SEO plugin. -->","yoast_head_json":{"title":"K\u013c\u016bsti par partneri - Millamore","robots":{"index":"index","follow":"follow","max-snippet":"max-snippet:-1","max-image-preview":"max-image-preview:large","max-video-preview":"max-video-preview:-1"},"canonical":"https:\/\/millamore.com\/lv\/klusti-par-partneri\/","og_locale":"lv_LV","og_type":"article","og_title":"K\u013c\u016bsti par partneri - Millamore","og_description":"K\u013c\u016bsti par partneri Millamore ar vair\u0101k nek\u0101 38 gadu pieredzi un partneriem vair\u0101k k\u0101 20 valst\u012bs ir par\u0101d\u012bjis, ka esam ap\u0146\u0113mu\u0161ies r\u016bp\u0113ties par mazo dz\u012bvnieku labsaj\u016btu vis\u0101 pasaul\u0113. M\u016bsu misija ir nodro\u0161in\u0101t dabisku un vesel\u012bgu dz\u012bvesveidu mazajiem dz\u012bvniekiem ar augstas kvalit\u0101tes un 100% dab\u012bgiem produktiem. Ja v\u0113laties k\u013c\u016bt par Millamore produktu izplat\u012bt\u0101ju, j\u016bs k\u013c\u016bsiet par [&hellip;]","og_url":"https:\/\/millamore.com\/lv\/klusti-par-partneri\/","og_site_name":"Millamore Latvia","article_modified_time":"2022-03-15T09:00:45+00:00","og_image":[{"width":2560,"height":695,"url":"https:\/\/millamore.com\/lv\/wp-content\/uploads\/sites\/5\/2021\/10\/Group-5-scaled.jpg","type":"image\/jpeg"}],"twitter_card":"summary_large_image","twitter_misc":{"Est. reading time":"1 minute"},"schema":{"@context":"https:\/\/schema.org","@graph":[{"@type":"WebPage","@id":"https:\/\/millamore.com\/lv\/klusti-par-partneri\/","url":"https:\/\/millamore.com\/lv\/klusti-par-partneri\/","name":"K\u013c\u016bsti par partneri - Millamore","isPartOf":{"@id":"https:\/\/millamore.com\/lv\/#website"},"primaryImageOfPage":{"@id":"https:\/\/millamore.com\/lv\/klusti-par-partneri\/#primaryimage"},"image":{"@id":"https:\/\/millamore.com\/lv\/klusti-par-partneri\/#primaryimage"},"thumbnailUrl":"https:\/\/millamore.com\/lv\/wp-content\/uploads\/sites\/5\/2021\/10\/Group-5-scaled.jpg","datePublished":"2021-10-01T13:25:36+00:00","dateModified":"2022-03-15T09:00:45+00:00","breadcrumb":{"@id":"https:\/\/millamore.com\/lv\/klusti-par-partneri\/#breadcrumb"},"inLanguage":"lv-LV","potentialAction":[{"@type":"ReadAction","target":["https:\/\/millamore.com\/lv\/klusti-par-partneri\/"]}]},{"@type":"ImageObject","inLanguage":"lv-LV","@id":"https:\/\/millamore.com\/lv\/klusti-par-partneri\/#primaryimage","url":"https:\/\/millamore.com\/lv\/wp-content\/uploads\/sites\/5\/2021\/10\/Group-5-scaled.jpg","contentUrl":"https:\/\/millamore.com\/lv\/wp-content\/uploads\/sites\/5\/2021\/10\/Group-5-scaled.jpg","width":2560,"height":695},{"@type":"BreadcrumbList","@id":"https:\/\/millamore.com\/lv\/klusti-par-partneri\/#breadcrumb","itemListElement":[{"@type":"ListItem","position":1,"name":"Home","item":"https:\/\/millamore.com\/lv\/"},{"@type":"ListItem","position":2,"name":"K\u013c\u016bsti par partneri"}]},{"@type":"WebSite","@id":"https:\/\/millamore.com\/lv\/#website","url":"https:\/\/millamore.com\/lv\/","name":"Millamore Latvia","description":"","potentialAction":[{"@type":"SearchAction","target":{"@type":"EntryPoint","urlTemplate":"https:\/\/millamore.com\/lv\/?s={search_term_string}"},"query-input":{"@type":"PropertyValueSpecification","valueRequired":true,"valueName":"search_term_string"}}],"inLanguage":"lv-LV"}]}},"_links":{"self":[{"href":"https:\/\/millamore.com\/lv\/wp-json\/wp\/v2\/pages\/7272","targetHints":{"allow":["GET"]}}],"collection":[{"href":"https:\/\/millamore.com\/lv\/wp-json\/wp\/v2\/pages"}],"about":[{"href":"https:\/\/millamore.com\/lv\/wp-json\/wp\/v2\/types\/page"}],"author":[{"embeddable":true,"href":"https:\/\/millamore.com\/lv\/wp-json\/wp\/v2\/users\/1"}],"replies":[{"embeddable":true,"href":"https:\/\/millamore.com\/lv\/wp-json\/wp\/v2\/comments?post=7272"}],"version-history":[{"count":4,"href":"https:\/\/millamore.com\/lv\/wp-json\/wp\/v2\/pages\/7272\/revisions"}],"predecessor-version":[{"id":7278,"href":"https:\/\/millamore.com\/lv\/wp-json\/wp\/v2\/pages\/7272\/revisions\/7278"}],"wp:featuredmedia":[{"embeddable":true,"href":"https:\/\/millamore.com\/lv\/wp-json\/wp\/v2\/media\/4145"}],"wp:attachment":[{"href":"https:\/\/millamore.com\/lv\/wp-json\/wp\/v2\/media?parent=7272"}],"curies":[{"name":"wp","href":"https:\/\/api.w.org\/{rel}","templated":true}]}}