{"id":7173,"date":"2021-05-17T13:29:25","date_gmt":"2021-05-17T10:29:25","guid":{"rendered":"https:\/\/millamore.com\/lv\/privaatsuspoliitika\/"},"modified":"2022-03-15T09:01:40","modified_gmt":"2022-03-15T09:01:40","slug":"privatuma-politika-un-sikdatnes","status":"publish","type":"page","link":"https:\/\/millamore.com\/lv\/privatuma-politika-un-sikdatnes\/","title":{"rendered":"Priv\u0101tuma politika un s\u012bkdatnes"},"content":{"rendered":"\n<p><strong><strong>PRIV\u0100TUMA POLITIKA<\/strong><\/strong><\/p>\n\n\n\n<p><strong>1. <strong>Ievads<\/strong><\/strong><\/p>\n\n\n\n<p>Tapvei Estonia O\u00dc, re\u0123. kods 10431089, adrese: Paekna, Kiili pagasts, Harjumaa 75408, Igaunija (turpm\u0101k: p\u0101rzinis), apstr\u0101d\u0101 personas datus, kas ieg\u016bti no datu subjekta &#8211; t\u012bmek\u013ca vietnes lietot\u0101ja (turpm\u0101k: lietot\u0101js) vietn\u0113 www.millamore.com ( turpm\u0101k: vietne).<\/p>\n\n\n\n<p>P\u0101rzinis nodro\u0161ina lietot\u0101ja priv\u0101tuma un personas datu aizsardz\u012bbu un respekt\u0113 lietot\u0101ja ties\u012bbas uz personas datu apstr\u0101des likum\u012bbu saska\u0146\u0101 ar \u0161\u0101diem piem\u0113rojamiem ties\u012bbu aktiem: Eiropas Parlamenta un Padomes 2016. gada 27. apr\u012b\u013ca Regula 2016\/679 par fizisku personu aizsardz\u012bbu attiec\u012bb\u0101 uz personas datu apstr\u0101di un \u0161\u0101du datu br\u012bvu apriti, un citiem piem\u0113rojamiem priv\u0101tuma un datu apstr\u0101des normat\u012bvajiem aktiem.<\/p>\n\n\n\n<p>Priv\u0101tuma politika attiecas uz datu apstr\u0101di neatkar\u012bgi no t\u0101, k\u0101d\u0101 form\u0101 un\/vai vid\u0113 lietot\u0101js iesniedz savus personas datus (t\u012bmek\u013ca vietn\u0113, pap\u012bra form\u0101 vai telefoniski).<\/p>\n\n\n\n<p><strong><strong>2. P\u0101rzinis un vi\u0146a kontaktinform\u0101cija<\/strong><\/strong><\/p>\n\n\n\n<p>Galvenais apstr\u0101d\u0101t\u0101js ir Tapvei Estonia O\u00dc, re\u0123. kods 10431089, adrese: Paekna, Kiili pag., Harju apri\u0146\u0137is 75408, Igaunija. Vietne: www.millamore.com, e-pasts: <a href=\"mailto:info@millamore.com\">info@millamore.com<\/a>, t\u0101lrunis: +372&nbsp;515 7504.<\/p>\n\n\n\n<p><strong>3. <strong>Apstr\u0101des m\u0113r\u0137i<\/strong><\/strong><\/p>\n\n\n\n<p>Kad lietot\u0101js, izmantojot vietnes sazi\u0146as veidlapas, e-pastu vai pasta adresi, p\u0101rzinim sniedz savus personas datus, piem\u0113ram, v\u0101rdu un uzv\u0101rdu, e-pasta vai pasta adresi, t\u0101lru\u0146a numuru, person\u012bg\u0101s zi\u0146as utt., p\u0101rzinis saglab\u0101 un izmanto \u0161o inform\u0101ciju, lai pabeigtu vai nosl\u0113gtu atbilsto\u0161u pakalpojumu l\u012bgumu.<\/p>\n\n\n\n<p>P\u0101rzinim \u0161ie dati ir j\u0101apstr\u0101d\u0101, lai identific\u0113tu klientu, noform\u0113tu un nosl\u0113gtu l\u012bgumu un pier\u0101d\u012btu l\u012bguma nosl\u0113g\u0161anu, nodro\u0161in\u0101tu un uztur\u0113tu pakalpojumu, apkalpotu klientu, izskat\u012btu un apstr\u0101d\u0101tu pieteikumus un pretenzijas, p\u0101rvald\u012btu r\u0113\u0137inus un citiem m\u0113r\u0137iem kas tie\u0161i saist\u012bti ar l\u012bguma nosl\u0113g\u0161anu vai izpildi.<\/p>\n\n\n\n<p>Ja lietot\u0101js, re\u0123istr\u0113joties vietn\u0113, iep\u0113rkoties bez re\u0123istr\u0101cijas vai abon\u0113jot jaunumu sa\u0146em\u0161anu, ir piekritis tie\u0161\u0101 m\u0101rketinga pied\u0101v\u0101jumu sa\u0146em\u0161anai, p\u0101rzinis apstr\u0101d\u0101 iesniegtos datus, p\u0101rs\u016btot lietot\u0101jam attiec\u012bgos tie\u0161\u0101 m\u0101rketinga pied\u0101v\u0101jumus.<\/p>\n\n\n\n<p><strong>4. <strong>Personas datu kategorijas<\/strong><\/strong><\/p>\n\n\n\n<p>Personas datu kategorijas: v\u0101rds un uzv\u0101rds, e-pasta vai pasta adrese, IP adrese, t\u0101lru\u0146a numurs, zi\u0146as vai v\u0113stules saturs u.c.<\/p>\n\n\n\n<p><strong>5. <strong>Personas datu sa\u0146\u0113m\u0113ju kategorijas<\/strong><\/strong><\/p>\n\n\n\n<p>Dati tiek izpausti tiem p\u0101rzi\u0146a darbiniekiem, kuriem tie nepiecie\u0161ami tie\u0161o pien\u0101kumu veik\u0161anai un attiec\u012bg\u0101 pakalpojuma l\u012bguma izpildei vai nosl\u0113g\u0161anai.<\/p>\n\n\n\n<p>Sa\u0146emot un izmantojot personas datus, p\u0101rzinis var izmantot \u0101rpakalpojumu sniedz\u0113ju pakalpojumus, kuri stingri iev\u0113ro p\u0101rzi\u0146a nor\u0101d\u012bjumus saska\u0146\u0101 ar l\u012bgumu un kurus p\u0101rzinis past\u0101v\u012bgi uzrauga pirms un p\u0113c pakalpojuma izmanto\u0161anas.<\/p>\n\n\n\n<p><strong>6. <strong>Datu subjektu kategorijas<\/strong><\/strong><\/p>\n\n\n\n<p>Datu subjektu kategorijas: eso\u0161ie, biju\u0161ie un potenci\u0101lie p\u0101rzi\u0146a klienti.<\/p>\n\n\n\n<p><strong>7. <strong>Datu p\u0101rs\u016bt\u012b\u0161ana \u0101rpus Igaunijas<\/strong><\/strong><\/p>\n\n\n\n<p>M\u0113s varam nodot ieg\u016bto inform\u0101ciju tre\u0161aj\u0101m person\u0101m, kas pal\u012bdz P\u0101rzinim tie\u0161aj\u0101 m\u0101rketing\u0101, vietnes administr\u0113\u0161an\u0101 vai vietnes funkciju att\u012bst\u012bb\u0101. M\u0113s ar\u012b izmantojam Google, Facebook un citus pakalpojumu sniedz\u0113jus rekl\u0101m\u0101m tie\u0161saist\u0113. Par \u0161o pakalpojumu sniedz\u0113ju datu aizsardz\u012bbas politik\u0101m, apkopotajiem datiem un personas datu apstr\u0101di varat iepaz\u012bties pakalpojumu sniedz\u0113ju t\u012bmek\u013ca vietn\u0113s &#8211;  <a href=\"https:\/\/www.facebook.com\/policies\/ads\" target=\"_blank\" rel=\"noreferrer noopener\">https:\/\/www.facebook.com\/policies\/ads<\/a> un <a href=\"https:\/\/policies.google.com\/technologies\/ads\" target=\"_blank\" rel=\"noreferrer noopener\">https:\/\/policies.google.com\/technologies\/ads<\/a>.<\/p>\n\n\n\n<p><strong>8. <strong>Datu saglab\u0101\u0161anas periods<\/strong><\/strong><\/p>\n\n\n\n<p>Ja datu aizsardz\u012bbas pamatnost\u0101dn\u0113s nav noteikts cit\u0101di, p\u0101rzinis dz\u0113\u0161 personas datus ne v\u0113l\u0101k k\u0101 divpadsmit m\u0113ne\u0161us p\u0113c tam, kad vairs nepast\u0101v s\u0101kotn\u0113j\u0101 iemesla glab\u0101\u0161anai, ja vien \u0161\u0101du datu saglab\u0101\u0161anu nenosaka juridisks pien\u0101kums (piem\u0113ram, gr\u0101matved\u012bbas vai tiesved\u012bbas uztur\u0113\u0161anai).<\/p>\n\n\n\n<p><strong>9. <strong>Datu subjekta ties\u012bbas piek\u013c\u016bt personas datiem<\/strong><\/strong><\/p>\n\n\n\n<p>Datu subjektam ir ties\u012bbas viena m\u0113ne\u0161a laik\u0101 no attiec\u012bg\u0101 piepras\u012bjuma iesnieg\u0161anas dienas iepaz\u012bties ar saviem personas datiem.<\/p>\n\n\n\n<p>Lai \u012bstenotu savas ties\u012bbas, lietot\u0101js var iesniegt piepras\u012bjumu rakstveid\u0101 p\u0101rzi\u0146a juridiskaj\u0101 adres\u0113 (iesniedzot personu apliecino\u0161u dokumentu) vai e-past\u0101, parakstot piepras\u012bjumu ar digit\u0101lo parakstu.<\/p>\n\n\n\n<p>Kad p\u0101rzinis sa\u0146em no lietot\u0101ja piepras\u012bjumu par vi\u0146a ties\u012bbu izmanto\u0161anu, p\u0101rzinis p\u0101rbauda lietot\u0101ja identit\u0101ti, izv\u0113rt\u0113 piepras\u012bjumu un izpilda to ties\u012bbu aktos noteiktaj\u0101 k\u0101rt\u012bb\u0101.<\/p>\n\n\n\n<p>Lietot\u0101jam ir ties\u012bbas sa\u0146emt inform\u0101ciju par savu personas datu apstr\u0101di, iepaz\u012bties ar saviem personas datiem, k\u0101 ar\u012b piepras\u012bt p\u0101rzinim papildin\u0101t, labot, dz\u0113st vai ierobe\u017eot apstr\u0101di un iebilst pret apstr\u0101di, cikt\u0101l \u0161\u012bs ties\u012bbas nav pretrun\u0101 ar datu apstr\u0101des m\u0113r\u0137i.<\/p>\n\n\n\n<p>Datu subjektam nav ties\u012bbu sa\u0146emt inform\u0101ciju, ja \u0161o inform\u0101ciju aizliegts izpaust saska\u0146\u0101 ar normat\u012bvajiem aktiem nacion\u0101l\u0101s dro\u0161\u012bbas, valsts aizsardz\u012bbas, sabiedr\u012bbas dro\u0161\u012bbas un krimin\u0101lties\u012bbu jom\u0101, k\u0101 ar\u012b t\u0101d\u0113\u013c, lai nodro\u0161in\u0101tu sabiedr\u012bbas finansi\u0101l\u0101s intereses nodok\u013cu aizsardz\u012bbas, noziedz\u012bgi ieg\u016btu l\u012bdzek\u013cu legaliz\u0101cijas un terorisma finans\u0113\u0161anas nov\u0113r\u0161anas jom\u0101 vai finan\u0161u tirgus dal\u012bbnieku uzraudz\u012bbu un to garantiju sist\u0113mu darb\u012bbu, noregul\u0113juma piem\u0113ro\u0161anu un makroekonomisko anal\u012bzi.<\/p>\n\n\n\n<p><strong>10. <strong>Ties\u012bbas iesniegt s\u016bdz\u012bbu uzraudz\u012bbas iest\u0101dei<\/strong><\/strong><\/p>\n\n\n\n<p>Datu subjektam ir ties\u012bbas iesniegt s\u016bdz\u012bbu Datu aizsardz\u012bbas inspekcij\u0101 Tatari 39, Tallina. Datu aizsardz\u012bbas inspekcija pie\u0146em ar\u012b e-pastus uz <a href=\"mailto:info@aki.ee\" target=\"_blank\" rel=\"noreferrer noopener\">info@aki.ee<\/a>.<\/p>\n\n\n\n<p><strong>11. <strong>Datu aizsardz\u012bbas speci\u0101lista kontaktinform\u0101cija<\/strong><\/strong><\/p>\n\n\n\n<p>Inform\u0101cija par p\u0101rzi\u0146a datu aizsardz\u012bbas inspektoru:<\/p>\n\n\n\n<p>Tapvei Estonia O\u00dc<br>Paekna, Kiili pagasts, Harju apri\u0146\u0137is 75408, Igaunija<br><a href=\"mailto:info@millamore.com\">info@millamore.com<\/a><\/p>\n\n\n\n<div style=\"height:48px\" aria-hidden=\"true\" class=\"wp-block-spacer\"><\/div>\n\n\n\n<p><strong><strong>S\u012aKDAT\u0145U IZMANTO\u0160ANAS PRINCIPI<\/strong><\/strong><\/p>\n\n\n\n<p>1. www.millamore.com (T\u012bmek\u013ca vietne) v\u0101c datus par vietnes apmekl\u0113t\u0101jiem, lai nodro\u0161in\u0101tu vietnes kvalit\u0101ti un izv\u0113rt\u0113tu, k\u0101 vietni uzlabot.<\/p>\n\n\n\n<p>2. Galvenais apstr\u0101d\u0101t\u0101js, kur\u0161 v\u0101c datus par vietnes apmekl\u0113t\u0101jiem, ir Tapvei Estonia O\u00dc, re\u0123. kods 10431089, (turpm\u0101k \u2013 p\u0101rzinis).<\/p>\n\n\n\n<p>3. Galven\u0101 p\u0101rzi\u0146a adrese: Paekna, Kiili pagasts, Harju apri\u0146\u0137is 75408, Igaunija, e-pasts: <a href=\"mailto:info@millamore.com\">info@millamore.com<\/a>, t\u0101lrunis: +372&nbsp;515 7504.<\/p>\n\n\n\n<p>4. P\u0101rzinis nep\u0101rtraukti uzlabo t\u012bmek\u013ca vietni, lai uzlabotu t\u0101s lieto\u0161anu. T\u0101p\u0113c uzskat\u0101m, ka ir svar\u012bgi apkopot inform\u0101ciju par to, k\u0101da inform\u0101cija ir svar\u012bga vietnes apmekl\u0113t\u0101jiem, cik bie\u017ei vi\u0146i to apmekl\u0113, k\u0101das ier\u012bces un p\u0101rl\u016bkprogrammas izmanto, no k\u0101da re\u0123iona n\u0101k un k\u0101du saturu vi\u0146i labpr\u0101t\u0101k lasa.<\/p>\n\n\n\n<p>5. P\u0101rzinis izmanto Google Analytics, kas \u013cauj analiz\u0113t apmekl\u0113t\u0101ja vietnes izmanto\u0161anu. Lai uzzin\u0101tu vair\u0101k par to, k\u0101 darbojas Google Analytics, apmekl\u0113jiet Google vietni <a href=\"https:\/\/support.google.com\/analytics\/answer\/1012034?hl=lten&amp;ref_topic=6157800\" target=\"_blank\" rel=\"noreferrer noopener\">https:\/\/support.google.com\/analytics\/answer\/1012034?hl=lten&amp;ref_topic=6157800<\/a>. P\u0101rzinis izmanto sav\u0101ktos datus, lai lab\u0101k izprastu vietnes apmekl\u0113t\u0101ju vajadz\u012bbas un uzlabotu p\u0101rzi\u0146a atkl\u0101t\u0101s inform\u0101cijas pieejam\u012bbu.<\/p>\n\n\n\n<p>6. Serveris, kur\u0101 atrodas vietne, var saglab\u0101t apmekl\u0113t\u0101ja s\u016bt\u012btos piepras\u012bjumus (izmantot\u0101 ier\u012bce, p\u0101rl\u016bkprogramma, IP adrese, piek\u013cuves datums un laiks). \u0160aj\u0101 sada\u013c\u0101 min\u0113t\u0101 inform\u0101cija tiks izmantota tehniskiem nol\u016bkiem, lai nodro\u0161in\u0101tu pareizu vietnes darb\u012bbu un dro\u0161\u012bbu un izmekl\u0113tu iesp\u0113jamos dro\u0161\u012bbas incidentus. \u0160aj\u0101 punkt\u0101 min\u0113to datu v\u0101k\u0161anas pamat\u0101 ir p\u0101rzi\u0146a le\u0123it\u012bm\u0101 interese nodro\u0161in\u0101t vietnes funkcionalit\u0101ti, pieejam\u012bbu un integrit\u0101ti.<\/p>\n\n\n\n<p>7. S\u012bkdatnes ir nelieli faili, kurus, katru reizi, kad apmekl\u0113t\u0101js apmekl\u0113 vietni, p\u0101rl\u016bkprogramma saglab\u0101 apmekl\u0113t\u0101ja dator\u0101 t\u0101d\u0101 apm\u0113r\u0101, k\u0101 nor\u0101d\u012bts apmekl\u0113t\u0101ja datora p\u0101rl\u016bkprogrammas iestat\u012bjumos. Atsevi\u0161\u0137as s\u012bkdatnes tiek izmantotas, lai atlas\u012btu un piem\u0113rotu apmekl\u0113t\u0101jam pied\u0101v\u0101jamo inform\u0101ciju un rekl\u0101mas, pamatojoties uz saturu, ko apmekl\u0113t\u0101js apl\u016bkojis agr\u0101k, un t\u0101d\u0113j\u0101di veidotu apmekl\u0113t\u0101jiem vietnes lieto\u0161anu vienk\u0101r\u0161u, \u0113rtu un individu\u0101li piem\u0113rotu. Papildu inform\u0101ciju par s\u012bkdatn\u0113m, k\u0101 ar\u012b to dz\u0113\u0161anu un p\u0101rvald\u012b\u0161anu var ieg\u016bt m\u0101jaslap\u0101 <a href=\"http:\/\/www.aboutcookies.org\" target=\"_blank\" rel=\"noreferrer noopener\">www.aboutcookies.org<\/a>.<\/p>\n\n\n\n<p>8. Vietne izmanto s\u012bkdatnes, lai v\u0101ktu lietot\u0101ja IP adreses un p\u0101rl\u016bko\u0161anas datus un \u013cautu vietnei atcer\u0113ties apmekl\u0113t\u0101ja izv\u0113li. S\u012bkdatnes \u013cauj p\u0101rzinim sekot l\u012bdzi vietnes datu pl\u016bsmai un lietot\u0101ju mijiedarb\u012bbai ar vietni \u2013 p\u0101rzinis izmanto \u0161os datus, lai analiz\u0113tu apmekl\u0113t\u0101ju uzved\u012bbu un uzlabotu vietni.<\/p>\n\n\n\n<p>9. M\u0113s ar\u012b izmantojam m\u0101rketinga s\u012bkdatnes, lai izsekotu apmekl\u0113t\u0101ju aktivit\u0101t\u0113m vietn\u0113. \u0160o s\u012bkdat\u0146u m\u0113r\u0137is ir att\u0113lot rekl\u0101mas, kas ir personiskas konkr\u0113tam lietot\u0101jam un t\u0101p\u0113c ir v\u0113rt\u012bg\u0101kas rekl\u0101mdev\u0113jiem.<\/p>\n\n\n\n<p>10. Apmekl\u0113t\u0101js var p\u0101rvald\u012bt un\/vai dz\u0113st s\u012bkdatnes p\u0113c savas izv\u0113les. Pla\u0161\u0101ka inform\u0101cija ir pieejama: <a href=\"http:\/\/www.aboutcookies.org\" target=\"_blank\" rel=\"noreferrer noopener\">www.aboutcookies.org<\/a>. Apmekl\u0113t\u0101js var izdz\u0113st visas s\u012bkdatnes no sava datora. Varat ar\u012b iestat\u012bt, lai liel\u0101k\u0101 da\u013ca t\u012bmek\u013ca p\u0101rl\u016bkprogrammu blo\u0137\u0113 s\u012bkdat\u0146u saglab\u0101\u0161anu j\u016bsu dator\u0101. Apmekl\u0113t\u0101js var atteikties no s\u012bkdatn\u0113m p\u0101rl\u016bkprogrammas izv\u0113ln\u0113 vai adres\u0113 <a href=\"https:\/\/tools.google.com\/dlpage\/gaoptout\" target=\"_blank\" rel=\"noreferrer noopener\">https:\/\/tools.google.com\/dlpage\/gaoptout<\/a>. Lai veiktu nepiecie\u0161amos iestat\u012bjumus, apmekl\u0113t\u0101jam ir j\u0101iepaz\u012bstas ar savas p\u0101rl\u016bkprogrammas lieto\u0161anas noteikumiem. Blo\u0137\u0113jot s\u012bkdatnes, lietot\u0101jam manu\u0101li j\u0101maina iestat\u012bjumi katru reizi, kad vi\u0146\u0161 apmekl\u0113 vietni, pie tam da\u017ei pakalpojumi un funkcijas var nedarboties.<\/p>\n\n\n\n<p>11. Tikai p\u0101rzinim ir piek\u013cuve statistikai par vietnes apmekl\u0113t\u0101jiem.<\/p>\n\n\n\n<p>12. Vietn\u0113 ir instal\u0113ts Facebook Pixel. \u0160\u012b r\u012bka m\u0113r\u0137is ir piel\u0101got saturu un rekl\u0101mas Facebook lietot\u0101jiem. Lai ieg\u016btu papildinform\u0101ciju par Facebook konfidencialit\u0101tes politikas mai\u0146u un Facebook reklam\u0113\u0161anas iestat\u012bjumu mai\u0146u, apmekl\u0113jiet vietni <a href=\"https:\/\/www.facebook.com\/about\/privacy\">https:\/\/www.<\/a><a href=\"https:\/\/www.facebook.com\/about\/privacy\" target=\"_blank\" rel=\"noreferrer noopener\">facebook<\/a><a href=\"https:\/\/www.facebook.com\/about\/privacy\">.com\/about\/privacy<\/a>.<\/p>\n\n\n\n<p>13. Ja nav nor\u0101d\u012bts cit\u0101di, s\u012bkdatnes tiek glab\u0101tas vis\u0101 darb\u012bbas laik\u0101, kuras d\u0113\u013c tie tika v\u0101kti, un p\u0113c tam tiek dz\u0113sti.<\/p>\n\n\n\n<p>14. Ja p\u0101rzi\u0146a m\u0101jaslap\u0101 ir izveidots forums vai iesp\u0113ja koment\u0113t, vietne glab\u0101 IP adresi un apmekl\u0113t\u0101ja ievad\u012btos datus. S\u012bkdatnes, kas satur \u0161os datus, tiek glab\u0101tas vienu gadu, lai jums neb\u016btu katru reizi j\u0101ievada dati no jauna.<\/p>\n\n\n\n<p>15. P\u0101rzinis apliecina, ka s\u012bkdatnes un statistika tiek v\u0101kta, apstr\u0101d\u0101ta un glab\u0101ta saska\u0146\u0101 ar Eiropas Savien\u012bbas ties\u012bbu aktu pras\u012bb\u0101m, tai skait\u0101 Eiropas Parlamenta un Padomes 2016. gada 27. apr\u012b\u013ca Visp\u0101r\u012bgo regulu (ES) 2016\/679 par fizisku personu aizsardz\u012bbu attiec\u012bb\u0101 uz personas datu apstr\u0101di.<\/p>\n\n\n\n<p>16. P\u0101rzinis patur ties\u012bbas jebkur\u0101 laik\u0101 main\u012bt \u0161os principus. Vietnes apmekl\u0113t\u0101jam ir pien\u0101kums pa\u0161am p\u0101rbaud\u012bt vietnes saturu, lai iepaz\u012btos ar noteikumu un nosac\u012bjumu izmai\u0146\u0101m.<\/p>\n","protected":false},"excerpt":{"rendered":"PRIV\u0100TUMA POLITIKA 1. Ievads Tapvei Estonia O\u00dc, re\u0123. kods 10431089, adrese: Paekna, Kiili pagasts, Harjumaa 75408, Igaunija (turpm\u0101k: p\u0101rzinis), apstr\u0101d\u0101 personas datus, kas ieg\u016bti no datu subjekta &#8211; t\u012bmek\u013ca vietnes lietot\u0101ja (turpm\u0101k: lietot\u0101js) vietn\u0113 www.millamore.com ( turpm\u0101k: vietne). P\u0101rzinis nodro\u0161ina lietot\u0101ja priv\u0101tuma un personas datu aizsardz\u012bbu un respekt\u0113 lietot\u0101ja ties\u012bbas uz personas datu apstr\u0101des likum\u012bbu [&hellip;]","protected":false},"author":1,"featured_media":0,"parent":0,"menu_order":0,"comment_status":"closed","ping_status":"closed","template":"","meta":{"_acf_changed":false,"footnotes":""},"class_list":["post-7173","page","type-page","status-publish","hentry"],"acf":[],"yoast_head":"<!-- This site is optimized with the Yoast SEO plugin v23.8 - https:\/\/yoast.com\/wordpress\/plugins\/seo\/ -->\n<title>Priv\u0101tuma politika un s\u012bkdatnes - Millamore<\/title>\n<meta name=\"robots\" content=\"index, follow, max-snippet:-1, max-image-preview:large, max-video-preview:-1\" \/>\n<link rel=\"canonical\" href=\"https:\/\/millamore.com\/lv\/privatuma-politika-un-sikdatnes\/\" \/>\n<meta property=\"og:locale\" content=\"lv_LV\" \/>\n<meta property=\"og:type\" content=\"article\" \/>\n<meta property=\"og:title\" content=\"Priv\u0101tuma politika un s\u012bkdatnes - Millamore\" \/>\n<meta property=\"og:description\" content=\"PRIV\u0100TUMA POLITIKA 1. Ievads Tapvei Estonia O\u00dc, re\u0123. kods 10431089, adrese: Paekna, Kiili pagasts, Harjumaa 75408, Igaunija (turpm\u0101k: p\u0101rzinis), apstr\u0101d\u0101 personas datus, kas ieg\u016bti no datu subjekta &#8211; t\u012bmek\u013ca vietnes lietot\u0101ja (turpm\u0101k: lietot\u0101js) vietn\u0113 www.millamore.com ( turpm\u0101k: vietne). P\u0101rzinis nodro\u0161ina lietot\u0101ja priv\u0101tuma un personas datu aizsardz\u012bbu un respekt\u0113 lietot\u0101ja ties\u012bbas uz personas datu apstr\u0101des likum\u012bbu [&hellip;]\" \/>\n<meta property=\"og:url\" content=\"https:\/\/millamore.com\/lv\/privatuma-politika-un-sikdatnes\/\" \/>\n<meta property=\"og:site_name\" content=\"Millamore Latvia\" \/>\n<meta property=\"article:modified_time\" content=\"2022-03-15T09:01:40+00:00\" \/>\n<meta name=\"twitter:card\" content=\"summary_large_image\" \/>\n<meta name=\"twitter:label1\" content=\"Est. reading time\" \/>\n\t<meta name=\"twitter:data1\" content=\"6 minutes\" \/>\n<script type=\"application\/ld+json\" class=\"yoast-schema-graph\">{\"@context\":\"https:\/\/schema.org\",\"@graph\":[{\"@type\":\"WebPage\",\"@id\":\"https:\/\/millamore.com\/lv\/privatuma-politika-un-sikdatnes\/\",\"url\":\"https:\/\/millamore.com\/lv\/privatuma-politika-un-sikdatnes\/\",\"name\":\"Priv\u0101tuma politika un s\u012bkdatnes - Millamore\",\"isPartOf\":{\"@id\":\"https:\/\/millamore.com\/lv\/#website\"},\"datePublished\":\"2021-05-17T10:29:25+00:00\",\"dateModified\":\"2022-03-15T09:01:40+00:00\",\"breadcrumb\":{\"@id\":\"https:\/\/millamore.com\/lv\/privatuma-politika-un-sikdatnes\/#breadcrumb\"},\"inLanguage\":\"lv-LV\",\"potentialAction\":[{\"@type\":\"ReadAction\",\"target\":[\"https:\/\/millamore.com\/lv\/privatuma-politika-un-sikdatnes\/\"]}]},{\"@type\":\"BreadcrumbList\",\"@id\":\"https:\/\/millamore.com\/lv\/privatuma-politika-un-sikdatnes\/#breadcrumb\",\"itemListElement\":[{\"@type\":\"ListItem\",\"position\":1,\"name\":\"Home\",\"item\":\"https:\/\/millamore.com\/lv\/\"},{\"@type\":\"ListItem\",\"position\":2,\"name\":\"Priv\u0101tuma politika un s\u012bkdatnes\"}]},{\"@type\":\"WebSite\",\"@id\":\"https:\/\/millamore.com\/lv\/#website\",\"url\":\"https:\/\/millamore.com\/lv\/\",\"name\":\"Millamore Latvia\",\"description\":\"\",\"potentialAction\":[{\"@type\":\"SearchAction\",\"target\":{\"@type\":\"EntryPoint\",\"urlTemplate\":\"https:\/\/millamore.com\/lv\/?s={search_term_string}\"},\"query-input\":{\"@type\":\"PropertyValueSpecification\",\"valueRequired\":true,\"valueName\":\"search_term_string\"}}],\"inLanguage\":\"lv-LV\"}]}<\/script>\n<!-- \/ Yoast SEO plugin. -->","yoast_head_json":{"title":"Priv\u0101tuma politika un s\u012bkdatnes - Millamore","robots":{"index":"index","follow":"follow","max-snippet":"max-snippet:-1","max-image-preview":"max-image-preview:large","max-video-preview":"max-video-preview:-1"},"canonical":"https:\/\/millamore.com\/lv\/privatuma-politika-un-sikdatnes\/","og_locale":"lv_LV","og_type":"article","og_title":"Priv\u0101tuma politika un s\u012bkdatnes - Millamore","og_description":"PRIV\u0100TUMA POLITIKA 1. Ievads Tapvei Estonia O\u00dc, re\u0123. kods 10431089, adrese: Paekna, Kiili pagasts, Harjumaa 75408, Igaunija (turpm\u0101k: p\u0101rzinis), apstr\u0101d\u0101 personas datus, kas ieg\u016bti no datu subjekta &#8211; t\u012bmek\u013ca vietnes lietot\u0101ja (turpm\u0101k: lietot\u0101js) vietn\u0113 www.millamore.com ( turpm\u0101k: vietne). P\u0101rzinis nodro\u0161ina lietot\u0101ja priv\u0101tuma un personas datu aizsardz\u012bbu un respekt\u0113 lietot\u0101ja ties\u012bbas uz personas datu apstr\u0101des likum\u012bbu [&hellip;]","og_url":"https:\/\/millamore.com\/lv\/privatuma-politika-un-sikdatnes\/","og_site_name":"Millamore Latvia","article_modified_time":"2022-03-15T09:01:40+00:00","twitter_card":"summary_large_image","twitter_misc":{"Est. reading time":"6 minutes"},"schema":{"@context":"https:\/\/schema.org","@graph":[{"@type":"WebPage","@id":"https:\/\/millamore.com\/lv\/privatuma-politika-un-sikdatnes\/","url":"https:\/\/millamore.com\/lv\/privatuma-politika-un-sikdatnes\/","name":"Priv\u0101tuma politika un s\u012bkdatnes - Millamore","isPartOf":{"@id":"https:\/\/millamore.com\/lv\/#website"},"datePublished":"2021-05-17T10:29:25+00:00","dateModified":"2022-03-15T09:01:40+00:00","breadcrumb":{"@id":"https:\/\/millamore.com\/lv\/privatuma-politika-un-sikdatnes\/#breadcrumb"},"inLanguage":"lv-LV","potentialAction":[{"@type":"ReadAction","target":["https:\/\/millamore.com\/lv\/privatuma-politika-un-sikdatnes\/"]}]},{"@type":"BreadcrumbList","@id":"https:\/\/millamore.com\/lv\/privatuma-politika-un-sikdatnes\/#breadcrumb","itemListElement":[{"@type":"ListItem","position":1,"name":"Home","item":"https:\/\/millamore.com\/lv\/"},{"@type":"ListItem","position":2,"name":"Priv\u0101tuma politika un s\u012bkdatnes"}]},{"@type":"WebSite","@id":"https:\/\/millamore.com\/lv\/#website","url":"https:\/\/millamore.com\/lv\/","name":"Millamore Latvia","description":"","potentialAction":[{"@type":"SearchAction","target":{"@type":"EntryPoint","urlTemplate":"https:\/\/millamore.com\/lv\/?s={search_term_string}"},"query-input":{"@type":"PropertyValueSpecification","valueRequired":true,"valueName":"search_term_string"}}],"inLanguage":"lv-LV"}]}},"_links":{"self":[{"href":"https:\/\/millamore.com\/lv\/wp-json\/wp\/v2\/pages\/7173","targetHints":{"allow":["GET"]}}],"collection":[{"href":"https:\/\/millamore.com\/lv\/wp-json\/wp\/v2\/pages"}],"about":[{"href":"https:\/\/millamore.com\/lv\/wp-json\/wp\/v2\/types\/page"}],"author":[{"embeddable":true,"href":"https:\/\/millamore.com\/lv\/wp-json\/wp\/v2\/users\/1"}],"replies":[{"embeddable":true,"href":"https:\/\/millamore.com\/lv\/wp-json\/wp\/v2\/comments?post=7173"}],"version-history":[{"count":1,"href":"https:\/\/millamore.com\/lv\/wp-json\/wp\/v2\/pages\/7173\/revisions"}],"predecessor-version":[{"id":7175,"href":"https:\/\/millamore.com\/lv\/wp-json\/wp\/v2\/pages\/7173\/revisions\/7175"}],"wp:attachment":[{"href":"https:\/\/millamore.com\/lv\/wp-json\/wp\/v2\/media?parent=7173"}],"curies":[{"name":"wp","href":"https:\/\/api.w.org\/{rel}","templated":true}]}}