{"id":7135,"date":"2021-10-04T13:45:34","date_gmt":"2021-10-04T10:45:34","guid":{"rendered":"https:\/\/millamore.com\/lv\/meist\/"},"modified":"2022-03-15T09:00:22","modified_gmt":"2022-03-15T09:00:22","slug":"par-mums","status":"publish","type":"page","link":"https:\/\/millamore.com\/lv\/par-mums\/","title":{"rendered":"Par mums"},"content":{"rendered":"    <div id=\"two-column-block-block_615ad96f020e9\" class=\"two-column-block\">\n        <div class=\"row\">\n                                            <div class=\"two_column col-lg-6 col-12 d-flex flex-column align-items-start\">\n                    <p>Millamore r\u016bp\u0113jas par mazo dz\u012bvnieku labsaj\u016btu jau vair\u0101k nek\u0101 38 gadus, pied\u0101v\u0101jot augst\u0101k\u0101s kvalit\u0101tes 100% dab\u012bgus pakai\u0161us, gu\u013cvietas materi\u0101lus, rota\u013clietas un piederumus, k\u0101 ar\u012b tru\u0161u un j\u016brasc\u016bci\u0146u bar\u012bbu. Millamore produkti tiek p\u0101rdoti vair\u0101k nek\u0101 20 valst\u012bs, un mums ir p\u016bkaini draugi un fani vis\u0101 pasaul\u0113. <\/p>\n                <\/div>\n                                            <div class=\"two_column col-lg-6 col-12 d-flex flex-column align-items-start\">\n                    <p>M\u0113s turpin\u0101m izstr\u0101d\u0101t aizraujo\u0161us un dro\u0161us produktus, kuri kalpo labi, uzlabo dz\u012bvnieku labsaj\u016btu un bag\u0101tina dz\u012bvnieku un vi\u0146u \u0123ime\u0146u dz\u012bvi. <\/p>\n<p><strong>MILLAMORE \u2013 viss, kas nepiecie\u0161ams j\u016bsu m\u012blulim!<\/strong><\/p>\n                <\/div>\n                    <\/div>\n    <\/div>\n\n\n    <div id=\"image-text-block_615ad992020ec\" class=\"image-text-block\">\n        <h2>Millamore kvalit\u0101te<\/h2>                    <div class=\"row\">\n                                                                        <div class=\"two_column col-lg-6 col-12 d-flex flex-column align-items-start mobile-top\">\n                                                    <p>Millamore pakai\u0161us \u017e\u0101v\u0113 100-120 \u00b0 C temperat\u016br\u0101 divas stundas, lai mitrums b\u016btu zem 10%. Zemais mitruma l\u012bmenis un pakai\u0161u da\u013ci\u0146u izm\u0113rs un forma nodro\u0161ina, ka Millamore pakai\u0161i absorb\u0113 200% mitruma. Augst\u0101s temperat\u016bras d\u0113\u013c tiek izn\u012bcin\u0101ti ar\u012b pakai\u0161os eso\u0161ie mikroorganismi (bakt\u0113rijas, pel\u0113jums, rauga s\u0113n\u012bte). Sal\u012bdzinot ar citiem koka pakai\u0161iem, Millamore pakai\u0161iem ir tr\u012bs reizes liel\u0101ka amonjaka saist\u012b\u0161anas sp\u0113ja. L\u012bdz ar to gaiss b\u016br\u012b ir t\u012brs un nekait\u012bgs, un pakai\u0161i j\u0101maina ret\u0101k. <\/p>\n                                                                            <a href=\"https:\/\/millamore.com\/lv\/product-category\/pakaisi\/\" class=\"img-link\">\n                                <img loading=\"lazy\" decoding=\"async\" class=\"fade-in-up\" src=\"https:\/\/millamore.com\/lv\/wp-content\/uploads\/sites\/5\/2021\/10\/Group-4-1.png\" alt=\"\" width=\"746\" height=\"688\">\n                            <\/a>\n                                            <\/div>\n                                                        <div class=\"two_column col-lg-6 col-12 d-flex flex-column align-items-start \">\n                                                    <p>Apses koksne ir ar\u012b dro\u0161\u0101ka par priedi vai egli, jo taj\u0101 ir maz pin\u0113na un t\u0101 nesatur \u0137\u012bmiskas piedevas vai koksnes r\u016bpnieciskos atlikumus. <\/p>\n<p>Millamore pakai\u0161i ir bez putek\u013ciem un as\u0101m mal\u0101m. Putek\u013ci var ietekm\u0113t dz\u012bvnieku un cilv\u0113ku elpo\u0161anas sist\u0113mu, un asas malas ir galvenais putek\u013cu avots, k\u0101 ar\u012b var saboj\u0101t jut\u012bgu \u0101du. M\u016bsu pakai\u0161u putek\u013cu saturs ir tuvu nullei (0,1-0,7%). Citi koksnes pakai\u0161i &#8211; galvenok\u0101rt z\u0101\u0123u skaidas, ko bie\u017ei izmanto m\u0101jdz\u012bvniekiem &#8211; var satur\u0113t l\u012bdz 15% putek\u013cu. <\/p>\n<p>Ra\u017eo\u0161anas laik\u0101 nerodas atkritumi un tiek izmantota bioener\u0123ija. Visi produkti ir biolo\u0123iski no\u0101rd\u0101mi, un tos var kompost\u0113t vai izmantot k\u0101 videi draudz\u012bgu kurin\u0101mo. <\/p>\n<p>Produktu dro\u0161\u012bba un t\u012br\u012bba tiek regul\u0101ri p\u0101rbaud\u012bta attiec\u012bb\u0101 uz vair\u0101k nek\u0101 200 elementiem un savienojumiem. Millamore produkti tiek regul\u0101ri p\u0101rbaud\u012bti, vai taj\u0101 nav bakt\u0113riju, toksisku savienojumu, pestic\u012bdu u.c., un tie atbilst dz\u012bvnieku bar\u012bbai noteikt\u0101m pras\u012bb\u0101m. <\/p>\n<p>M\u0113s sav\u0101 ra\u017eo\u0161anas proces\u0101 iev\u0113rojam ekolo\u0123isk\u0101s un ilgtsp\u0113j\u012bgas saimnieko\u0161anas standartus. Izejvielu gad\u012bjum\u0101 m\u0113s iev\u0113rojam atbild\u012bgas FSC me\u017eu apsaimnieko\u0161anas principus. M\u016bsu izejvielas n\u0101k no tuv\u0113jiem apgabaliem, lai mazin\u0101tu CO2 emisiju. <\/p>\n                                                                    <\/div>\n                            <\/div>\n            <\/div>\n\n\n    <div id=\"image-text-block_615ada06020f0\" class=\"image-text-block\">\n        <h2>Pakai\u0161i un gu\u013cvietas materi\u0101ls<\/h2>                    <div class=\"row\">\n                                                                        <div class=\"two_column col-lg-6 col-12 d-flex flex-column align-items-start \">\n                                                    <p><strong>Piln\u012bgi dab\u012bgs, biolo\u0123iski no\u0101rd\u0101ms un laboratoriski p\u0101rbaud\u012bts apses pakai\u0161u un gu\u013cvietas materi\u0101ls<\/strong><\/p>\n<p>T\u0101 k\u0101 gu\u013cvieta ir \u013coti svar\u012bga j\u016bsu m\u0101jdz\u012bvnieka m\u0101jas vides dizainam un vesel\u012bbai, ir svar\u012bgi izv\u0113l\u0113ties dro\u0161u, netoksisku un 100% dabisku variantu bez putek\u013ciem. M\u0113s v\u0113lamies, lai dz\u012bvnieku \u012bpa\u0161niekiem b\u016btu lab\u0101ka izv\u0113le un vi\u0146i var\u0113tu pied\u0101v\u0101t saviem p\u016bkainajiem draugiem t\u0101du pa\u0161u kvalit\u0101ti, k\u0101du lietotu pa\u0161i. M\u016bsu m\u0113r\u0137is ir nodro\u0161in\u0101t jums un j\u016bsu m\u0101jdz\u012bvniekam dabisku un vesel\u012bgu dz\u012bvi kop\u0101 ar Millamore augstas kvalitat\u0101tes pakai\u0161iem un gu\u013cvietas materi\u0101liem. <\/p>\n<p><strong>K\u0101p\u0113c izv\u0113l\u0113ties Millamore pakai\u0161us un gu\u013cvietas materi\u0101lu?<\/strong><\/p>\n<ul>\n<li>Bez putek\u013ciem<\/li>\n<li>100% dab\u012bgs apses koks<\/li>\n<li>Augsta absorbcijas sp\u0113ja<\/li>\n<li>Sp\u0113c\u012bga smaku kontrole<\/li>\n<li>Biolo\u0123iski no\u0101rd\u0101ms un kompost\u0113jams<\/li>\n<li>Nav pievienoti \u0137\u012bmiski piemais\u012bjumi vai r\u016bpniecisk\u0101s atliekas<\/li>\n<li>Laboratoriski p\u0101rbaud\u012bts<\/li>\n<li>Iesaka veterin\u0101r\u0101rsti un dz\u012bvnieku aizsardz\u012bbas eksperti<\/li>\n<li>FSC sertifik\u0101cija garant\u0113 atbild\u012bgu un ilgtsp\u0113j\u012bgu me\u017eu apsaimnieko\u0161anu<\/li>\n<\/ul>\n<p><a href=\"https:\/\/millamore.com\/lv\/product-category\/pakaisi\/\"><strong>Skatiet Millamore pakai\u0161u un gu\u013cvietas materi\u0101lu produktus<\/strong><\/a><\/p>\n                                                                    <\/div>\n                                                        <div class=\"two_column col-lg-6 col-12 d-flex flex-column align-items-start mobile-top\">\n                                                                            <a href=\"https:\/\/millamore.com\/lv\/product-category\/gulvietas-materials\/\" class=\"img-link\">\n                                <img loading=\"lazy\" decoding=\"async\" class=\"fade-in-up\" src=\"https:\/\/millamore.com\/lv\/wp-content\/uploads\/sites\/5\/2021\/10\/Bedding-and-Nesting-Material-.jpg\" alt=\"\" width=\"946\" height=\"944\">\n                            <\/a>\n                                            <\/div>\n                            <\/div>\n            <\/div>\n\n\n    <div id=\"image-text-block_615adad4020f4\" class=\"image-text-block\">\n        <h2>Rota\u013clietas un aksesu\u0101ri<\/h2>                    <div class=\"row\">\n                                                                        <div class=\"two_column col-lg-6 col-12 d-flex flex-column align-items-start mobile-top\">\n                                                                            <a href=\"https:\/\/millamore.com\/lv\/product-category\/rotallietas\/\" class=\"img-link\">\n                                <img loading=\"lazy\" decoding=\"async\" class=\"fade-in-up\" src=\"https:\/\/millamore.com\/lv\/wp-content\/uploads\/sites\/5\/2021\/10\/Toys-and-Accessories-1.jpg\" alt=\"\" width=\"948\" height=\"624\">\n                            <\/a>\n                                            <\/div>\n                                                        <div class=\"two_column col-lg-6 col-12 d-flex flex-column align-items-start \">\n                                                    <p>Pats svar\u012bg\u0101kais sava m\u012blu\u013ca rota\u013clietu izv\u0113l\u0113 ir, lai t\u0101 b\u016btu dro\u0161a!<\/p>\n<p>Millamore dabisk\u0101s rota\u013clietas pied\u0101v\u0101 da\u017e\u0101das migas veido\u0161anas, sl\u0113p\u0161an\u0101s un grau\u0161anas iesp\u0113jas. Rota\u013clietas rea\u0123\u0113 uz dz\u012bvnieku dabiskaj\u0101m instinkt\u012bvaj\u0101m vajadz\u012bb\u0101m, mudinot tos sl\u0113pties, k\u0101pel\u0113t un grauzt, k\u0101 ar\u012b pal\u012bdz uztur\u0113t dz\u012bvnieku visp\u0101r\u0113jo labsaj\u016btu. <\/p>\n<p>Millamore rota\u013clietas ir izgatavotas no svaigas apses koksnes, kas nesatur \u0137\u012bmiskas piedevas vai koksnes r\u016bpnieciskos atlikumus. Veterin\u0101r\u0101rsti un dz\u012bvnieku aizsardz\u012bbas speci\u0101listi grau\u0161anai iesaka apses koksni, jo taj\u0101 ir maz\u0101k sve\u0137u nek\u0101 skujkokos. Rota\u013clietu ra\u017eo\u0161an\u0101 nav izmantota l\u012bme vai met\u0101ls.<br \/>\nMillamore rota\u013clietas un aksesu\u0101ri ir mazg\u0101jami un atk\u0101rtoti lietojami l\u012bdz 14 reiz\u0113m. <\/p>\n<p><strong><a href=\"https:\/\/millamore.com\/lv\/product-category\/rotallietas\/\">Apskatiet Millamore rota\u013clietas un aksesu\u0101rus<\/a><\/strong><\/p>\n                                                                    <\/div>\n                            <\/div>\n            <\/div>\n\n\n    <div id=\"image-text-block_615adb04020f8\" class=\"image-text-block\">\n        <h2>Pilnbar\u012bba<\/h2>                    <div class=\"row\">\n                                                                        <div class=\"two_column col-lg-6 col-12 d-flex flex-column align-items-start \">\n                                                    <p>M\u016bsu jaun\u0101kais produkts ir pilnbar\u012bba tru\u0161iem un j\u016brasc\u016bci\u0146\u0101m. Viens no svar\u012bg\u0101kajiem dz\u012bvnieka saimnieka uzdevumiem ir g\u0101d\u0101t, lai vi\u0146a mazais draugs pareizi barotos. M\u0113s v\u0113lamies padar\u012bt j\u016bsu dz\u012bvi nedaudz viegl\u0101ku, un varam apstiprin\u0101t, ka katra Millamore m\u0101jdz\u012bvnieku bar\u012bbas sast\u0101vda\u013ca ir tie\u0161i t\u0101da, k\u0101da j\u016bsu m\u0101jdz\u012bvniekam ir nepiecie\u0161ama. <\/p>\n<p>Millamore dab\u012bg\u0101 granulu bar\u012bba nodro\u0161ina sabalans\u0113tu uzturu, lai j\u016bsu m\u0101jdz\u012bvnieks b\u016btu vesels un lab\u0101 form\u0101. Pilnbar\u012bba satur kvalitat\u012bvas un gar\u0161\u012bgas sast\u0101vda\u013cas un vitam\u012bnus, kas uztur sp\u0113c\u012bgu dz\u012bvnieka im\u016bnsist\u0113mu. <\/p>\n<p><a href=\"https:\/\/millamore.com\/lv\/product-category\/pilnbariba\/\"><strong>Skatiet Millamore pilnbar\u012bbas produktus<\/strong><\/a><\/p>\n                                                                    <\/div>\n                                                        <div class=\"two_column col-lg-6 col-12 d-flex flex-column align-items-start mobile-top\">\n                                                                            <a href=\"https:\/\/millamore.com\/lv\/product-category\/pilnbariba\/\" class=\"img-link\">\n                                <img loading=\"lazy\" decoding=\"async\" class=\"fade-in-up\" src=\"https:\/\/millamore.com\/lv\/wp-content\/uploads\/sites\/5\/2021\/10\/coplete-feed.png\" alt=\"\" width=\"948\" height=\"624\">\n                            <\/a>\n                                            <\/div>\n                            <\/div>\n            <\/div>\n","protected":false},"excerpt":{"rendered":"","protected":false},"author":1,"featured_media":408,"parent":0,"menu_order":0,"comment_status":"closed","ping_status":"closed","template":"page-templates\/template-why-millamore.php","meta":{"_acf_changed":false,"footnotes":""},"class_list":["post-7135","page","type-page","status-publish","has-post-thumbnail","hentry"],"acf":[],"yoast_head":"<!-- This site is optimized with the Yoast SEO plugin v23.8 - https:\/\/yoast.com\/wordpress\/plugins\/seo\/ -->\n<title>Par mums - Millamore 100% dab\u012bgi produkti maziem dz\u012bvniekiem<\/title>\n<meta name=\"description\" content=\"Vair\u0101k nek\u0101 38 gadus Millamore ir koncentr\u0113jies mazo dz\u012bvnieku labsaj\u016btai, ra\u017eojot 100% dab\u012bgus, dro\u0161us un vesel\u012bgus produktus. Lasi vair\u0101k par to, ko dara Millamore.\" \/>\n<meta name=\"robots\" content=\"index, follow, max-snippet:-1, max-image-preview:large, max-video-preview:-1\" \/>\n<link rel=\"canonical\" href=\"https:\/\/millamore.com\/lv\/par-mums\/\" \/>\n<meta property=\"og:locale\" content=\"lv_LV\" \/>\n<meta property=\"og:type\" content=\"article\" \/>\n<meta property=\"og:title\" content=\"Par mums - Millamore 100% dab\u012bgi produkti maziem dz\u012bvniekiem\" \/>\n<meta property=\"og:description\" content=\"Vair\u0101k nek\u0101 38 gadus Millamore ir koncentr\u0113jies mazo dz\u012bvnieku labsaj\u016btai, ra\u017eojot 100% dab\u012bgus, dro\u0161us un vesel\u012bgus produktus. Lasi vair\u0101k par to, ko dara Millamore.\" \/>\n<meta property=\"og:url\" content=\"https:\/\/millamore.com\/lv\/par-mums\/\" \/>\n<meta property=\"og:site_name\" content=\"Millamore Latvia\" \/>\n<meta property=\"article:modified_time\" content=\"2022-03-15T09:00:22+00:00\" \/>\n<meta property=\"og:image\" content=\"https:\/\/millamore.com\/lv\/wp-content\/uploads\/sites\/5\/2021\/05\/shutterstock_1727772646-1-scaled.jpg\" \/>\n\t<meta property=\"og:image:width\" content=\"2560\" \/>\n\t<meta property=\"og:image:height\" content=\"696\" \/>\n\t<meta property=\"og:image:type\" content=\"image\/jpeg\" \/>\n<meta name=\"twitter:card\" content=\"summary_large_image\" \/>\n<script type=\"application\/ld+json\" class=\"yoast-schema-graph\">{\"@context\":\"https:\/\/schema.org\",\"@graph\":[{\"@type\":\"WebPage\",\"@id\":\"https:\/\/millamore.com\/lv\/par-mums\/\",\"url\":\"https:\/\/millamore.com\/lv\/par-mums\/\",\"name\":\"Par mums - Millamore 100% dab\u012bgi produkti maziem dz\u012bvniekiem\",\"isPartOf\":{\"@id\":\"https:\/\/millamore.com\/lv\/#website\"},\"primaryImageOfPage\":{\"@id\":\"https:\/\/millamore.com\/lv\/par-mums\/#primaryimage\"},\"image\":{\"@id\":\"https:\/\/millamore.com\/lv\/par-mums\/#primaryimage\"},\"thumbnailUrl\":\"https:\/\/millamore.com\/lv\/wp-content\/uploads\/sites\/5\/2021\/05\/shutterstock_1727772646-1-scaled.jpg\",\"datePublished\":\"2021-10-04T10:45:34+00:00\",\"dateModified\":\"2022-03-15T09:00:22+00:00\",\"description\":\"Vair\u0101k nek\u0101 38 gadus Millamore ir koncentr\u0113jies mazo dz\u012bvnieku labsaj\u016btai, ra\u017eojot 100% dab\u012bgus, dro\u0161us un vesel\u012bgus produktus. Lasi vair\u0101k par to, ko dara Millamore.\",\"breadcrumb\":{\"@id\":\"https:\/\/millamore.com\/lv\/par-mums\/#breadcrumb\"},\"inLanguage\":\"lv-LV\",\"potentialAction\":[{\"@type\":\"ReadAction\",\"target\":[\"https:\/\/millamore.com\/lv\/par-mums\/\"]}]},{\"@type\":\"ImageObject\",\"inLanguage\":\"lv-LV\",\"@id\":\"https:\/\/millamore.com\/lv\/par-mums\/#primaryimage\",\"url\":\"https:\/\/millamore.com\/lv\/wp-content\/uploads\/sites\/5\/2021\/05\/shutterstock_1727772646-1-scaled.jpg\",\"contentUrl\":\"https:\/\/millamore.com\/lv\/wp-content\/uploads\/sites\/5\/2021\/05\/shutterstock_1727772646-1-scaled.jpg\",\"width\":2560,\"height\":696},{\"@type\":\"BreadcrumbList\",\"@id\":\"https:\/\/millamore.com\/lv\/par-mums\/#breadcrumb\",\"itemListElement\":[{\"@type\":\"ListItem\",\"position\":1,\"name\":\"Home\",\"item\":\"https:\/\/millamore.com\/lv\/\"},{\"@type\":\"ListItem\",\"position\":2,\"name\":\"Par mums\"}]},{\"@type\":\"WebSite\",\"@id\":\"https:\/\/millamore.com\/lv\/#website\",\"url\":\"https:\/\/millamore.com\/lv\/\",\"name\":\"Millamore Latvia\",\"description\":\"\",\"potentialAction\":[{\"@type\":\"SearchAction\",\"target\":{\"@type\":\"EntryPoint\",\"urlTemplate\":\"https:\/\/millamore.com\/lv\/?s={search_term_string}\"},\"query-input\":{\"@type\":\"PropertyValueSpecification\",\"valueRequired\":true,\"valueName\":\"search_term_string\"}}],\"inLanguage\":\"lv-LV\"}]}<\/script>\n<!-- \/ Yoast SEO plugin. -->","yoast_head_json":{"title":"Par mums - Millamore 100% dab\u012bgi produkti maziem dz\u012bvniekiem","description":"Vair\u0101k nek\u0101 38 gadus Millamore ir koncentr\u0113jies mazo dz\u012bvnieku labsaj\u016btai, ra\u017eojot 100% dab\u012bgus, dro\u0161us un vesel\u012bgus produktus. Lasi vair\u0101k par to, ko dara Millamore.","robots":{"index":"index","follow":"follow","max-snippet":"max-snippet:-1","max-image-preview":"max-image-preview:large","max-video-preview":"max-video-preview:-1"},"canonical":"https:\/\/millamore.com\/lv\/par-mums\/","og_locale":"lv_LV","og_type":"article","og_title":"Par mums - Millamore 100% dab\u012bgi produkti maziem dz\u012bvniekiem","og_description":"Vair\u0101k nek\u0101 38 gadus Millamore ir koncentr\u0113jies mazo dz\u012bvnieku labsaj\u016btai, ra\u017eojot 100% dab\u012bgus, dro\u0161us un vesel\u012bgus produktus. Lasi vair\u0101k par to, ko dara Millamore.","og_url":"https:\/\/millamore.com\/lv\/par-mums\/","og_site_name":"Millamore Latvia","article_modified_time":"2022-03-15T09:00:22+00:00","og_image":[{"width":2560,"height":696,"url":"https:\/\/millamore.com\/lv\/wp-content\/uploads\/sites\/5\/2021\/05\/shutterstock_1727772646-1-scaled.jpg","type":"image\/jpeg"}],"twitter_card":"summary_large_image","schema":{"@context":"https:\/\/schema.org","@graph":[{"@type":"WebPage","@id":"https:\/\/millamore.com\/lv\/par-mums\/","url":"https:\/\/millamore.com\/lv\/par-mums\/","name":"Par mums - Millamore 100% dab\u012bgi produkti maziem dz\u012bvniekiem","isPartOf":{"@id":"https:\/\/millamore.com\/lv\/#website"},"primaryImageOfPage":{"@id":"https:\/\/millamore.com\/lv\/par-mums\/#primaryimage"},"image":{"@id":"https:\/\/millamore.com\/lv\/par-mums\/#primaryimage"},"thumbnailUrl":"https:\/\/millamore.com\/lv\/wp-content\/uploads\/sites\/5\/2021\/05\/shutterstock_1727772646-1-scaled.jpg","datePublished":"2021-10-04T10:45:34+00:00","dateModified":"2022-03-15T09:00:22+00:00","description":"Vair\u0101k nek\u0101 38 gadus Millamore ir koncentr\u0113jies mazo dz\u012bvnieku labsaj\u016btai, ra\u017eojot 100% dab\u012bgus, dro\u0161us un vesel\u012bgus produktus. Lasi vair\u0101k par to, ko dara Millamore.","breadcrumb":{"@id":"https:\/\/millamore.com\/lv\/par-mums\/#breadcrumb"},"inLanguage":"lv-LV","potentialAction":[{"@type":"ReadAction","target":["https:\/\/millamore.com\/lv\/par-mums\/"]}]},{"@type":"ImageObject","inLanguage":"lv-LV","@id":"https:\/\/millamore.com\/lv\/par-mums\/#primaryimage","url":"https:\/\/millamore.com\/lv\/wp-content\/uploads\/sites\/5\/2021\/05\/shutterstock_1727772646-1-scaled.jpg","contentUrl":"https:\/\/millamore.com\/lv\/wp-content\/uploads\/sites\/5\/2021\/05\/shutterstock_1727772646-1-scaled.jpg","width":2560,"height":696},{"@type":"BreadcrumbList","@id":"https:\/\/millamore.com\/lv\/par-mums\/#breadcrumb","itemListElement":[{"@type":"ListItem","position":1,"name":"Home","item":"https:\/\/millamore.com\/lv\/"},{"@type":"ListItem","position":2,"name":"Par mums"}]},{"@type":"WebSite","@id":"https:\/\/millamore.com\/lv\/#website","url":"https:\/\/millamore.com\/lv\/","name":"Millamore Latvia","description":"","potentialAction":[{"@type":"SearchAction","target":{"@type":"EntryPoint","urlTemplate":"https:\/\/millamore.com\/lv\/?s={search_term_string}"},"query-input":{"@type":"PropertyValueSpecification","valueRequired":true,"valueName":"search_term_string"}}],"inLanguage":"lv-LV"}]}},"_links":{"self":[{"href":"https:\/\/millamore.com\/lv\/wp-json\/wp\/v2\/pages\/7135","targetHints":{"allow":["GET"]}}],"collection":[{"href":"https:\/\/millamore.com\/lv\/wp-json\/wp\/v2\/pages"}],"about":[{"href":"https:\/\/millamore.com\/lv\/wp-json\/wp\/v2\/types\/page"}],"author":[{"embeddable":true,"href":"https:\/\/millamore.com\/lv\/wp-json\/wp\/v2\/users\/1"}],"replies":[{"embeddable":true,"href":"https:\/\/millamore.com\/lv\/wp-json\/wp\/v2\/comments?post=7135"}],"version-history":[{"count":8,"href":"https:\/\/millamore.com\/lv\/wp-json\/wp\/v2\/pages\/7135\/revisions"}],"predecessor-version":[{"id":7327,"href":"https:\/\/millamore.com\/lv\/wp-json\/wp\/v2\/pages\/7135\/revisions\/7327"}],"wp:featuredmedia":[{"embeddable":true,"href":"https:\/\/millamore.com\/lv\/wp-json\/wp\/v2\/media\/408"}],"wp:attachment":[{"href":"https:\/\/millamore.com\/lv\/wp-json\/wp\/v2\/media?parent=7135"}],"curies":[{"name":"wp","href":"https:\/\/api.w.org\/{rel}","templated":true}]}}