{"id":7039,"date":"2022-01-24T17:25:10","date_gmt":"2022-01-24T14:25:10","guid":{"rendered":"https:\/\/millamore.com\/lv\/teeme-head\/"},"modified":"2022-04-11T09:40:30","modified_gmt":"2022-04-11T09:40:30","slug":"mes-daram-labu","status":"publish","type":"page","link":"https:\/\/millamore.com\/lv\/mes-daram-labu\/","title":{"rendered":"M\u0113s dar\u0101m labu"},"content":{"rendered":"    <div id=\"two-column-block-block_6203ae761b98b\" class=\"two-column-block\">\n        <div class=\"row\">\n                                            <div class=\"two_column col-lg-6 col-12 d-flex flex-column align-items-start\">\n                    <p>Vair\u0101k nek\u0101 38 gadus Millamore ir koncentr\u0113jies mazo dz\u012bvnieku labsaj\u016btai, ra\u017eojot 100% dab\u012bgus, dro\u0161us un vesel\u012bgus produktus. Turkl\u0101t m\u0113s uzskat\u0101m, ka ir svar\u012bgi atbalst\u012bt mazo dz\u012bvnieku kopienu, t\u0101d\u0113\u013c ra\u017eo\u0161an\u0101 un sav\u0101 darb\u012bb\u0101 vienm\u0113r dom\u0101jam par vides ilgtsp\u0113j\u012bbu.<\/p>\n                <\/div>\n                                            <div class=\"two_column col-lg-6 col-12 d-flex flex-column align-items-start\">\n                    <p>Zem\u0101k j\u016bs atrad\u012bsiet da\u017e\u0101dus projektus, kuros Millamore akt\u012bvi iesaist\u0101s.<\/p>\n                <\/div>\n                    <\/div>\n    <\/div>\n\n\n    <div id=\"image-text-block_615ad992020ec\" class=\"image-text-block\">\n        <h2>Atgrie\u017eam me\u017eam<\/h2>                    <div class=\"row\">\n                                                                        <div class=\"two_column col-lg-6 col-12 d-flex flex-column align-items-start \">\n                                                    <p>M\u016bsu m\u0113r\u0137is vienm\u0113r ir bijis nodro\u0161in\u0101t m\u0101jdz\u012bvniekiem un to saimniekiem dabisku un vesel\u012bgu dz\u012bvi. Sadarb\u012bb\u0101 ar m\u016bsu partneru laboratorij\u0101m esam sa\u0146\u0113mu\u0161i apstiprin\u0101jumu, ka apses izstr\u0101d\u0101jumi ir lab\u0101k\u0101 izv\u0113le m\u0101jdz\u012bvniekiem. Lai gan me\u017ea nozar\u0113 apses koksne tiek uzskat\u012bta par mazv\u0113rt\u012bgu, esam p\u0101rliecin\u0101ti, ka me\u017ea att\u012bst\u012bba un ilgtsp\u0113ja ir j\u0101atbalsta.<\/p>\n<p>Esam uzs\u0101ku\u0161i sadarb\u012bbu ar Dabas aizsardz\u012bbas fondu SA, kura ietvaros sniedzam ieguld\u012bjumu Eiropas Komisijas klimata pakt\u0101 un aicin\u0101jum\u0101 Eirop\u0101 iest\u0101d\u012bt 3 miljardus koku. Ar lepnumu varam teikt, ka Millamore komanda iest\u0101da vair\u0101k nek\u0101 5000 koku gad\u0101.<\/p>\n                                                                    <\/div>\n                                                        <div class=\"two_column col-lg-6 col-12 d-flex flex-column align-items-start \">\n                                                                            <img loading=\"lazy\" decoding=\"async\" class=\"fade-in-up\" src=\"https:\/\/millamore.com\/lv\/wp-content\/uploads\/sites\/5\/2022\/04\/IMG_20220410_1249322222222-min.jpg\" alt=\"\" width=\"1080\" height=\"1080\">\n                                            <\/div>\n                            <\/div>\n            <\/div>\n\n\n    <div id=\"image-text-block_615ada06020f0\" class=\"image-text-block\">\n        <h2>Tallinas zoolo\u0123iskais d\u0101rzs<\/h2>                    <div class=\"row\">\n                                                                        <div class=\"two_column col-lg-6 col-12 d-flex flex-column align-items-start \">\n                                                                            <a href=\"https:\/\/tallinnzoo.ee\/\" class=\"img-link\">\n                                <img loading=\"lazy\" decoding=\"async\" class=\"fade-in-up\" src=\"https:\/\/millamore.com\/lv\/wp-content\/uploads\/sites\/5\/2022\/01\/Tallinna-Loomaaed-veebi-pilt1.jpg\" alt=\"\" width=\"1080\" height=\"1080\">\n                            <\/a>\n                                            <\/div>\n                                                        <div class=\"two_column col-lg-6 col-12 d-flex flex-column align-items-start \">\n                                                    <p>Kop\u0161 2017. gada esam Tallinas zoolo\u0123isk\u0101 d\u0101rza mazo grauz\u0113ju krustvec\u0101ki. <\/p>\n<p>Ar Tallinas zoolo\u0123isk\u0101 d\u0101rza krustvec\u0101ku programmas pal\u012bdz\u012bbu atbalst\u0101m b\u0113rnu zoolo\u0123isk\u0101 d\u0101rza mazos grauz\u0113jus ar Millamore produkciju, pal\u012bdzot uzlabot vi\u0146u dz\u012bves vides kvalit\u0101ti un labsaj\u016btu. \u0160obr\u012bd Millamore pakai\u0161us b\u0113rnu zoolo\u0123iskaj\u0101 d\u0101rz\u0101 bauda j\u016brasc\u016bci\u0146as, peles, \u017eurkas, tru\u0161i, degu un Sib\u012brijas burunduks. <\/p>\n<p>Iepaz\u012bstieties ar da\u017eiem grauz\u0113jiem b\u0113rnu zoolo\u0123iskaj\u0101 d\u0101rz\u0101:<br \/>\nPundurtrusis Saimons un degu Silvesters dz\u012bvo kop\u0101, lai sast\u0101d\u012btu viens otram komp\u0101niju, un vi\u0146i prot kopdz\u012bvi veiksm\u012bgi izmantot, gu\u013cot viens otra apsk\u0101vienos. <\/p>\n<p>Burunduks D\u017eeimss pusgadu ir draudz\u012bgs un pusgadu dusm\u012bgs: pavasar\u012b un vasar\u0101 ar vi\u0146u var tikt gal\u0101 un viegli pa\u0146emt rok\u0101s, bet ruden\u012b, kad vi\u0146\u0161 s\u0101k kr\u0101t ziemas kr\u0101jumus, k\u013c\u016bst diezgan elli\u0161\u0137\u012bgs un pie pirm\u0101s iesp\u0113jas iekampj pirkstu galos. <\/p>\n<p>Pieaugus\u012b m\u0101t\u012bte, kura non\u0101ca dro\u0161aj\u0101 patv\u0113rum\u0101 kop\u0101 ar \u010detr\u0101m jaun\u0101m Berberu sv\u012btrpel\u0113m, bija mazu\u013cu gaid\u012bb\u0101s un tagad ter\u0101rij\u0101 staig\u0101 daudzi \u0161\u0101di sv\u012btraini pe\u013cuki.<br \/>\nJa v\u0113laties apskat\u012bt pundurtru\u0161a Simona, degu Silvestra, burunduka D\u017eeimsa un citu grauz\u0113ju izdar\u012bbas, noteikti iesak\u0101m apmekl\u0113t Tallinas b\u0113rnu zoolo\u0123isko d\u0101rzu. <\/p>\n<p>Vair\u0101k inform\u0101cijas par Tallinas zoolo\u0123isk\u0101 d\u0101rza krustvec\u0101ku programmu variet atrast <a href=\"https:\/\/tallinnzoo.ee\/vaderlus\/\" target=\"_blank\" rel=\"noopener\">\u0161eit<\/a>.<\/p>\n                                                                    <\/div>\n                            <\/div>\n            <\/div>\n\n\n    <div id=\"image-text-block_61f26b1a30b0d\" class=\"image-text-block\">\n        <h2>Igaunijas Dz\u012bvnieku aizsardz\u012bbas biedr\u012bba<\/h2>                    <div class=\"row\">\n                                                                        <div class=\"two_column col-lg-6 col-12 d-flex flex-column align-items-start \">\n                                                    <p>M\u0113s ar Millamore produktiem atbalst\u0101m Igaunijas Dz\u012bvnieku aizsardz\u012bbas biedr\u012bbu kop\u0161 2018. gada. <\/p>\n<p>Igaunijas Dz\u012bvnieku aizsardz\u012bbas biedr\u012bba ir bezpe\u013c\u0146as sabiedr\u012bba, kas darbojas kop\u0161 2000. gada un kuras misija ir nodro\u0161in\u0101t un uzlabot to dz\u012bvnieku labsaj\u016btu, kuriem t\u0101 nepiecie\u0161ama, un nov\u0113rst dz\u012bvnieku \u013caunpr\u0101t\u012bgu izmanto\u0161anu. Misija tiks \u012bstenota, sniedzot tie\u0161u pal\u012bdz\u012bbu dz\u012bvniekiem, inform\u0113jot sabiedr\u012bbu un apm\u0101cot cilv\u0113kus, k\u0101 ar\u012b veicot ties\u012bbu aktu sast\u0101d\u012b\u0161anu un dz\u012bvnieku aizsardz\u012bbas uzraudz\u012bbu. Igaunijas Dz\u012bvnieku aizsardz\u012bbas biedr\u012bba pal\u012bdz nelaim\u0113 non\u0101ku\u0161iem dz\u012bvniekiem atrast patversmi un \u012bstas m\u0101jas, atbalstot patversmes ar visu nepiecie\u0161amo. <\/p>\n<p>Millamore pakai\u0161us izmanto daudzi da\u017e\u0101di mazie dz\u012bvnieki, atkar\u012bb\u0101 no t\u0101, kur\u0161 patversm\u0113 mekl\u0113 jaunas m\u0101jas. <\/p>\n<p>Vair\u0101k inform\u0101cijas par Igaunijas Dz\u012bvnieku aizsardz\u012bbas biedr\u012bbu un atbalstu varat atrast <a href=\"https:\/\/loomakaitse.ee\/\" target=\"_blank\" rel=\"noopener\">\u0161eit<\/a>.<\/p>\n                                                                    <\/div>\n                                                        <div class=\"two_column col-lg-6 col-12 d-flex flex-column align-items-start \">\n                                                                            <a href=\"https:\/\/loomakaitse.ee\/\" class=\"img-link\">\n                                <img loading=\"lazy\" decoding=\"async\" class=\"fade-in-up\" src=\"https:\/\/millamore.com\/lv\/wp-content\/uploads\/sites\/5\/2022\/01\/Eesti-Loomakaitse-Selts-kodukale-pilt1.jpg\" alt=\"\" width=\"1080\" height=\"1080\">\n                            <\/a>\n                                            <\/div>\n                            <\/div>\n            <\/div>\n\n\n    <div id=\"image-text-block_61f26b8c30b10\" class=\"image-text-block\">\n        <h2>Igaunijas Savva\u013cas dz\u012bvnieku apvien\u012bba<\/h2>                    <div class=\"row\">\n                                                                        <div class=\"two_column col-lg-6 col-12 d-flex flex-column align-items-start \">\n                                                                            <a href=\"https:\/\/www.metsloom.ee\/\" class=\"img-link\">\n                                <img loading=\"lazy\" decoding=\"async\" class=\"fade-in-up\" src=\"https:\/\/millamore.com\/lv\/wp-content\/uploads\/sites\/5\/2022\/01\/Eesti-Metsloomauhing-veebi-pilt1.jpg\" alt=\"\" width=\"1080\" height=\"1080\">\n                            <\/a>\n                                            <\/div>\n                                                        <div class=\"two_column col-lg-6 col-12 d-flex flex-column align-items-start \">\n                                                    <p>M\u0113s ar Millamore produktiem atbalst\u0101m Igaunijas Savva\u013cas dz\u012bvnieku apvien\u012bbu kop\u0161 2018. gada.<br \/>\nIgaunijas Savva\u013cas dz\u012bvnieku apvien\u012bba ir biedr\u012bba, kas darbojas p\u0113c br\u012bvpr\u0101t\u012bbas principa un tikai ar ziedojumu atbalstu, t\u0101 pal\u012bdz savva\u013cas dz\u012bvniekiem, kas non\u0101ku\u0161i nelaim\u0113 cilv\u0113ka darb\u012bbas d\u0113\u013c. Apr\u016bp\u0113jami jebkur\u0101 gadalaik\u0101 ir gan tie, kuriem nepiecie\u0161ams tikai \u012bslaic\u012bgs atbalsts, gan tie, kuriem patversm\u0113s j\u0101pavada ilg\u0101ks laiks. <\/p>\n<p>Ziem\u0101 un ruden\u012b Millamore pakai\u0161u un gu\u013cvietu materi\u0101la galvenie lietot\u0101ji ir e\u017ei, kas auksto laiku pavada apr\u016bpes namos. Da\u017ei no vi\u0146iem, pie slikt\u0101kas vesel\u012bbas un svara eso\u0161ie, gu\u013cot silt\u0101s mig\u0101s, \u010dabin\u0101s patversm\u0113 visu ziemu. \u0160ai laik\u0101 pal\u012bdz\u012bba nepiecie\u0161ama ar\u012b nemigr\u0113ju\u0161iem gulbjiem, st\u0101r\u0137iem un p\u012bl\u0113m, kur\u0101m ar\u012b tiek izmantoti Millamore pakai\u0161i. <\/p>\n<p>Pavasar\u012b un vasar\u0101 patversmes ir pilnas ar dz\u012bvniekiem un putniem \u2013 gan pieaugu\u0161iem, gan dz\u012bvnieku mazu\u013ciem un putn\u0113niem. Ar\u012b tad Millamore pakai\u0161i tiek pla\u0161i izmantoti, lai nodro\u0161in\u0101tu, ka lapsu kuc\u0113niem, v\u0101veru mazu\u013ciem, e\u017eiem un za\u0137u mazu\u013ciem ir sausi b\u016bri, un e\u017ei pirms do\u0161an\u0101s savva\u013c\u0101 var\u0113tu ar \u010dauksto\u0161o gu\u013cvietas materi\u0101lu vingrin\u0101ties migas veido\u0161an\u0101. <\/p>\n<p>Vair\u0101k inform\u0101cijas par Igaunijas Savva\u013cas dz\u012bvnieku apvien\u012bbu un atbalstu varat atrast <a href=\"https:\/\/www.metsloom.ee\/\" target=\"_blank\" rel=\"noopener\">\u0161eit<\/a>.<\/p>\n                                                                    <\/div>\n                            <\/div>\n            <\/div>\n\n\n    <div id=\"image-text-block_61f26bac30b13\" class=\"image-text-block\">\n        <h2>Eino Roosioksa hobiju saimniec\u012bba<\/h2>                    <div class=\"row\">\n                                                                        <div class=\"two_column col-lg-6 col-12 d-flex flex-column align-items-start \">\n                                                    <p>M\u0113s atbalst\u0101m Eino Roosioksa hobiju saimniec\u012bbu ar Millamore produktiem kop\u0161 2021. gada.<\/p>\n<p>Eino Roosioks jau 18 gadus vada eksotisko putnu un dz\u012bvnieku hobiju saimniec\u012bbu. Pa \u0161o laiku saimniec\u012bb\u0101 ien\u0101cis \u013coti daudz da\u017e\u0101du eksotisku putnu un dz\u012bvnieku, ar kuriem iepriek\u0161\u0113jais saimnieks nav ticis gal\u0101. Lai gl\u0101btu dz\u012bvniekus no iemidzin\u0101\u0161anas, Eino sniedz dz\u012bvniekiem otru iesp\u0113ju sav\u0101 saimniec\u012bb\u0101.<\/p>\n<p>K\u0101 st\u0101sta Eino Roosioks, Millamore pakai\u0161i, izmantojot tos b\u016bros da\u017e\u0101diem dz\u012bvniekiem un putniem, ir neaizst\u0101jami. Milamore pakai\u0161us izmanto liel\u0101k\u0101 da\u013ca c\u0101\u013cu, vistu, dz\u0113rvju, balto st\u0101r\u0137u, p\u0101vu, emu, z\u012bri\u0146u, melno gulbju, paugurkn\u0101bja gulbju, kaijas, \u0113\u0123iptie\u0161u zosis, sarkankakla kazas, Kamer\u016bnas pundurkazas, aitas, lapsas, genetas, \u017eurkas un stepes lemingi.<\/p>\n<p>Vair\u0101k inform\u0101cijas par Eino Roosioksa hobija saimniec\u012bbas aktivit\u0101t\u0113m varat atrast <a href=\"https:\/\/www.facebook.com\/roosioksahobitalu\/\" target=\"_blank\" rel=\"noopener\">\u0161eit<\/a>.<\/p>\n                                                                    <\/div>\n                                                        <div class=\"two_column col-lg-6 col-12 d-flex flex-column align-items-start \">\n                                                                            <a href=\"https:\/\/www.facebook.com\/roosioksahobitalu\/\" class=\"img-link\">\n                                <img loading=\"lazy\" decoding=\"async\" class=\"fade-in-up\" src=\"https:\/\/millamore.com\/lv\/wp-content\/uploads\/sites\/5\/2022\/01\/Eino-Roosioksa-Hobitalu-veebi-pilt1.jpg\" alt=\"\" width=\"1080\" height=\"1080\">\n                            <\/a>\n                                            <\/div>\n                            <\/div>\n            <\/div>\n","protected":false},"excerpt":{"rendered":"","protected":false},"author":1,"featured_media":5843,"parent":0,"menu_order":0,"comment_status":"closed","ping_status":"closed","template":"page-templates\/template-why-millamore.php","meta":{"_acf_changed":false,"footnotes":""},"class_list":["post-7039","page","type-page","status-publish","has-post-thumbnail","hentry"],"acf":[],"yoast_head":"<!-- This site is optimized with the Yoast SEO plugin v23.8 - https:\/\/yoast.com\/wordpress\/plugins\/seo\/ -->\n<title>M\u0113s dar\u0101m labu - M\u0113s atdodam sabiedr\u012bbai - Millamore<\/title>\n<meta name=\"description\" content=\"Millamore komanda sadarb\u012bb\u0101 ar Dabas aizsardz\u012bbas fondu iest\u0101da vair\u0101k nek\u0101 5000 koku gad\u0101. Lasiet vair\u0101k par Millamore projektiem &quot;M\u0113s dar\u0101m labu&quot;.\" \/>\n<meta name=\"robots\" content=\"index, follow, max-snippet:-1, max-image-preview:large, max-video-preview:-1\" \/>\n<link rel=\"canonical\" href=\"https:\/\/millamore.com\/lv\/mes-daram-labu\/\" \/>\n<meta property=\"og:locale\" content=\"lv_LV\" \/>\n<meta property=\"og:type\" content=\"article\" \/>\n<meta property=\"og:title\" content=\"M\u0113s dar\u0101m labu - M\u0113s atdodam sabiedr\u012bbai - Millamore\" \/>\n<meta property=\"og:description\" content=\"Millamore komanda sadarb\u012bb\u0101 ar Dabas aizsardz\u012bbas fondu iest\u0101da vair\u0101k nek\u0101 5000 koku gad\u0101. Lasiet vair\u0101k par Millamore projektiem &quot;M\u0113s dar\u0101m labu&quot;.\" \/>\n<meta property=\"og:url\" content=\"https:\/\/millamore.com\/lv\/mes-daram-labu\/\" \/>\n<meta property=\"og:site_name\" content=\"Millamore Latvia\" \/>\n<meta property=\"article:modified_time\" content=\"2022-04-11T09:40:30+00:00\" \/>\n<meta property=\"og:image\" content=\"https:\/\/millamore.com\/lv\/wp-content\/uploads\/sites\/5\/2022\/01\/millamore_heategevus-scaled.jpg\" \/>\n\t<meta property=\"og:image:width\" content=\"2560\" \/>\n\t<meta property=\"og:image:height\" content=\"716\" \/>\n\t<meta property=\"og:image:type\" content=\"image\/jpeg\" \/>\n<meta name=\"twitter:card\" content=\"summary_large_image\" \/>\n<script type=\"application\/ld+json\" class=\"yoast-schema-graph\">{\"@context\":\"https:\/\/schema.org\",\"@graph\":[{\"@type\":\"WebPage\",\"@id\":\"https:\/\/millamore.com\/lv\/mes-daram-labu\/\",\"url\":\"https:\/\/millamore.com\/lv\/mes-daram-labu\/\",\"name\":\"M\u0113s dar\u0101m labu - M\u0113s atdodam sabiedr\u012bbai - Millamore\",\"isPartOf\":{\"@id\":\"https:\/\/millamore.com\/lv\/#website\"},\"primaryImageOfPage\":{\"@id\":\"https:\/\/millamore.com\/lv\/mes-daram-labu\/#primaryimage\"},\"image\":{\"@id\":\"https:\/\/millamore.com\/lv\/mes-daram-labu\/#primaryimage\"},\"thumbnailUrl\":\"https:\/\/millamore.com\/lv\/wp-content\/uploads\/sites\/5\/2022\/01\/millamore_heategevus-scaled.jpg\",\"datePublished\":\"2022-01-24T14:25:10+00:00\",\"dateModified\":\"2022-04-11T09:40:30+00:00\",\"description\":\"Millamore komanda sadarb\u012bb\u0101 ar Dabas aizsardz\u012bbas fondu iest\u0101da vair\u0101k nek\u0101 5000 koku gad\u0101. Lasiet vair\u0101k par Millamore projektiem \\\"M\u0113s dar\u0101m labu\\\".\",\"breadcrumb\":{\"@id\":\"https:\/\/millamore.com\/lv\/mes-daram-labu\/#breadcrumb\"},\"inLanguage\":\"lv-LV\",\"potentialAction\":[{\"@type\":\"ReadAction\",\"target\":[\"https:\/\/millamore.com\/lv\/mes-daram-labu\/\"]}]},{\"@type\":\"ImageObject\",\"inLanguage\":\"lv-LV\",\"@id\":\"https:\/\/millamore.com\/lv\/mes-daram-labu\/#primaryimage\",\"url\":\"https:\/\/millamore.com\/lv\/wp-content\/uploads\/sites\/5\/2022\/01\/millamore_heategevus-scaled.jpg\",\"contentUrl\":\"https:\/\/millamore.com\/lv\/wp-content\/uploads\/sites\/5\/2022\/01\/millamore_heategevus-scaled.jpg\",\"width\":2560,\"height\":716},{\"@type\":\"BreadcrumbList\",\"@id\":\"https:\/\/millamore.com\/lv\/mes-daram-labu\/#breadcrumb\",\"itemListElement\":[{\"@type\":\"ListItem\",\"position\":1,\"name\":\"Home\",\"item\":\"https:\/\/millamore.com\/lv\/\"},{\"@type\":\"ListItem\",\"position\":2,\"name\":\"M\u0113s dar\u0101m labu\"}]},{\"@type\":\"WebSite\",\"@id\":\"https:\/\/millamore.com\/lv\/#website\",\"url\":\"https:\/\/millamore.com\/lv\/\",\"name\":\"Millamore Latvia\",\"description\":\"\",\"potentialAction\":[{\"@type\":\"SearchAction\",\"target\":{\"@type\":\"EntryPoint\",\"urlTemplate\":\"https:\/\/millamore.com\/lv\/?s={search_term_string}\"},\"query-input\":{\"@type\":\"PropertyValueSpecification\",\"valueRequired\":true,\"valueName\":\"search_term_string\"}}],\"inLanguage\":\"lv-LV\"}]}<\/script>\n<!-- \/ Yoast SEO plugin. -->","yoast_head_json":{"title":"M\u0113s dar\u0101m labu - M\u0113s atdodam sabiedr\u012bbai - Millamore","description":"Millamore komanda sadarb\u012bb\u0101 ar Dabas aizsardz\u012bbas fondu iest\u0101da vair\u0101k nek\u0101 5000 koku gad\u0101. Lasiet vair\u0101k par Millamore projektiem \"M\u0113s dar\u0101m labu\".","robots":{"index":"index","follow":"follow","max-snippet":"max-snippet:-1","max-image-preview":"max-image-preview:large","max-video-preview":"max-video-preview:-1"},"canonical":"https:\/\/millamore.com\/lv\/mes-daram-labu\/","og_locale":"lv_LV","og_type":"article","og_title":"M\u0113s dar\u0101m labu - M\u0113s atdodam sabiedr\u012bbai - Millamore","og_description":"Millamore komanda sadarb\u012bb\u0101 ar Dabas aizsardz\u012bbas fondu iest\u0101da vair\u0101k nek\u0101 5000 koku gad\u0101. Lasiet vair\u0101k par Millamore projektiem \"M\u0113s dar\u0101m labu\".","og_url":"https:\/\/millamore.com\/lv\/mes-daram-labu\/","og_site_name":"Millamore Latvia","article_modified_time":"2022-04-11T09:40:30+00:00","og_image":[{"width":2560,"height":716,"url":"https:\/\/millamore.com\/lv\/wp-content\/uploads\/sites\/5\/2022\/01\/millamore_heategevus-scaled.jpg","type":"image\/jpeg"}],"twitter_card":"summary_large_image","schema":{"@context":"https:\/\/schema.org","@graph":[{"@type":"WebPage","@id":"https:\/\/millamore.com\/lv\/mes-daram-labu\/","url":"https:\/\/millamore.com\/lv\/mes-daram-labu\/","name":"M\u0113s dar\u0101m labu - M\u0113s atdodam sabiedr\u012bbai - Millamore","isPartOf":{"@id":"https:\/\/millamore.com\/lv\/#website"},"primaryImageOfPage":{"@id":"https:\/\/millamore.com\/lv\/mes-daram-labu\/#primaryimage"},"image":{"@id":"https:\/\/millamore.com\/lv\/mes-daram-labu\/#primaryimage"},"thumbnailUrl":"https:\/\/millamore.com\/lv\/wp-content\/uploads\/sites\/5\/2022\/01\/millamore_heategevus-scaled.jpg","datePublished":"2022-01-24T14:25:10+00:00","dateModified":"2022-04-11T09:40:30+00:00","description":"Millamore komanda sadarb\u012bb\u0101 ar Dabas aizsardz\u012bbas fondu iest\u0101da vair\u0101k nek\u0101 5000 koku gad\u0101. Lasiet vair\u0101k par Millamore projektiem \"M\u0113s dar\u0101m labu\".","breadcrumb":{"@id":"https:\/\/millamore.com\/lv\/mes-daram-labu\/#breadcrumb"},"inLanguage":"lv-LV","potentialAction":[{"@type":"ReadAction","target":["https:\/\/millamore.com\/lv\/mes-daram-labu\/"]}]},{"@type":"ImageObject","inLanguage":"lv-LV","@id":"https:\/\/millamore.com\/lv\/mes-daram-labu\/#primaryimage","url":"https:\/\/millamore.com\/lv\/wp-content\/uploads\/sites\/5\/2022\/01\/millamore_heategevus-scaled.jpg","contentUrl":"https:\/\/millamore.com\/lv\/wp-content\/uploads\/sites\/5\/2022\/01\/millamore_heategevus-scaled.jpg","width":2560,"height":716},{"@type":"BreadcrumbList","@id":"https:\/\/millamore.com\/lv\/mes-daram-labu\/#breadcrumb","itemListElement":[{"@type":"ListItem","position":1,"name":"Home","item":"https:\/\/millamore.com\/lv\/"},{"@type":"ListItem","position":2,"name":"M\u0113s dar\u0101m labu"}]},{"@type":"WebSite","@id":"https:\/\/millamore.com\/lv\/#website","url":"https:\/\/millamore.com\/lv\/","name":"Millamore Latvia","description":"","potentialAction":[{"@type":"SearchAction","target":{"@type":"EntryPoint","urlTemplate":"https:\/\/millamore.com\/lv\/?s={search_term_string}"},"query-input":{"@type":"PropertyValueSpecification","valueRequired":true,"valueName":"search_term_string"}}],"inLanguage":"lv-LV"}]}},"_links":{"self":[{"href":"https:\/\/millamore.com\/lv\/wp-json\/wp\/v2\/pages\/7039","targetHints":{"allow":["GET"]}}],"collection":[{"href":"https:\/\/millamore.com\/lv\/wp-json\/wp\/v2\/pages"}],"about":[{"href":"https:\/\/millamore.com\/lv\/wp-json\/wp\/v2\/types\/page"}],"author":[{"embeddable":true,"href":"https:\/\/millamore.com\/lv\/wp-json\/wp\/v2\/users\/1"}],"replies":[{"embeddable":true,"href":"https:\/\/millamore.com\/lv\/wp-json\/wp\/v2\/comments?post=7039"}],"version-history":[{"count":15,"href":"https:\/\/millamore.com\/lv\/wp-json\/wp\/v2\/pages\/7039\/revisions"}],"predecessor-version":[{"id":7407,"href":"https:\/\/millamore.com\/lv\/wp-json\/wp\/v2\/pages\/7039\/revisions\/7407"}],"wp:featuredmedia":[{"embeddable":true,"href":"https:\/\/millamore.com\/lv\/wp-json\/wp\/v2\/media\/5843"}],"wp:attachment":[{"href":"https:\/\/millamore.com\/lv\/wp-json\/wp\/v2\/media?parent=7039"}],"curies":[{"name":"wp","href":"https:\/\/api.w.org\/{rel}","templated":true}]}}