{"id":8263,"date":"2026-03-02T10:12:14","date_gmt":"2026-03-02T08:12:14","guid":{"rendered":"https:\/\/millamore.com\/lt\/?page_id=8263"},"modified":"2026-03-02T10:12:15","modified_gmt":"2026-03-02T08:12:15","slug":"store-closed","status":"publish","type":"page","link":"https:\/\/millamore.com\/lt\/store-closed\/","title":{"rendered":"Millamore el. parduotuv\u0117 u\u017edaryta nuo 02.03"},"content":{"rendered":"\n<p>Norime informuoti, kad nuo 02.03 Millamore el. parduotuv\u0117 yra u\u017edaryta.<\/p>\n\n\n\n<p>Visi u\u017esakymai, pateikti iki u\u017edarymo, bus apdoroti ir pristatyti kaip \u012fprasta.<\/p>\n\n\n\n<p>\u0160is sprendimas n\u0117ra susij\u0119s su m\u016bs\u0173 produkt\u0173 ar vertybi\u0173 poky\u010diais. Nusprend\u0117me visi\u0161kai susitelkti \u012f B2B veikl\u0105 ir dar glaudesn\u012f bendradarbiavim\u0105 su m\u016bs\u0173 platintojais, kad Millamore produktai jums b\u016bt\u0173 dar patogiau prieinami per vietinius partnerius.<\/p>\n\n\n\n<p>Millamore produktus ir toliau gal\u0117site \u012fsigyti \u012fvairiose gyv\u016bn\u0173 preki\u0173 parduotuv\u0117se ir internetin\u0117se parduotuv\u0117se visoje Lietuvoje.<\/p>\n\n\n\n<p>Mes ir toliau kuriame bei gaminame auk\u0161tos kokyb\u0117s, nat\u016bralius ir saugius produktus ir remiame savo partnerius, kad galutinius vartotojus visada pasiekt\u0173 geriausias galimas pasirinkimas.<\/p>\n\n\n\n<p>D\u0117kojame u\u017e j\u016bs\u0173 pasitik\u0117jim\u0105 ir palaikym\u0105.<\/p>\n\n\n\n<p>Jeigu turite klausim\u0173 d\u0117l produkt\u0173 prieinamumo, susisiekite su mumis.<\/p>\n\n\n\n<p>Su \u0161il\u010diausiais link\u0117jimais<br>Millamore komanda<\/p>\n","protected":false},"excerpt":{"rendered":"Norime informuoti, kad nuo 02.03 Millamore el. parduotuv\u0117 yra u\u017edaryta. Visi u\u017esakymai, pateikti iki u\u017edarymo, bus apdoroti ir pristatyti kaip \u012fprasta. \u0160is sprendimas n\u0117ra susij\u0119s su m\u016bs\u0173 produkt\u0173 ar vertybi\u0173 poky\u010diais. Nusprend\u0117me visi\u0161kai susitelkti \u012f B2B veikl\u0105 ir dar glaudesn\u012f bendradarbiavim\u0105 su m\u016bs\u0173 platintojais, kad Millamore produktai jums b\u016bt\u0173 dar patogiau prieinami per vietinius partnerius. [&hellip;]","protected":false},"author":1,"featured_media":0,"parent":0,"menu_order":0,"comment_status":"closed","ping_status":"closed","template":"page-templates\/template-store-closed.php","meta":{"_acf_changed":false,"footnotes":""},"class_list":["post-8263","page","type-page","status-publish","hentry"],"acf":[],"yoast_head":"<!-- This site is optimized with the Yoast SEO plugin v23.8 - https:\/\/yoast.com\/wordpress\/plugins\/seo\/ -->\n<title>Millamore el. parduotuv\u0117 u\u017edaryta nuo 02.03 - Millamore Lithuania<\/title>\n<meta name=\"robots\" content=\"index, follow, max-snippet:-1, max-image-preview:large, max-video-preview:-1\" \/>\n<link rel=\"canonical\" href=\"https:\/\/millamore.com\/lt\/store-closed\/\" \/>\n<meta property=\"og:locale\" content=\"lt_LT\" \/>\n<meta property=\"og:type\" content=\"article\" \/>\n<meta property=\"og:title\" content=\"Millamore el. parduotuv\u0117 u\u017edaryta nuo 02.03 - Millamore Lithuania\" \/>\n<meta property=\"og:description\" content=\"Norime informuoti, kad nuo 02.03 Millamore el. parduotuv\u0117 yra u\u017edaryta. Visi u\u017esakymai, pateikti iki u\u017edarymo, bus apdoroti ir pristatyti kaip \u012fprasta. \u0160is sprendimas n\u0117ra susij\u0119s su m\u016bs\u0173 produkt\u0173 ar vertybi\u0173 poky\u010diais. Nusprend\u0117me visi\u0161kai susitelkti \u012f B2B veikl\u0105 ir dar glaudesn\u012f bendradarbiavim\u0105 su m\u016bs\u0173 platintojais, kad Millamore produktai jums b\u016bt\u0173 dar patogiau prieinami per vietinius partnerius. [&hellip;]\" \/>\n<meta property=\"og:url\" content=\"https:\/\/millamore.com\/lt\/store-closed\/\" \/>\n<meta property=\"og:site_name\" content=\"Millamore Lithuania\" \/>\n<meta property=\"article:modified_time\" content=\"2026-03-02T08:12:15+00:00\" \/>\n<meta name=\"twitter:card\" content=\"summary_large_image\" \/>\n<script type=\"application\/ld+json\" class=\"yoast-schema-graph\">{\"@context\":\"https:\/\/schema.org\",\"@graph\":[{\"@type\":\"WebPage\",\"@id\":\"https:\/\/millamore.com\/lt\/store-closed\/\",\"url\":\"https:\/\/millamore.com\/lt\/store-closed\/\",\"name\":\"Millamore el. parduotuv\u0117 u\u017edaryta nuo 02.03 - Millamore Lithuania\",\"isPartOf\":{\"@id\":\"https:\/\/millamore.com\/lt\/#website\"},\"datePublished\":\"2026-03-02T08:12:14+00:00\",\"dateModified\":\"2026-03-02T08:12:15+00:00\",\"breadcrumb\":{\"@id\":\"https:\/\/millamore.com\/lt\/store-closed\/#breadcrumb\"},\"inLanguage\":\"lt-LT\",\"potentialAction\":[{\"@type\":\"ReadAction\",\"target\":[\"https:\/\/millamore.com\/lt\/store-closed\/\"]}]},{\"@type\":\"BreadcrumbList\",\"@id\":\"https:\/\/millamore.com\/lt\/store-closed\/#breadcrumb\",\"itemListElement\":[{\"@type\":\"ListItem\",\"position\":1,\"name\":\"Home\",\"item\":\"https:\/\/millamore.com\/lt\/\"},{\"@type\":\"ListItem\",\"position\":2,\"name\":\"Millamore el. parduotuv\u0117 u\u017edaryta nuo 02.03\"}]},{\"@type\":\"WebSite\",\"@id\":\"https:\/\/millamore.com\/lt\/#website\",\"url\":\"https:\/\/millamore.com\/lt\/\",\"name\":\"Millamore Lithuania\",\"description\":\"\",\"publisher\":{\"@id\":\"https:\/\/millamore.com\/lt\/#organization\"},\"potentialAction\":[{\"@type\":\"SearchAction\",\"target\":{\"@type\":\"EntryPoint\",\"urlTemplate\":\"https:\/\/millamore.com\/lt\/?s={search_term_string}\"},\"query-input\":{\"@type\":\"PropertyValueSpecification\",\"valueRequired\":true,\"valueName\":\"search_term_string\"}}],\"inLanguage\":\"lt-LT\"},{\"@type\":\"Organization\",\"@id\":\"https:\/\/millamore.com\/lt\/#organization\",\"name\":\"Millamore\",\"url\":\"https:\/\/millamore.com\/lt\/\",\"logo\":{\"@type\":\"ImageObject\",\"inLanguage\":\"lt-LT\",\"@id\":\"https:\/\/millamore.com\/lt\/#\/schema\/logo\/image\/\",\"url\":\"https:\/\/millamore.com\/lt\/wp-content\/uploads\/sites\/6\/2022\/02\/MILLAMORE_logo.svg\",\"contentUrl\":\"https:\/\/millamore.com\/lt\/wp-content\/uploads\/sites\/6\/2022\/02\/MILLAMORE_logo.svg\",\"width\":509.62,\"height\":253.61,\"caption\":\"Millamore\"},\"image\":{\"@id\":\"https:\/\/millamore.com\/lt\/#\/schema\/logo\/image\/\"}}]}<\/script>\n<!-- \/ Yoast SEO plugin. -->","yoast_head_json":{"title":"Millamore el. parduotuv\u0117 u\u017edaryta nuo 02.03 - Millamore Lithuania","robots":{"index":"index","follow":"follow","max-snippet":"max-snippet:-1","max-image-preview":"max-image-preview:large","max-video-preview":"max-video-preview:-1"},"canonical":"https:\/\/millamore.com\/lt\/store-closed\/","og_locale":"lt_LT","og_type":"article","og_title":"Millamore el. parduotuv\u0117 u\u017edaryta nuo 02.03 - Millamore Lithuania","og_description":"Norime informuoti, kad nuo 02.03 Millamore el. parduotuv\u0117 yra u\u017edaryta. Visi u\u017esakymai, pateikti iki u\u017edarymo, bus apdoroti ir pristatyti kaip \u012fprasta. \u0160is sprendimas n\u0117ra susij\u0119s su m\u016bs\u0173 produkt\u0173 ar vertybi\u0173 poky\u010diais. Nusprend\u0117me visi\u0161kai susitelkti \u012f B2B veikl\u0105 ir dar glaudesn\u012f bendradarbiavim\u0105 su m\u016bs\u0173 platintojais, kad Millamore produktai jums b\u016bt\u0173 dar patogiau prieinami per vietinius partnerius. [&hellip;]","og_url":"https:\/\/millamore.com\/lt\/store-closed\/","og_site_name":"Millamore Lithuania","article_modified_time":"2026-03-02T08:12:15+00:00","twitter_card":"summary_large_image","schema":{"@context":"https:\/\/schema.org","@graph":[{"@type":"WebPage","@id":"https:\/\/millamore.com\/lt\/store-closed\/","url":"https:\/\/millamore.com\/lt\/store-closed\/","name":"Millamore el. parduotuv\u0117 u\u017edaryta nuo 02.03 - Millamore Lithuania","isPartOf":{"@id":"https:\/\/millamore.com\/lt\/#website"},"datePublished":"2026-03-02T08:12:14+00:00","dateModified":"2026-03-02T08:12:15+00:00","breadcrumb":{"@id":"https:\/\/millamore.com\/lt\/store-closed\/#breadcrumb"},"inLanguage":"lt-LT","potentialAction":[{"@type":"ReadAction","target":["https:\/\/millamore.com\/lt\/store-closed\/"]}]},{"@type":"BreadcrumbList","@id":"https:\/\/millamore.com\/lt\/store-closed\/#breadcrumb","itemListElement":[{"@type":"ListItem","position":1,"name":"Home","item":"https:\/\/millamore.com\/lt\/"},{"@type":"ListItem","position":2,"name":"Millamore el. parduotuv\u0117 u\u017edaryta nuo 02.03"}]},{"@type":"WebSite","@id":"https:\/\/millamore.com\/lt\/#website","url":"https:\/\/millamore.com\/lt\/","name":"Millamore Lithuania","description":"","publisher":{"@id":"https:\/\/millamore.com\/lt\/#organization"},"potentialAction":[{"@type":"SearchAction","target":{"@type":"EntryPoint","urlTemplate":"https:\/\/millamore.com\/lt\/?s={search_term_string}"},"query-input":{"@type":"PropertyValueSpecification","valueRequired":true,"valueName":"search_term_string"}}],"inLanguage":"lt-LT"},{"@type":"Organization","@id":"https:\/\/millamore.com\/lt\/#organization","name":"Millamore","url":"https:\/\/millamore.com\/lt\/","logo":{"@type":"ImageObject","inLanguage":"lt-LT","@id":"https:\/\/millamore.com\/lt\/#\/schema\/logo\/image\/","url":"https:\/\/millamore.com\/lt\/wp-content\/uploads\/sites\/6\/2022\/02\/MILLAMORE_logo.svg","contentUrl":"https:\/\/millamore.com\/lt\/wp-content\/uploads\/sites\/6\/2022\/02\/MILLAMORE_logo.svg","width":509.62,"height":253.61,"caption":"Millamore"},"image":{"@id":"https:\/\/millamore.com\/lt\/#\/schema\/logo\/image\/"}}]}},"_links":{"self":[{"href":"https:\/\/millamore.com\/lt\/wp-json\/wp\/v2\/pages\/8263","targetHints":{"allow":["GET"]}}],"collection":[{"href":"https:\/\/millamore.com\/lt\/wp-json\/wp\/v2\/pages"}],"about":[{"href":"https:\/\/millamore.com\/lt\/wp-json\/wp\/v2\/types\/page"}],"author":[{"embeddable":true,"href":"https:\/\/millamore.com\/lt\/wp-json\/wp\/v2\/users\/1"}],"replies":[{"embeddable":true,"href":"https:\/\/millamore.com\/lt\/wp-json\/wp\/v2\/comments?post=8263"}],"version-history":[{"count":1,"href":"https:\/\/millamore.com\/lt\/wp-json\/wp\/v2\/pages\/8263\/revisions"}],"predecessor-version":[{"id":8264,"href":"https:\/\/millamore.com\/lt\/wp-json\/wp\/v2\/pages\/8263\/revisions\/8264"}],"wp:attachment":[{"href":"https:\/\/millamore.com\/lt\/wp-json\/wp\/v2\/media?parent=8263"}],"curies":[{"name":"wp","href":"https:\/\/api.w.org\/{rel}","templated":true}]}}