{"id":7169,"date":"2021-05-17T13:29:25","date_gmt":"2021-05-17T10:29:25","guid":{"rendered":"https:\/\/millamore.com\/lt\/privaatsuspoliitika\/"},"modified":"2022-10-12T11:40:14","modified_gmt":"2022-10-12T09:40:14","slug":"privatumo-politika-ir-slapukai","status":"publish","type":"page","link":"https:\/\/millamore.com\/lt\/privatumo-politika-ir-slapukai\/","title":{"rendered":"Privatumo politika ir slapukai"},"content":{"rendered":"\n<p><strong>PRIVATUMO POLITIKA<\/strong><\/p>\n\n\n\n<p><strong>1. \u012evadas<\/strong><\/p>\n\n\n\n<p>Tapvei Estonia O\u00dc, reg. Nr. 10431089, adresas: Paekna, Kiili parapija, Harjumaa 75408, Estija (toliau &#8211; Duomen\u0173 valdytojas), tvarko asmens duomenis, surinktus i\u0161 duomen\u0173 subjekto, interneto svetain\u0117s naudotojo (toliau &#8211; Naudotojas), adresu www.millamore.com (toliau &#8211; Interneto svetain\u0117).<\/p>\n\n\n\n<p>Duomen\u0173 valdytojas u\u017etikrina naudotojo privatumo ir asmens duomen\u0173 apsaug\u0105 ir gerbia naudotojo teis\u0119 \u012f asmens duomen\u0173 tvarkymo teis\u0117tum\u0105 pagal \u0161iuos taikytinus teis\u0117s aktus: 2016 m. baland\u017eio 27 d. Europos Parlamento ir Tarybos reglament\u0105 2016\/679 d\u0117l fizini\u0173 asmen\u0173 apsaugos tvarkant asmens duomenis ir d\u0117l laisvo toki\u0173 duomen\u0173 jud\u0117jimo ir kitus taikytinus privatumo ir duomen\u0173 tvarkymo teis\u0117s aktus.<\/p>\n\n\n\n<p>Privatumo politika taikoma duomen\u0173 tvarkymui nepriklausomai nuo to, kokia forma ir (arba) kokioje laikmenoje naudotojas pateikia savo asmens duomenis (svetain\u0117je, popieriuje ar telefonu).<\/p>\n\n\n\n<p><strong><strong>2. Vadovas ir jo kontaktiniai duomenys<\/strong><\/strong><\/p>\n\n\n\n<p>Pagrindinis duomen\u0173 tvarkytojas yra Tapvei Estonia O\u00dc, reg. kodas 10431089, adresas: Paekna, Kiili par., Harju apskritis 75408, Estija. \nInterneto svetain\u0117: www.millamore.com, el. pa\u0161tas: <a href=\"mailto:info@millamore.com\">info@millamore.com<\/a>, telefonas: +372 515 7504.<\/p>\n\n\n\n<p><strong><strong>3. Apdorojimo tikslai<\/strong><\/strong><\/p>\n\n\n\n<p>Kai naudotojas interneto svetain\u0117je esan\u010diose kontaktin\u0117se formose, el. pa\u0161tu ar pa\u0161to adresu pateikia duomen\u0173 valdytojui asmens duomenis, pavyzd\u017eiui, vard\u0105 ir pavard\u0119, el. pa\u0161to ar pa\u0161to adres\u0105, telefono numer\u012f, asmens duomenis ir t. t., duomen\u0173 valdytojas saugo ir naudoja \u0161i\u0105 informacij\u0105, kad gal\u0117t\u0173 \u012fvykdyti arba sudaryti atitinkam\u0105 paslaug\u0173 sutart\u012f.<\/p>\n\n\n\n<p>Duomen\u0173 valdytojas turi tvarkyti \u0161iuos duomenis, kad gal\u0117t\u0173 nustatyti kliento tapatyb\u0119, sudaryti ir sudaryti sutart\u012f bei \u012frodyti, kad sutartis sudaryta, teikti ir pri\u017ei\u016br\u0117ti paslaug\u0105, aptarnauti klient\u0105, tvarkyti ir apdoroti pra\u0161ymus ir pretenzijas, tvarkyti s\u0105skaitas fakt\u016bras ir kitais tikslais, tiesiogiai susijusiais su sutarties sudarymu ar vykdymu.<\/p>\n\n\n\n<p>Jei naudotojas sutiko gauti tiesiogin\u0117s rinkodaros pasi\u016blymus u\u017esiregistruodamas svetain\u0117je, apsipirkdamas be registracijos arba u\u017esiprenumerav\u0119s naujienlai\u0161k\u012f, duomen\u0173 valdytojas tvarko pateiktus duomenis, persi\u0173sdamas naudotojui atitinkamus tiesiogin\u0117s rinkodaros pasi\u016blymus.<\/p>\n\n\n\n<p><strong><strong>4. Asmens duomen\u0173 kategorijos<\/strong><\/strong><\/p>\n\n\n\n<p>Asmens duomen\u0173 kategorijos: vardas ir pavard\u0117, el. pa\u0161to arba pa\u0161to adresas, IP adresas, telefono numeris, \u017einut\u0117s ar lai\u0161ko turinys ir kt.<\/p>\n\n\n\n<p><strong><strong>5.Asmens duomen\u0173 gav\u0117j\u0173 kategorijos<\/strong><\/strong><\/p>\n\n\n\n<p>Duomenys atskleid\u017eiami tiems duomen\u0173 valdytojo darbuotojams, kuriems j\u0173 reikia tiesiogin\u0117ms pareigoms atlikti ir atitinkamai paslaug\u0173 sutar\u010diai vykdyti arba sudaryti.<\/p>\n\n\n\n<p>Gaudamas ir naudodamas asmens duomenis, duomen\u0173 valdytojas gali naudotis i\u0161or\u0117s paslaug\u0173 teik\u0117j\u0173 paslaugomis, kurie grie\u017etai laikosi duomen\u0173 valdytojo nurodym\u0173 pagal sutart\u012f ir kuriuos duomen\u0173 valdytojas nuolat stebi prie\u0161 ir po paslaugos naudojimo.<\/p>\n\n\n\n<p><strong><strong>6. Duomen\u0173 subjekt\u0173 kategorijos<\/strong><\/strong><\/p>\n\n\n\n<p>Duomen\u0173 subjekt\u0173 kategorijos: esami, buv\u0119 ir potencial\u016bs duomen\u0173 valdytojo klientai.<\/p>\n\n\n\n<p><strong><strong>7. Duomen\u0173 perdavimas u\u017e Estijos rib\u0173<\/strong><\/strong><\/p>\n\n\n\n<p>Surinkt\u0105 informacij\u0105 galime perduoti tre\u010diosioms \u0161alims, kurios padeda Valdytojui vykdyti tiesiogin\u0119 rinkodar\u0105, administruoti svetain\u0119 arba kurti svetain\u0117s funkcijas. Taip pat naudojame &#8222;Google&#8221;, &#8222;Facebook&#8221; ir kitus paslaug\u0173 teik\u0117jus internetinei reklamai. Apie \u0161i\u0173 paslaug\u0173 teik\u0117j\u0173 duomen\u0173 apsaugos politik\u0105, renkamus duomenis ir asmens duomen\u0173 tvarkym\u0105 galite su\u017einoti j\u0173 interneto svetain\u0117se <a href=\"https:\/\/www.facebook.com\/policies\/ads\" target=\"_blank\" rel=\"noreferrer noopener\">https:\/\/www.facebook.com\/policies\/ads<\/a> ir <a href=\"https:\/\/policies.google.com\/technologies\/ads\" target=\"_blank\" rel=\"noreferrer noopener\">https:\/\/policies.google.com\/technologies\/ads<\/a>.<\/p>\n\n\n\n<p><strong><strong>8. Duomen\u0173 saugojimo laikotarpis<\/strong><\/strong><\/p>\n\n\n\n<p>Jei duomen\u0173 apsaugos gair\u0117se nenurodyta kitaip, duomen\u0173 valdytojas i\u0161trina asmens duomenis ne v\u0117liau kaip po dvylikos m\u0117nesi\u0173 nuo pirmin\u0117s duomen\u0173 saugojimo prie\u017easties i\u0161nykimo, i\u0161skyrus atvejus, kai tokio saugojimo reikalauja teisin\u0117 prievol\u0117 (pvz., apskaitos ar teismini\u0173 gin\u010d\u0173 vedimo tikslais).<\/p>\n\n\n\n<p><strong><strong>9. Duomen\u0173 subjekto teis\u0117 susipa\u017einti su asmens duomenimis<\/strong><\/strong><\/p>\n\n\n\n<p>Duomen\u0173 subjektas turi teis\u0119 susipa\u017einti su savo asmens duomenimis per vien\u0105 m\u0117nes\u012f nuo atitinkamo pra\u0161ymo pateikimo dienos.<\/p>\n\n\n\n<p>Nor\u0117damas pasinaudoti \u0161ia teise, naudotojas gali pateikti pra\u0161ym\u0105 ra\u0161tu \u012f duomen\u0173 valdytojo registruot\u0105 buvein\u0119 (su asmens tapatyb\u0119 patvirtinan\u010diu dokumentu) arba elektroniniu pa\u0161tu, pasira\u0161ydamas pra\u0161ym\u0105 elektroniniu para\u0161u.<\/p>\n\n\n\n<p>Kai duomen\u0173 valdytojas gauna naudotojo pra\u0161ym\u0105 pasinaudoti savo teis\u0117mis, jis patikrina naudotojo tapatyb\u0119, \u012fvertina pra\u0161ym\u0105 ir j\u012f patenkina teis\u0117s akt\u0173 nustatyta tvarka.<\/p>\n\n\n\n<p>Vartotojas turi teis\u0119 gauti informacij\u0105 apie savo asmens duomen\u0173 tvarkym\u0105, susipa\u017einti su savo asmens duomenimis, pra\u0161yti duomen\u0173 valdytojo papildyti, i\u0161taisyti, i\u0161trinti arba apriboti duomen\u0173 tvarkym\u0105 ir nesutikti su duomen\u0173 tvarkymu, jei \u0161ios teis\u0117s neprie\u0161tarauja duomen\u0173 tvarkymo tikslui.<\/p>\n\n\n\n<p>Duomen\u0173 subjektas neturi teis\u0117s gauti informacijos, jei tokios informacijos atskleidimas draud\u017eiamas pagal \u012fstatymus ir kitus teis\u0117s aktus nacionalinio saugumo, nacionalin\u0117s gynybos, visuomen\u0117s saugumo ir baud\u017eiamosios teis\u0117s srityse, taip pat siekiant u\u017etikrinti visuomen\u0117s finansinius interesus mokes\u010di\u0173 apsaugos, pinig\u0173 plovimo ir terorizmo finansavimo prevencijos, finans\u0173 rinkos dalyvi\u0173 prie\u017ei\u016bros ir j\u0173 garantij\u0173 sistem\u0173 veikimo, pertvarkymo ir makroekonomin\u0117s analiz\u0117s srityse.<\/p>\n\n\n\n<p><strong><strong>10. Teis\u0117 pateikti skund\u0105 prie\u017ei\u016bros institucijai<\/strong><\/strong><\/p>\n\n\n\n<p>Duomen\u0173 subjektas turi teis\u0119 pateikti skund\u0105 Duomen\u0173 apsaugos inspekcijai, Tatari 39, Talinas. Duomen\u0173 apsaugos inspekcija taip pat priima el. lai\u0161kus adresu <a href=\"mailto:info@aki.ee\" target=\"_blank\" rel=\"noreferrer noopener\">info@aki.ee<\/a>.<\/p>\n\n\n\n<p><strong><strong>11. Duomen\u0173 apsaugos pareig\u016bno kontaktiniai duomenys<\/strong><\/strong><\/p>\n\n\n\n<p>Informacija apie duomen\u0173 valdytojo duomen\u0173 apsaugos pareig\u016bn\u0105:<\/p>\n\n\n\n<p>Tapvei Estonia O\u00dc<br>Paekna, Kiiliu savivaldyb\u0117, Harju apskritis 75408, Estija<br><a href=\"mailto:info@millamore.com\">info@millamore.com<\/a><\/p>\n\n\n\n<div style=\"height:48px\" aria-hidden=\"true\" class=\"wp-block-spacer\"><\/div>\n\n\n\n<p><strong><strong>SLAPUK\u0172 NAUDOJIMO PRINCIPAI<\/strong><\/strong><\/p>\n\n\n\n<p>1. www.millamore.com (toliau &#8211; Svetain\u0117) renka duomenis apie Svetain\u0117s lankytojus, kad u\u017etikrint\u0173 Svetain\u0117s kokyb\u0119 ir \u012fvertint\u0173, kaip tobulinti Svetain\u0119.<\/p>\n\n\n\n<p>2. Pagrindinis duomen\u0173 tvarkytojas, renkantis duomenis apie Svetain\u0117s lankytojus, yra &#8222;Tapvei Estonia O\u00dc&#8221;, reg. kodas 10431089, (toliau &#8211; Duomen\u0173 valdytojas).<\/p>\n\n\n\n<p>3. Pagrindinio duomen\u0173 valdytojo adresas: Paekna, Kiili savivaldyb\u0117, Harju apskritis 75408, Estija, el. pa\u0161tas: <a href=\"mailto:info@millamore.com\">info@millamore.com<\/a>, telefonas: +372 515 7504.<\/p>\n\n\n\n<p>4. Valdytojas nuolat tobulina svetain\u0119, kad pagerint\u0173 jos patogum\u0105. Tod\u0117l manome, kad svarbu rinkti informacij\u0105 apie tai, kokia informacija svarbi lankytojams, kaip da\u017enai jie lankosi svetain\u0117je, kokius \u012frenginius ir nar\u0161ykles naudoja, i\u0161 kokio regiono yra atvyk\u0119 ir kok\u012f turin\u012f nori skaityti.<\/p>\n\n\n\n<p>5. Valdytojas naudoja &#8222;Google Analytics&#8221;, kuri leid\u017eia analizuoti, kaip lankytojai naudojasi svetaine. Nor\u0117dami su\u017einoti daugiau apie &#8222;Google Analytics&#8221; veikim\u0105, apsilankykite &#8222;Google&#8221; svetain\u0117je. <a href=\"https:\/\/support.google.com\/analytics\/answer\/1012034?hl=lten&amp;ref_topic=6157800\" target=\"_blank\" rel=\"noreferrer noopener\">https:\/\/support.google.com\/analytics\/answer\/1012034?hl=lten&amp;ref_topic=6157800<\/a>. Duomen\u0173 valdytojas naudoja surinktus duomenis, kad geriau suprast\u0173 svetain\u0117s lankytoj\u0173 poreikius ir pagerint\u0173 duomen\u0173 valdytojo atskleistos informacijos prieinamum\u0105.<\/p>\n\n\n\n<p>6. Svetain\u0117s prieglobos serveris gali saugoti lankytojo i\u0161si\u0173stas u\u017eklausas (naudojamas \u012frenginys, nar\u0161ykl\u0117, IP adresas, prisijungimo data ir laikas). \u0160iame skyriuje nurodyta informacija bus naudojama techniniais tikslais, siekiant u\u017etikrinti tinkam\u0105 svetain\u0117s veikim\u0105 ir saugum\u0105 bei i\u0161tirti galimus saugumo incidentus. \u0160ioje dalyje nurodyt\u0173 duomen\u0173 rinkimas grind\u017eiamas teis\u0117tu duomen\u0173 valdytojo interesu u\u017etikrinti svetain\u0117s funkcionalum\u0105, prieinamum\u0105 ir vientisum\u0105.<\/p>\n\n\n\n<p>7.Slapukai &#8211; tai nedideli failai, kuriuos nar\u0161ykl\u0117 i\u0161saugo lankytojo kompiuteryje kiekvien\u0105 kart\u0105, kai lankytojas apsilanko svetain\u0117je, tiek, kiek nurodyta lankytojo kompiuterio nar\u0161ykl\u0117s nustatymuose. Tam tikri slapukai naudojami siekiant parinkti ir pritaikyti lankytojui si\u016blom\u0105 informacij\u0105 ir reklam\u0105, atsi\u017evelgiant \u012f lankytojo anks\u010diau per\u017ei\u016br\u0117t\u0105 turin\u012f, kad lankytojui naudotis svetaine b\u016bt\u0173 paprasta, patogu ir individualiai pritaikyta. Daugiau informacijos apie slapukus ir kaip juos i\u0161trinti bei tvarkyti rasite adresu <a href=\"http:\/\/www.aboutcookies.org\" target=\"_blank\" rel=\"noreferrer noopener\">www.aboutcookies.org<\/a>.<\/p>\n\n\n\n<p>8. Svetain\u0117je naudojami slapukai, kad b\u016bt\u0173 renkami naudotoj\u0173 IP adresai ir nar\u0161ymo duomenys, taip pat kad svetain\u0117 gal\u0117t\u0173 \u012fsiminti lankytoj\u0173 pageidavimus. Slapukai leid\u017eia Valdytojui sekti svetain\u0117s lankomum\u0105 ir naudotoj\u0173 s\u0105veik\u0105 su svetaine &#8211; Valdytojas naudoja \u0161iuos duomenis lankytoj\u0173 elgsenai analizuoti ir svetainei tobulinti.<\/p>\n\n\n\n<p>9. Rinkodaros slapukus taip pat naudojame lankytoj\u0173 veiklai svetain\u0117je steb\u0117ti. \u0160i\u0173 slapuk\u0173 paskirtis &#8211; rodyti konkre\u010diam naudotojui asmeni\u0161kai pritaikytas reklamas, tod\u0117l jos vertingesn\u0117s reklamuotojams.<\/p>\n\n\n\n<p>10. Lankytojas gali tvarkyti ir (arba) i\u0161trinti slapukus savo nuo\u017ei\u016bra. Daugiau informacijos galima rasti adresu <a href=\"http:\/\/www.aboutcookies.org\" target=\"_blank\" rel=\"noreferrer noopener\">www.aboutcookies.org<\/a>. Lankytojas gali i\u0161trinti visus slapukus i\u0161 savo kompiuterio. Taip pat galite nustatyti, kad dauguma interneto nar\u0161ykli\u0173 blokuot\u0173 slapuk\u0173 i\u0161saugojim\u0105 j\u016bs\u0173 kompiuteryje. Lankytojai gali atsisakyti slapuk\u0173 per nar\u0161ykl\u0117s meniu arba adresu <a href=\"https:\/\/tools.google.com\/dlpage\/gaoptout\" target=\"_blank\" rel=\"noreferrer noopener\">https:\/\/tools.google.com\/dlpage\/gaoptout<\/a>. Nor\u0117damas atlikti reikiamus nustatymus, lankytojas tur\u0117t\u0173 susipa\u017einti su savo nar\u0161ykl\u0117s naudojimo s\u0105lygomis. U\u017eblokavus slapukus, naudotojas turi rankiniu b\u016bdu keisti nustatymus kiekvien\u0105 kart\u0105 lankydamasis svetain\u0117je, tod\u0117l kai kurios paslaugos ir funkcijos gali neveikti.<\/p>\n\n\n\n<p>11. Tik valdytojas turi prieig\u0105 prie statistini\u0173 duomen\u0173 apie svetain\u0117s lankytojus.<\/p>\n\n\n\n<p>12. Svetain\u0117je \u012fdiegtas &#8222;Facebook Pixel&#8221;. \u0160io \u012frankio tikslas &#8211; pritaikyti turin\u012f ir skelbimus &#8222;Facebook&#8221; naudotojams. Daugiau informacijos apie &#8222;Facebook&#8221; privatumo politikos ir &#8222;Facebook&#8221; reklamos nustatym\u0173 keitim\u0105 rasite adresu <a href=\"https:\/\/www.facebook.com\/about\/privacy\">https:\/\/www.<\/a><a href=\"https:\/\/www.facebook.com\/about\/privacy\" target=\"_blank\" rel=\"noreferrer noopener\">facebook<\/a><a href=\"https:\/\/www.facebook.com\/about\/privacy\">.com\/about\/privacy<\/a>.<\/p>\n\n\n\n<p>13. Jei nenurodyta kitaip, slapukai saugomi veiklos, d\u0117l kurios jie buvo surinkti, laikotarpiu ir v\u0117liau i\u0161trinami.<\/p>\n\n\n\n<p>14. Jei duomen\u0173 valdytojo interneto svetain\u0117je sukuriamas forumas arba komentavimo galimyb\u0117, interneto svetain\u0117je i\u0161saugomas IP adresas ir lankytojo \u012fvesti duomenys. Slapukai su \u0161iais duomenimis saugomi vienerius metus, kad jums nereik\u0117t\u0173 kiekvien\u0105 kart\u0105 i\u0161 naujo \u012fvesti duomen\u0173.<\/p>\n\n\n\n<p>15. Duomen\u0173 valdytojas patvirtina, kad slapukai ir statistiniai duomenys renkami, tvarkomi ir saugomi laikantis Europos S\u0105jungos teis\u0117s akt\u0173, \u012fskaitant 2016 m. baland\u017eio 27 d. Europos Parlamento ir Tarybos bendr\u0105j\u012f reglament\u0105 (ES) 2016\/679 d\u0117l fizini\u0173 asmen\u0173 apsaugos tvarkant asmens duomenis, reikalavim\u0173.<\/p>\n\n\n\n<p>16. Duomen\u0173 valdytojas pasilieka teis\u0119 bet kada pakeisti \u0161iuos principus. Svetain\u0117s lankytojai privalo patys tikrinti Svetain\u0117s turin\u012f, kad susipa\u017eint\u0173 su s\u0105lyg\u0173 pakeitimais.<\/p>\n","protected":false},"excerpt":{"rendered":"PRIVATUMO POLITIKA 1. \u012evadas Tapvei Estonia O\u00dc, reg. Nr. 10431089, adresas: Paekna, Kiili parapija, Harjumaa 75408, Estija (toliau &#8211; Duomen\u0173 valdytojas), tvarko asmens duomenis, surinktus i\u0161 duomen\u0173 subjekto, interneto svetain\u0117s naudotojo (toliau &#8211; Naudotojas), adresu www.millamore.com (toliau &#8211; Interneto svetain\u0117). Duomen\u0173 valdytojas u\u017etikrina naudotojo privatumo ir asmens duomen\u0173 apsaug\u0105 ir gerbia naudotojo teis\u0119 \u012f asmens [&hellip;]","protected":false},"author":1,"featured_media":0,"parent":0,"menu_order":0,"comment_status":"closed","ping_status":"closed","template":"","meta":{"_acf_changed":false,"footnotes":""},"class_list":["post-7169","page","type-page","status-publish","hentry"],"acf":[],"yoast_head":"<!-- This site is optimized with the Yoast SEO plugin v23.8 - https:\/\/yoast.com\/wordpress\/plugins\/seo\/ -->\n<title>Privatumo politika ir slapukai - Millamore<\/title>\n<meta name=\"robots\" content=\"index, follow, max-snippet:-1, max-image-preview:large, max-video-preview:-1\" \/>\n<link rel=\"canonical\" href=\"https:\/\/millamore.com\/lt\/privatumo-politika-ir-slapukai\/\" \/>\n<meta property=\"og:locale\" content=\"lt_LT\" \/>\n<meta property=\"og:type\" content=\"article\" \/>\n<meta property=\"og:title\" content=\"Privatumo politika ir slapukai - Millamore\" \/>\n<meta property=\"og:description\" content=\"PRIVATUMO POLITIKA 1. \u012evadas Tapvei Estonia O\u00dc, reg. Nr. 10431089, adresas: Paekna, Kiili parapija, Harjumaa 75408, Estija (toliau &#8211; Duomen\u0173 valdytojas), tvarko asmens duomenis, surinktus i\u0161 duomen\u0173 subjekto, interneto svetain\u0117s naudotojo (toliau &#8211; Naudotojas), adresu www.millamore.com (toliau &#8211; Interneto svetain\u0117). Duomen\u0173 valdytojas u\u017etikrina naudotojo privatumo ir asmens duomen\u0173 apsaug\u0105 ir gerbia naudotojo teis\u0119 \u012f asmens [&hellip;]\" \/>\n<meta property=\"og:url\" content=\"https:\/\/millamore.com\/lt\/privatumo-politika-ir-slapukai\/\" \/>\n<meta property=\"og:site_name\" content=\"Millamore Lithuania\" \/>\n<meta property=\"article:modified_time\" content=\"2022-10-12T09:40:14+00:00\" \/>\n<meta name=\"twitter:card\" content=\"summary_large_image\" \/>\n<script type=\"application\/ld+json\" class=\"yoast-schema-graph\">{\"@context\":\"https:\/\/schema.org\",\"@graph\":[{\"@type\":\"WebPage\",\"@id\":\"https:\/\/millamore.com\/lt\/privatumo-politika-ir-slapukai\/\",\"url\":\"https:\/\/millamore.com\/lt\/privatumo-politika-ir-slapukai\/\",\"name\":\"Privatumo politika ir slapukai - Millamore\",\"isPartOf\":{\"@id\":\"https:\/\/millamore.com\/lt\/#website\"},\"datePublished\":\"2021-05-17T10:29:25+00:00\",\"dateModified\":\"2022-10-12T09:40:14+00:00\",\"breadcrumb\":{\"@id\":\"https:\/\/millamore.com\/lt\/privatumo-politika-ir-slapukai\/#breadcrumb\"},\"inLanguage\":\"lt-LT\",\"potentialAction\":[{\"@type\":\"ReadAction\",\"target\":[\"https:\/\/millamore.com\/lt\/privatumo-politika-ir-slapukai\/\"]}]},{\"@type\":\"BreadcrumbList\",\"@id\":\"https:\/\/millamore.com\/lt\/privatumo-politika-ir-slapukai\/#breadcrumb\",\"itemListElement\":[{\"@type\":\"ListItem\",\"position\":1,\"name\":\"Home\",\"item\":\"https:\/\/millamore.com\/lt\/\"},{\"@type\":\"ListItem\",\"position\":2,\"name\":\"Privatumo politika ir slapukai\"}]},{\"@type\":\"WebSite\",\"@id\":\"https:\/\/millamore.com\/lt\/#website\",\"url\":\"https:\/\/millamore.com\/lt\/\",\"name\":\"Millamore Lithuania\",\"description\":\"\",\"publisher\":{\"@id\":\"https:\/\/millamore.com\/lt\/#organization\"},\"potentialAction\":[{\"@type\":\"SearchAction\",\"target\":{\"@type\":\"EntryPoint\",\"urlTemplate\":\"https:\/\/millamore.com\/lt\/?s={search_term_string}\"},\"query-input\":{\"@type\":\"PropertyValueSpecification\",\"valueRequired\":true,\"valueName\":\"search_term_string\"}}],\"inLanguage\":\"lt-LT\"},{\"@type\":\"Organization\",\"@id\":\"https:\/\/millamore.com\/lt\/#organization\",\"name\":\"Millamore\",\"url\":\"https:\/\/millamore.com\/lt\/\",\"logo\":{\"@type\":\"ImageObject\",\"inLanguage\":\"lt-LT\",\"@id\":\"https:\/\/millamore.com\/lt\/#\/schema\/logo\/image\/\",\"url\":\"https:\/\/millamore.com\/lt\/wp-content\/uploads\/sites\/6\/2022\/02\/MILLAMORE_logo.svg\",\"contentUrl\":\"https:\/\/millamore.com\/lt\/wp-content\/uploads\/sites\/6\/2022\/02\/MILLAMORE_logo.svg\",\"width\":509.62,\"height\":253.61,\"caption\":\"Millamore\"},\"image\":{\"@id\":\"https:\/\/millamore.com\/lt\/#\/schema\/logo\/image\/\"}}]}<\/script>\n<!-- \/ Yoast SEO plugin. -->","yoast_head_json":{"title":"Privatumo politika ir slapukai - Millamore","robots":{"index":"index","follow":"follow","max-snippet":"max-snippet:-1","max-image-preview":"max-image-preview:large","max-video-preview":"max-video-preview:-1"},"canonical":"https:\/\/millamore.com\/lt\/privatumo-politika-ir-slapukai\/","og_locale":"lt_LT","og_type":"article","og_title":"Privatumo politika ir slapukai - Millamore","og_description":"PRIVATUMO POLITIKA 1. \u012evadas Tapvei Estonia O\u00dc, reg. Nr. 10431089, adresas: Paekna, Kiili parapija, Harjumaa 75408, Estija (toliau &#8211; Duomen\u0173 valdytojas), tvarko asmens duomenis, surinktus i\u0161 duomen\u0173 subjekto, interneto svetain\u0117s naudotojo (toliau &#8211; Naudotojas), adresu www.millamore.com (toliau &#8211; Interneto svetain\u0117). Duomen\u0173 valdytojas u\u017etikrina naudotojo privatumo ir asmens duomen\u0173 apsaug\u0105 ir gerbia naudotojo teis\u0119 \u012f asmens [&hellip;]","og_url":"https:\/\/millamore.com\/lt\/privatumo-politika-ir-slapukai\/","og_site_name":"Millamore Lithuania","article_modified_time":"2022-10-12T09:40:14+00:00","twitter_card":"summary_large_image","schema":{"@context":"https:\/\/schema.org","@graph":[{"@type":"WebPage","@id":"https:\/\/millamore.com\/lt\/privatumo-politika-ir-slapukai\/","url":"https:\/\/millamore.com\/lt\/privatumo-politika-ir-slapukai\/","name":"Privatumo politika ir slapukai - Millamore","isPartOf":{"@id":"https:\/\/millamore.com\/lt\/#website"},"datePublished":"2021-05-17T10:29:25+00:00","dateModified":"2022-10-12T09:40:14+00:00","breadcrumb":{"@id":"https:\/\/millamore.com\/lt\/privatumo-politika-ir-slapukai\/#breadcrumb"},"inLanguage":"lt-LT","potentialAction":[{"@type":"ReadAction","target":["https:\/\/millamore.com\/lt\/privatumo-politika-ir-slapukai\/"]}]},{"@type":"BreadcrumbList","@id":"https:\/\/millamore.com\/lt\/privatumo-politika-ir-slapukai\/#breadcrumb","itemListElement":[{"@type":"ListItem","position":1,"name":"Home","item":"https:\/\/millamore.com\/lt\/"},{"@type":"ListItem","position":2,"name":"Privatumo politika ir slapukai"}]},{"@type":"WebSite","@id":"https:\/\/millamore.com\/lt\/#website","url":"https:\/\/millamore.com\/lt\/","name":"Millamore Lithuania","description":"","publisher":{"@id":"https:\/\/millamore.com\/lt\/#organization"},"potentialAction":[{"@type":"SearchAction","target":{"@type":"EntryPoint","urlTemplate":"https:\/\/millamore.com\/lt\/?s={search_term_string}"},"query-input":{"@type":"PropertyValueSpecification","valueRequired":true,"valueName":"search_term_string"}}],"inLanguage":"lt-LT"},{"@type":"Organization","@id":"https:\/\/millamore.com\/lt\/#organization","name":"Millamore","url":"https:\/\/millamore.com\/lt\/","logo":{"@type":"ImageObject","inLanguage":"lt-LT","@id":"https:\/\/millamore.com\/lt\/#\/schema\/logo\/image\/","url":"https:\/\/millamore.com\/lt\/wp-content\/uploads\/sites\/6\/2022\/02\/MILLAMORE_logo.svg","contentUrl":"https:\/\/millamore.com\/lt\/wp-content\/uploads\/sites\/6\/2022\/02\/MILLAMORE_logo.svg","width":509.62,"height":253.61,"caption":"Millamore"},"image":{"@id":"https:\/\/millamore.com\/lt\/#\/schema\/logo\/image\/"}}]}},"_links":{"self":[{"href":"https:\/\/millamore.com\/lt\/wp-json\/wp\/v2\/pages\/7169","targetHints":{"allow":["GET"]}}],"collection":[{"href":"https:\/\/millamore.com\/lt\/wp-json\/wp\/v2\/pages"}],"about":[{"href":"https:\/\/millamore.com\/lt\/wp-json\/wp\/v2\/types\/page"}],"author":[{"embeddable":true,"href":"https:\/\/millamore.com\/lt\/wp-json\/wp\/v2\/users\/1"}],"replies":[{"embeddable":true,"href":"https:\/\/millamore.com\/lt\/wp-json\/wp\/v2\/comments?post=7169"}],"version-history":[{"count":2,"href":"https:\/\/millamore.com\/lt\/wp-json\/wp\/v2\/pages\/7169\/revisions"}],"predecessor-version":[{"id":7524,"href":"https:\/\/millamore.com\/lt\/wp-json\/wp\/v2\/pages\/7169\/revisions\/7524"}],"wp:attachment":[{"href":"https:\/\/millamore.com\/lt\/wp-json\/wp\/v2\/media?parent=7169"}],"curies":[{"name":"wp","href":"https:\/\/api.w.org\/{rel}","templated":true}]}}