{"id":7132,"date":"2021-10-04T13:45:34","date_gmt":"2021-10-04T10:45:34","guid":{"rendered":"https:\/\/millamore.com\/lt\/meist\/"},"modified":"2022-10-12T11:38:11","modified_gmt":"2022-10-12T09:38:11","slug":"apie-mus","status":"publish","type":"page","link":"https:\/\/millamore.com\/lt\/apie-mus\/","title":{"rendered":"Apie mus"},"content":{"rendered":"    <div id=\"two-column-block-block_615ad96f020e9\" class=\"two-column-block\">\n        <div class=\"row\">\n                                            <div class=\"two_column col-lg-6 col-12 d-flex flex-column align-items-start\">\n                    <p>Millamore jau daugiau kaip 38 metus r\u016bpinasi ma\u017e\u0173 gyv\u016bn\u0173 gerove ir si\u016blo auk\u0161\u010diausios kokyb\u0117s 100 % nat\u016bralius pakratus, u\u017epildus gra\u017eik\u0173 guoliams, \u017eaislus ir priedus, taip pat maist\u0105 triu\u0161iams ir j\u016br\u0173 kiaulyt\u0117ms. Millamore gaminiai parduodami daugiau nei 20 \u0161ali\u0173, o m\u016bs\u0173 p\u016bkuoti draugai ir gerb\u0117jai yra visame pasaulyje.<\/p>\n                <\/div>\n                                            <div class=\"two_column col-lg-6 col-12 d-flex flex-column align-items-start\">\n                    <p>Toliau kuriame \u012fdomius ir saugius produktus, kurie gerai tarnauja, gerina gyv\u016bn\u0173 gerov\u0119 ir praturtina gyv\u016bn\u0173 bei j\u0173 \u0161eim\u0173 gyvenim\u0105.<\/p>\n<p><strong>MILLAMORE \u2013 viskas, ko reikia j\u016bs\u0173 augintiniui!<\/strong><\/p>\n                <\/div>\n                    <\/div>\n    <\/div>\n\n\n    <div id=\"image-text-block_615ad992020ec\" class=\"image-text-block\">\n        <h2>Millamore kokyb\u0117<\/h2>                    <div class=\"row\">\n                                                                        <div class=\"two_column col-lg-6 col-12 d-flex flex-column align-items-start mobile-top\">\n                                                    <p>Millamore kraikai dvi valandas d\u017eiovinami 100-120 \u00b0C temperat\u016broje, kad dr\u0117gm\u0117s kiekis nevir\u0161yt\u0173 10 %. D\u0117l ma\u017eo dr\u0117gm\u0117s kiekio ir kraiko daleli\u0173 dyd\u017eio bei formos Millamore kraikas sugeria 200 % dr\u0117gm\u0117s. Auk\u0161ta temperat\u016bra taip pat sunaikina kraike esan\u010dius mikroorganizmus (bakterijas, pel\u0117sius, mieles). Palyginti su kitais med\u017eio kraiko pakratais, Millamore pasi\u017eymi tris kartus didesne amoniako suri\u0161imo geba. D\u0117l to narve esantis oras i\u0161lieka \u0161varus ir nekenksmingas, o kraik\u0105 reikia keisti re\u010diau.<\/p>\n                                                                            <a href=\"https:\/\/millamore.com\/lt\/produkto-kategorija\/kraikai\/\" class=\"img-link\">\n                                <img loading=\"lazy\" decoding=\"async\" class=\"fade-in-up\" src=\"https:\/\/millamore.com\/lt\/wp-content\/uploads\/sites\/6\/2021\/10\/Group-4-1.png\" alt=\"\" width=\"746\" height=\"688\">\n                            <\/a>\n                                            <\/div>\n                                                        <div class=\"two_column col-lg-6 col-12 d-flex flex-column align-items-start \">\n                                                    <p>Be to, drebul\u0117s mediena yra saugesn\u0117 u\u017e pu\u0161ies ar egl\u0117s medien\u0105, nes joje ma\u017eai pineno, n\u0117ra chemini\u0173 pried\u0173 ar pramonini\u0173 medienos liku\u010di\u0173. <\/p>\n<p>Millamore kraikai yra be dulki\u0173 ir a\u0161tri\u0173 kra\u0161t\u0173. Dulk\u0117s gali paveikti gyv\u016bn\u0173 ir \u017emoni\u0173 kv\u0117pavimo takus, o a\u0161trios briaunos yra pagrindinis dulki\u0173 \u0161altinis ir gali pa\u017eeisti jautri\u0105 od\u0105. Dulki\u0173 kiekis m\u016bs\u0173 pakratuose yra artimas nuliui (0,1-0,7 %). Kituose med\u017eio pakratuose &#8211; da\u017eniausiai pjuvenose, da\u017enai naudojamose naminiams gyv\u016bnams &#8211; gali b\u016bti iki 15 % dulki\u0173. <\/p>\n<p>Gamybos metu nesusidaro atliek\u0173 ir naudojama bioenergija. Visi produktai yra biologi\u0161kai skaid\u016bs ir gali b\u016bti kompostuojami arba naudojami kaip ekologi\u0161kas kuras. <\/p>\n<p>Produkt\u0173 sauga ir grynumas reguliariai tikrinami d\u0117l daugiau kaip 200 element\u0173 ir jungini\u0173. Millamore produktai reguliariai tikrinami d\u0117l bakterij\u0173, toksini\u0173 jungini\u0173, pesticid\u0173 ir kt. ir atitinka gyv\u016bn\u0173 pa\u0161arams keliamus reikalavimus. <\/p>\n<p>Gamybos procese laikom\u0117s ekologinio ir tvaraus \u016bkininkavimo standart\u0173. \u017daliav\u0173 atveju laikom\u0117s FSC atsakingo mi\u0161k\u0173 valdymo princip\u0173. M\u016bs\u0173 \u017ealiavos gaunamos i\u0161 netoliese esan\u010di\u0173 vietovi\u0173, kad b\u016bt\u0173 kuo ma\u017eiau i\u0161metama CO2. <\/p>\n                                                                    <\/div>\n                            <\/div>\n            <\/div>\n\n\n    <div id=\"image-text-block_615ada06020f0\" class=\"image-text-block\">\n        <h2>Kraikas ir u\u017epildai grau\u017eik\u0173 guoliams<\/h2>                    <div class=\"row\">\n                                                                        <div class=\"two_column col-lg-6 col-12 d-flex flex-column align-items-start \">\n                                                    <p><strong>Visi\u0161kai nat\u016bral\u016bs, biologi\u0161kai suyranti ir laboratorijoje patikrinti rebul\u0117s kraiko ir guoli\u0173 u\u017epildai<\/strong><\/p>\n<p>Kadangi guolis labai svarbus j\u016bs\u0173 augintinio nam\u0173 aplinkos dizainui ir sveikatai, svarbu pasirinkti saug\u0173, netoksi\u0161k\u0105 ir 100 % nat\u016bral\u0173 be dulki\u0173 variant\u0105. Norime, kad gyv\u016bn\u0173 augintini\u0173 savininkai tur\u0117t\u0173 geresn\u012f pasirinkim\u0105 ir gal\u0117t\u0173 savo p\u016bkuotiems draugams pasi\u016blyti toki\u0105 pa\u010di\u0105 kokyb\u0119, koki\u0105 naudot\u0173 patys. M\u016bs\u0173 tikslas &#8211; u\u017etikrinti jums ir j\u016bs\u0173 augintiniui nat\u016bral\u0173 ir sveik\u0105 gyvenim\u0105 su Millamore auk\u0161tos kokyb\u0117s kraiku ir guoli\u0173 med\u017eiagomis.<\/p>\n<p><strong>Kod\u0117l verta rinktis Millamore kraik\u0105 ir guolio med\u017eiagas?<\/strong><\/p>\n<ul>\n<li>Be dulki\u0173<\/li>\n<li>100 % nat\u016brali drebul\u0117s mediena<\/li>\n<li>Didelis sugeriamumas<\/li>\n<li>Stiprus kvapo kontroliavimas<\/li>\n<li>Biologi\u0161kai suyrantis ir kompostuojamas<\/li>\n<li>Be chemini\u0173 priemai\u0161\u0173 ir pramonini\u0173 liku\u010di\u0173<\/li>\n<li>I\u0161bandyta laboratorijoje<\/li>\n<li>Rekomenduoja veterinarijos gydytojai ir gyv\u016bn\u0173 apsaugos ekspertai<\/li>\n<li>FSC sertifikavimas garantuoja atsaking\u0105 ir tvar\u0173 mi\u0161k\u0173 valdym\u0105<\/li>\n<\/ul>\n<p><a href=\"https:\/\/millamore.com\/lt\/produkto-kategorija\/kraikai\/\"><strong>\u017diur\u0117ti Millamore kraikus ir guoli\u0173 med\u017eiag\u0173 produktus<\/strong><\/a><\/p>\n                                                                    <\/div>\n                                                        <div class=\"two_column col-lg-6 col-12 d-flex flex-column align-items-start mobile-top\">\n                                                                            <a href=\"https:\/\/millamore.com\/lt\/produkto-kategorija\/uzpildai-guoliams\/\" class=\"img-link\">\n                                <img loading=\"lazy\" decoding=\"async\" class=\"fade-in-up\" src=\"https:\/\/millamore.com\/lt\/wp-content\/uploads\/sites\/6\/2021\/10\/Bedding-and-Nesting-Material-.jpg\" alt=\"\" width=\"946\" height=\"944\">\n                            <\/a>\n                                            <\/div>\n                            <\/div>\n            <\/div>\n\n\n    <div id=\"image-text-block_615adad4020f4\" class=\"image-text-block\">\n        <h2>\u017daislai ir aksesuarai<\/h2>                    <div class=\"row\">\n                                                                        <div class=\"two_column col-lg-6 col-12 d-flex flex-column align-items-start mobile-top\">\n                                                                            <a href=\"https:\/\/millamore.com\/lt\/produkto-kategorija\/zaislai\/\" class=\"img-link\">\n                                <img loading=\"lazy\" decoding=\"async\" class=\"fade-in-up\" src=\"https:\/\/millamore.com\/lt\/wp-content\/uploads\/sites\/6\/2021\/10\/Toys-and-Accessories-1.jpg\" alt=\"\" width=\"948\" height=\"624\">\n                            <\/a>\n                                            <\/div>\n                                                        <div class=\"two_column col-lg-6 col-12 d-flex flex-column align-items-start \">\n                                                    <p>Renkantis \u017eaisl\u0105 savo augintiniui svarbiausia, kad jis b\u016bt\u0173 saugus!<\/p>\n<p>Millamore nat\u016bral\u016bs \u017eaislai yra \u012fvair\u016bs &#8211; galima juos statyti, sl\u0117ptis ir kramtyti. \u017daislai atitinka nat\u016bralius instinktyvius gyv\u016bn\u0173 poreikius, skatina juos sl\u0117ptis, laipioti ir kramtyti, taip pat padeda palaikyti bendr\u0105 gyv\u016bn\u0173 gerov\u0119.<\/p>\n<p>Millamore \u017eaislai gaminami i\u0161 \u0161vie\u017eios drebul\u0117s medienos, kurioje n\u0117ra joki\u0173 chemini\u0173 pried\u0173 ar pramonini\u0173 medienos liku\u010di\u0173. Veterinarai ir gyv\u016bn\u0173 apsaugos ekspertai rekomenduoja dant\u0173 dygimui naudoti drebul\u0117s medien\u0105, nes joje yra ma\u017eiau derv\u0173 nei spygliuo\u010di\u0173 medienoje. \u017daisl\u0173 gamyboje nenaudojami klijai ar metalas.<br \/>\nMillamore \u017eaislus ir aksesuarus galima plauti ir naudoti iki 14 kart\u0173.<\/p>\n<p><strong><a href=\"https:\/\/millamore.com\/lt\/produkto-kategorija\/zaislai\/\">Per\u017ei\u016br\u0117kite Millamore \u017eaislus ir aksesuarus<\/a><\/strong><\/p>\n                                                                    <\/div>\n                            <\/div>\n            <\/div>\n\n\n    <div id=\"image-text-block_615adb04020f8\" class=\"image-text-block\">\n        <h2>Visavertis pa\u0161aras<\/h2>                    <div class=\"row\">\n                                                                        <div class=\"two_column col-lg-6 col-12 d-flex flex-column align-items-start \">\n                                                    <p>M\u016bs\u0173 naujausias produktas &#8211; visavertis pa\u0161aras triu\u0161iams ir j\u016br\u0173 kiaulyt\u0117ms. Viena svarbiausi\u0173 gyv\u016bn\u0173 savinink\u0173 u\u017eduo\u010di\u0173 &#8211; u\u017etikrinti, kad j\u0173 ma\u017easis draugas b\u016bt\u0173 tinkamai maitinamas. Norime palengvinti j\u016bs\u0173 gyvenim\u0105 ir galime patvirtinti, kad kiekvienas Millamore \u0117dalo ingredientas yra b\u016btent toks, kokio reikia j\u016bs\u0173 augintiniui.<\/p>\n<p>Millamore nat\u016bralios granul\u0117s yra subalansuotas pa\u0161aras, kad j\u016bs\u0173 augintinis b\u016bt\u0173 sveikas ir geros formos. Visavertis pa\u0161aras turi kokybi\u0161k\u0173 ir skani\u0173 ingredient\u0173 bei vitamin\u0173, kad j\u016bs\u0173 augintinio imunin\u0117 sistema b\u016bt\u0173 stipri.<\/p>\n<p><a href=\"https:\/\/millamore.com\/lt\/produkto-kategorija\/visaverciai-pasarai\/\"><strong>\u017diur\u0117ti Millamore visaver\u010di\u0173 pa\u0161ar\u0173 produktus.<\/strong><\/a><\/p>\n                                                                    <\/div>\n                                                        <div class=\"two_column col-lg-6 col-12 d-flex flex-column align-items-start mobile-top\">\n                                                                            <a href=\"https:\/\/millamore.com\/lt\/produkto-kategorija\/visaverciai-pasarai\/\" class=\"img-link\">\n                                <img loading=\"lazy\" decoding=\"async\" class=\"fade-in-up\" src=\"https:\/\/millamore.com\/lt\/wp-content\/uploads\/sites\/6\/2021\/10\/coplete-feed.png\" alt=\"\" width=\"948\" height=\"624\">\n                            <\/a>\n                                            <\/div>\n                            <\/div>\n            <\/div>\n","protected":false},"excerpt":{"rendered":"","protected":false},"author":1,"featured_media":409,"parent":0,"menu_order":0,"comment_status":"closed","ping_status":"closed","template":"page-templates\/template-why-millamore.php","meta":{"_acf_changed":false,"footnotes":""},"class_list":["post-7132","page","type-page","status-publish","has-post-thumbnail","hentry"],"acf":[],"yoast_head":"<!-- This site is optimized with the Yoast SEO plugin v23.8 - https:\/\/yoast.com\/wordpress\/plugins\/seo\/ -->\n<title>Apie mus - Millamore<\/title>\n<meta name=\"description\" content=\"Daugiau nei 38 metus Millamore daug d\u0117mesio skiria ma\u017e\u0173 gyv\u016bn\u0173 gerovei ir gamina 100 % nat\u016bralius, saugius ir sveikus produktus. Su\u017einokite daugiau, k\u0105 veikia Millamore.\" \/>\n<meta name=\"robots\" content=\"index, follow, max-snippet:-1, max-image-preview:large, max-video-preview:-1\" \/>\n<link rel=\"canonical\" href=\"https:\/\/millamore.com\/lt\/apie-mus\/\" \/>\n<meta property=\"og:locale\" content=\"lt_LT\" \/>\n<meta property=\"og:type\" content=\"article\" \/>\n<meta property=\"og:title\" content=\"Apie mus - Millamore\" \/>\n<meta property=\"og:description\" content=\"Daugiau nei 38 metus Millamore daug d\u0117mesio skiria ma\u017e\u0173 gyv\u016bn\u0173 gerovei ir gamina 100 % nat\u016bralius, saugius ir sveikus produktus. Su\u017einokite daugiau, k\u0105 veikia Millamore.\" \/>\n<meta property=\"og:url\" content=\"https:\/\/millamore.com\/lt\/apie-mus\/\" \/>\n<meta property=\"og:site_name\" content=\"Millamore Lithuania\" \/>\n<meta property=\"article:modified_time\" content=\"2022-10-12T09:38:11+00:00\" \/>\n<meta property=\"og:image\" content=\"https:\/\/millamore.com\/lt\/wp-content\/uploads\/sites\/6\/2021\/05\/shutterstock_1727772646-1-scaled.jpg\" \/>\n\t<meta property=\"og:image:width\" content=\"2560\" \/>\n\t<meta property=\"og:image:height\" content=\"696\" \/>\n\t<meta property=\"og:image:type\" content=\"image\/jpeg\" \/>\n<meta name=\"twitter:card\" content=\"summary_large_image\" \/>\n<script type=\"application\/ld+json\" class=\"yoast-schema-graph\">{\"@context\":\"https:\/\/schema.org\",\"@graph\":[{\"@type\":\"WebPage\",\"@id\":\"https:\/\/millamore.com\/lt\/apie-mus\/\",\"url\":\"https:\/\/millamore.com\/lt\/apie-mus\/\",\"name\":\"Apie mus - Millamore\",\"isPartOf\":{\"@id\":\"https:\/\/millamore.com\/lt\/#website\"},\"primaryImageOfPage\":{\"@id\":\"https:\/\/millamore.com\/lt\/apie-mus\/#primaryimage\"},\"image\":{\"@id\":\"https:\/\/millamore.com\/lt\/apie-mus\/#primaryimage\"},\"thumbnailUrl\":\"https:\/\/millamore.com\/lt\/wp-content\/uploads\/sites\/6\/2021\/05\/shutterstock_1727772646-1-scaled.jpg\",\"datePublished\":\"2021-10-04T10:45:34+00:00\",\"dateModified\":\"2022-10-12T09:38:11+00:00\",\"description\":\"Daugiau nei 38 metus Millamore daug d\u0117mesio skiria ma\u017e\u0173 gyv\u016bn\u0173 gerovei ir gamina 100 % nat\u016bralius, saugius ir sveikus produktus. Su\u017einokite daugiau, k\u0105 veikia Millamore.\",\"breadcrumb\":{\"@id\":\"https:\/\/millamore.com\/lt\/apie-mus\/#breadcrumb\"},\"inLanguage\":\"lt-LT\",\"potentialAction\":[{\"@type\":\"ReadAction\",\"target\":[\"https:\/\/millamore.com\/lt\/apie-mus\/\"]}]},{\"@type\":\"ImageObject\",\"inLanguage\":\"lt-LT\",\"@id\":\"https:\/\/millamore.com\/lt\/apie-mus\/#primaryimage\",\"url\":\"https:\/\/millamore.com\/lt\/wp-content\/uploads\/sites\/6\/2021\/05\/shutterstock_1727772646-1-scaled.jpg\",\"contentUrl\":\"https:\/\/millamore.com\/lt\/wp-content\/uploads\/sites\/6\/2021\/05\/shutterstock_1727772646-1-scaled.jpg\",\"width\":2560,\"height\":696},{\"@type\":\"BreadcrumbList\",\"@id\":\"https:\/\/millamore.com\/lt\/apie-mus\/#breadcrumb\",\"itemListElement\":[{\"@type\":\"ListItem\",\"position\":1,\"name\":\"Home\",\"item\":\"https:\/\/millamore.com\/lt\/\"},{\"@type\":\"ListItem\",\"position\":2,\"name\":\"Apie mus\"}]},{\"@type\":\"WebSite\",\"@id\":\"https:\/\/millamore.com\/lt\/#website\",\"url\":\"https:\/\/millamore.com\/lt\/\",\"name\":\"Millamore Lithuania\",\"description\":\"\",\"publisher\":{\"@id\":\"https:\/\/millamore.com\/lt\/#organization\"},\"potentialAction\":[{\"@type\":\"SearchAction\",\"target\":{\"@type\":\"EntryPoint\",\"urlTemplate\":\"https:\/\/millamore.com\/lt\/?s={search_term_string}\"},\"query-input\":{\"@type\":\"PropertyValueSpecification\",\"valueRequired\":true,\"valueName\":\"search_term_string\"}}],\"inLanguage\":\"lt-LT\"},{\"@type\":\"Organization\",\"@id\":\"https:\/\/millamore.com\/lt\/#organization\",\"name\":\"Millamore\",\"url\":\"https:\/\/millamore.com\/lt\/\",\"logo\":{\"@type\":\"ImageObject\",\"inLanguage\":\"lt-LT\",\"@id\":\"https:\/\/millamore.com\/lt\/#\/schema\/logo\/image\/\",\"url\":\"https:\/\/millamore.com\/lt\/wp-content\/uploads\/sites\/6\/2022\/02\/MILLAMORE_logo.svg\",\"contentUrl\":\"https:\/\/millamore.com\/lt\/wp-content\/uploads\/sites\/6\/2022\/02\/MILLAMORE_logo.svg\",\"width\":509.62,\"height\":253.61,\"caption\":\"Millamore\"},\"image\":{\"@id\":\"https:\/\/millamore.com\/lt\/#\/schema\/logo\/image\/\"}}]}<\/script>\n<!-- \/ Yoast SEO plugin. -->","yoast_head_json":{"title":"Apie mus - Millamore","description":"Daugiau nei 38 metus Millamore daug d\u0117mesio skiria ma\u017e\u0173 gyv\u016bn\u0173 gerovei ir gamina 100 % nat\u016bralius, saugius ir sveikus produktus. Su\u017einokite daugiau, k\u0105 veikia Millamore.","robots":{"index":"index","follow":"follow","max-snippet":"max-snippet:-1","max-image-preview":"max-image-preview:large","max-video-preview":"max-video-preview:-1"},"canonical":"https:\/\/millamore.com\/lt\/apie-mus\/","og_locale":"lt_LT","og_type":"article","og_title":"Apie mus - Millamore","og_description":"Daugiau nei 38 metus Millamore daug d\u0117mesio skiria ma\u017e\u0173 gyv\u016bn\u0173 gerovei ir gamina 100 % nat\u016bralius, saugius ir sveikus produktus. Su\u017einokite daugiau, k\u0105 veikia Millamore.","og_url":"https:\/\/millamore.com\/lt\/apie-mus\/","og_site_name":"Millamore Lithuania","article_modified_time":"2022-10-12T09:38:11+00:00","og_image":[{"width":2560,"height":696,"url":"https:\/\/millamore.com\/lt\/wp-content\/uploads\/sites\/6\/2021\/05\/shutterstock_1727772646-1-scaled.jpg","type":"image\/jpeg"}],"twitter_card":"summary_large_image","schema":{"@context":"https:\/\/schema.org","@graph":[{"@type":"WebPage","@id":"https:\/\/millamore.com\/lt\/apie-mus\/","url":"https:\/\/millamore.com\/lt\/apie-mus\/","name":"Apie mus - Millamore","isPartOf":{"@id":"https:\/\/millamore.com\/lt\/#website"},"primaryImageOfPage":{"@id":"https:\/\/millamore.com\/lt\/apie-mus\/#primaryimage"},"image":{"@id":"https:\/\/millamore.com\/lt\/apie-mus\/#primaryimage"},"thumbnailUrl":"https:\/\/millamore.com\/lt\/wp-content\/uploads\/sites\/6\/2021\/05\/shutterstock_1727772646-1-scaled.jpg","datePublished":"2021-10-04T10:45:34+00:00","dateModified":"2022-10-12T09:38:11+00:00","description":"Daugiau nei 38 metus Millamore daug d\u0117mesio skiria ma\u017e\u0173 gyv\u016bn\u0173 gerovei ir gamina 100 % nat\u016bralius, saugius ir sveikus produktus. Su\u017einokite daugiau, k\u0105 veikia Millamore.","breadcrumb":{"@id":"https:\/\/millamore.com\/lt\/apie-mus\/#breadcrumb"},"inLanguage":"lt-LT","potentialAction":[{"@type":"ReadAction","target":["https:\/\/millamore.com\/lt\/apie-mus\/"]}]},{"@type":"ImageObject","inLanguage":"lt-LT","@id":"https:\/\/millamore.com\/lt\/apie-mus\/#primaryimage","url":"https:\/\/millamore.com\/lt\/wp-content\/uploads\/sites\/6\/2021\/05\/shutterstock_1727772646-1-scaled.jpg","contentUrl":"https:\/\/millamore.com\/lt\/wp-content\/uploads\/sites\/6\/2021\/05\/shutterstock_1727772646-1-scaled.jpg","width":2560,"height":696},{"@type":"BreadcrumbList","@id":"https:\/\/millamore.com\/lt\/apie-mus\/#breadcrumb","itemListElement":[{"@type":"ListItem","position":1,"name":"Home","item":"https:\/\/millamore.com\/lt\/"},{"@type":"ListItem","position":2,"name":"Apie mus"}]},{"@type":"WebSite","@id":"https:\/\/millamore.com\/lt\/#website","url":"https:\/\/millamore.com\/lt\/","name":"Millamore Lithuania","description":"","publisher":{"@id":"https:\/\/millamore.com\/lt\/#organization"},"potentialAction":[{"@type":"SearchAction","target":{"@type":"EntryPoint","urlTemplate":"https:\/\/millamore.com\/lt\/?s={search_term_string}"},"query-input":{"@type":"PropertyValueSpecification","valueRequired":true,"valueName":"search_term_string"}}],"inLanguage":"lt-LT"},{"@type":"Organization","@id":"https:\/\/millamore.com\/lt\/#organization","name":"Millamore","url":"https:\/\/millamore.com\/lt\/","logo":{"@type":"ImageObject","inLanguage":"lt-LT","@id":"https:\/\/millamore.com\/lt\/#\/schema\/logo\/image\/","url":"https:\/\/millamore.com\/lt\/wp-content\/uploads\/sites\/6\/2022\/02\/MILLAMORE_logo.svg","contentUrl":"https:\/\/millamore.com\/lt\/wp-content\/uploads\/sites\/6\/2022\/02\/MILLAMORE_logo.svg","width":509.62,"height":253.61,"caption":"Millamore"},"image":{"@id":"https:\/\/millamore.com\/lt\/#\/schema\/logo\/image\/"}}]}},"_links":{"self":[{"href":"https:\/\/millamore.com\/lt\/wp-json\/wp\/v2\/pages\/7132","targetHints":{"allow":["GET"]}}],"collection":[{"href":"https:\/\/millamore.com\/lt\/wp-json\/wp\/v2\/pages"}],"about":[{"href":"https:\/\/millamore.com\/lt\/wp-json\/wp\/v2\/types\/page"}],"author":[{"embeddable":true,"href":"https:\/\/millamore.com\/lt\/wp-json\/wp\/v2\/users\/1"}],"replies":[{"embeddable":true,"href":"https:\/\/millamore.com\/lt\/wp-json\/wp\/v2\/comments?post=7132"}],"version-history":[{"count":6,"href":"https:\/\/millamore.com\/lt\/wp-json\/wp\/v2\/pages\/7132\/revisions"}],"predecessor-version":[{"id":7523,"href":"https:\/\/millamore.com\/lt\/wp-json\/wp\/v2\/pages\/7132\/revisions\/7523"}],"wp:featuredmedia":[{"embeddable":true,"href":"https:\/\/millamore.com\/lt\/wp-json\/wp\/v2\/media\/409"}],"wp:attachment":[{"href":"https:\/\/millamore.com\/lt\/wp-json\/wp\/v2\/media?parent=7132"}],"curies":[{"name":"wp","href":"https:\/\/api.w.org\/{rel}","templated":true}]}}