{"id":7127,"date":"2022-01-24T17:25:10","date_gmt":"2022-01-24T14:25:10","guid":{"rendered":"https:\/\/millamore.com\/lt\/teeme-head\/"},"modified":"2022-09-30T10:19:40","modified_gmt":"2022-09-30T08:19:40","slug":"mes-darome-gera","status":"publish","type":"page","link":"https:\/\/millamore.com\/lt\/mes-darome-gera\/","title":{"rendered":"Mes darome gera"},"content":{"rendered":"    <div id=\"two-column-block-block_6203ae761b98b\" class=\"two-column-block\">\n        <div class=\"row\">\n                                            <div class=\"two_column col-lg-6 col-12 d-flex flex-column align-items-start\">\n                    <p>Jau daugiau kaip 38 metus Millamore daugiausia d\u0117mesio skiria ma\u017e\u0173 gyv\u016bn\u0173 gerovei, gamindama 100 % nat\u016bralius, saugius ir sveikus produktus. Be to, manome, kad svarbu remti smulki\u0173 gyv\u016bn\u0173 bendruomen\u0119, tod\u0117l gamindami ir vykdydami veikl\u0105 visada galvojame apie aplinkos tvarum\u0105. <\/p>\n                <\/div>\n                                            <div class=\"two_column col-lg-6 col-12 d-flex flex-column align-items-start\">\n                    <p>Toliau rasite \u012fvairi\u0173 projekt\u0173, kuriuose aktyviai dalyvauja Millamore.<\/p>\n                <\/div>\n                    <\/div>\n    <\/div>\n\n\n    <div id=\"image-text-block_615ad992020ec\" class=\"image-text-block\">\n        <h2>Gr\u0105\u017einimas mi\u0161kui<\/h2>                    <div class=\"row\">\n                                                                        <div class=\"two_column col-lg-6 col-12 d-flex flex-column align-items-start \">\n                                                    <p>M\u016bs\u0173 tikslas visada buvo u\u017etikrinti nat\u016bral\u0173 ir sveik\u0105 gyvenim\u0105 augintiniams ir j\u0173 \u0161eimininkams. Bendradarbiaudami su m\u016bs\u0173 partner\u0117mis laboratorijomis, gavome patvirtinim\u0105, kad drebul\u0117s produktai yra geriausias pasirinkimas naminiams gyv\u016bnams. Nors drebul\u0117s mediena mi\u0161ko pramon\u0117je laikoma ma\u017eavert\u0117, esame \u012fsitikin\u0119, kad reikia remti mi\u0161k\u0173 pl\u0117tr\u0105 ir tvarum\u0105.<\/p>\n<p>Prad\u0117jome bendradarbiauti su organizacija Gamtos apsaugos fondas SA, prisid\u0117dami prie Europos Komisijos klimato pakto ir raginimo Europoje i\u0161auginti 3 milijardus med\u017ei\u0173. Did\u017eiuojam\u0117s gal\u0117dami pasakyti, kad Millamore komanda per metus pasodina daugiau nei 5000 medeli\u0173.<\/p>\n                                                                    <\/div>\n                                                        <div class=\"two_column col-lg-6 col-12 d-flex flex-column align-items-start \">\n                                                                            <img loading=\"lazy\" decoding=\"async\" class=\"fade-in-up\" src=\"https:\/\/millamore.com\/lt\/wp-content\/uploads\/sites\/6\/2022\/04\/IMG_20220410_1249322222222-min.jpg\" alt=\"\" width=\"1080\" height=\"1080\">\n                                            <\/div>\n                            <\/div>\n            <\/div>\n\n\n    <div id=\"image-text-block_615ada06020f0\" class=\"image-text-block\">\n        <h2>Egzotic SOS<\/h2>                    <div class=\"row\">\n                                                                        <div class=\"two_column col-lg-6 col-12 d-flex flex-column align-items-start \">\n                                                                            <a href=\"http:\/\/egzoticsos.lt\/\" class=\"img-link\">\n                                <img loading=\"lazy\" decoding=\"async\" class=\"fade-in-up\" src=\"https:\/\/millamore.com\/lt\/wp-content\/uploads\/sites\/6\/2022\/09\/Egzotic-zoo-min.jpg\" alt=\"\" width=\"1080\" height=\"1080\">\n                            <\/a>\n                                            <\/div>\n                                                        <div class=\"two_column col-lg-6 col-12 d-flex flex-column align-items-start \">\n                                                    <p><span style=\"font-weight: 400;\">V\u0160\u012e &#8222;EGZOTICSOS&#8221; yra savanori\u0161ka, pelno nesiekianti organizacija, teikianti pagalb\u0105 bei prieglobst\u012f egzotiniams ir dekoratyviniams gyv\u016bnams. Organizacijos tikslas &#8211; suma\u017einti i\u0161metam\u0173 ir migdom\u0173 be prie\u017easties gyv\u016bn\u0173 skai\u010di\u0173.\u00a0<\/span><\/p>\n<p><span style=\"font-weight: 400;\">&#8222;EGZOTICSOS&#8221; turi ne vieneri\u0173 met\u0173 praktik\u0105 ir patirt\u012f globojant gyv\u016bnus. Visi &#8211; plunksnuoti, \u017evynuoti, kailiniuoti, kad ir kokie ma\u017ei beb\u016bt\u0173, yra verti gyventi. Tik \u017emoni\u0173 gerumo d\u0117ka galima pad\u0117ti likimo nuskriaustiesiems ma\u017eiesiems augintiniams. Gyv\u016bnai, kuriems nepavyksta rasti nauj\u0173 nam\u0173, yra globojami visa j\u0173 gyvenim\u0105, tod\u0117l prieglauda turi augti ir pl\u0117stis.<\/span><\/p>\n<p><span style=\"font-weight: 400;\">Vietinis klimatas netinka kanarelei, v\u0117\u017eliui, egzotiniam drie\u017eui ar \u0161in\u0161ilai gyventi laisv\u0117je, tod\u0117l j\u0173 paleidimas\u00a0 da\u017eniausiai baigiasi mirtimi.<\/span><\/p>\n<p><span style=\"font-weight: 400;\">Prieglaudoje \u0161iltai \u012fsik\u016br\u0119s kukur\u016bzinis \u017ealtys, gausus b\u016brys degu m\u0117gsta pasid\u017eiaugti dro\u017eli\u0173 vonioje, bei triu\u0161iukai mielai d\u017eiaugiasi Millamore med\u017eio dro\u017eli\u0173 gabaliukais, kurie yra saug\u016bs j\u0173 \u017earnynui.\u00a0<\/span><\/p>\n<p><span style=\"font-weight: 400;\">Gausyb\u0117 besikei\u010dian\u010di\u0173 prieglaudos gyventoj\u0173 yra ram\u016bs, nes jiems patogum\u0105, jaukum\u0105, komfort\u0105 bei \u0161ilum\u0105 suteikia &#8222;Millomare&#8221;.<\/span><\/p>\n<p id=\"tw-target-text\" class=\"tw-data-text tw-text-large tw-ta\" dir=\"ltr\" data-placeholder=\"Translation\"><a href=\"http:\/\/egzoticsos.lt\/\" target=\"_blank\" rel=\"noopener\"><span class=\"Y2IQFc\" lang=\"lt\">Daugiau informacijos apie Egzotic SOS rasite \u010dia.<\/span><\/a><\/p>\n                                                                    <\/div>\n                            <\/div>\n            <\/div>\n\n\n    <div id=\"image-text-block_6332d70a69aec\" class=\"image-text-block\">\n        <h2>Talino zoologijos sodas<\/h2>                    <div class=\"row\">\n                                                                        <div class=\"two_column col-lg-6 col-12 d-flex flex-column align-items-start \">\n                                                    <p>Nuo 2017 m. esame Talino zoologijos sodo ma\u017e\u0173j\u0173 grau\u017eik\u0173 krik\u0161tat\u0117viai.<\/p>\n<p>Pagal Talino zoologijos sodo krik\u0161tat\u0117vi\u0173 program\u0105 remiame vaik\u0173 zoologijos sodo ma\u017euosius grau\u017eikus Millamore produktais, padedan\u010diais pagerinti j\u0173 gyvenamosios aplinkos kokyb\u0119 ir gerov\u0119. \u0160iuo metu vaik\u0173 zoologijos sode Millamore kraiku m\u0117gaujasi j\u016br\u0173 kiaulyt\u0117s, pel\u0117s, \u017eiurk\u0117s, triu\u0161iai, degu ir Sibiro burundukas.<\/p>\n<p>Vaik\u0173 zoologijos sode susipa\u017einkite su kai kuriais grau\u017eikais:<br \/>\nNyk\u0161tukinis triu\u0161is Simonas ir degu Silvestras gyvena kartu, kad palaikyt\u0173 vienas kitam draugij\u0105, ir kuo puikiausiai i\u0161naudoja savo sugyvenim\u0105 miegodami viename guolyje.<\/p>\n<p>Pus\u0119 met\u0173 voveriukas D\u017eeimsas yra draugi\u0161kas, o pus\u0119 met\u0173 &#8211; irzlus: pavasar\u012f ir vasar\u0105 su juo lengva draugauti ir j\u012f paimti \u012f rankas, ta\u010diau ruden\u012f, kai jis pradeda kaupti atsargas \u017eiemai, jis tampa gana piktas ir pirmai progai pasitaikius kand\u017eioja pir\u0161t\u0173 galiukus.<\/p>\n<p>Suaugusi patel\u0117, atkeliavusi \u012f saug\u0173 prieglobst\u012f su keturiais Berber\u0173 dry\u017euot\u0173j\u0173 peli\u0173 jaunikliais, lauk\u0117si ma\u017eyli\u0173 ir dabar po terarium\u0105 vaik\u0161to daugyb\u0117 \u0161i\u0173 dry\u017euot\u0173j\u0173 peli\u0173.<br \/>\nJei norite pamatyti nyk\u0161tuko Simono, degu Silvestro, voveriuko D\u017eeimso ir kit\u0173 grau\u017eik\u0173 i\u0161daigas, rekomenduojame apsilankyti Talino vaik\u0173 zoologijos sode.<\/p>\n<p>Daugiau informacijos apie Talino zoologijos sodo krik\u0161tat\u0117vi\u0173 program\u0105 rasite <a href=\"https:\/\/tallinnzoo.ee\/vaderlus\/\" target=\"_blank\" rel=\"noopener\">\u010dia<\/a>.<\/p>\n                                                                    <\/div>\n                                                        <div class=\"two_column col-lg-6 col-12 d-flex flex-column align-items-start \">\n                                                                            <img loading=\"lazy\" decoding=\"async\" class=\"fade-in-up\" src=\"https:\/\/millamore.com\/lt\/wp-content\/uploads\/sites\/6\/2022\/01\/Tallinna-Loomaaed-veebi-pilt1.jpg\" alt=\"\" width=\"1080\" height=\"1080\">\n                                            <\/div>\n                            <\/div>\n            <\/div>\n\n\n    <div id=\"image-text-block_61f26b1a30b0d\" class=\"image-text-block\">\n        <h2>Estijos gyv\u016bn\u0173 apsaugos draugija<\/h2>                    <div class=\"row\">\n                                                                        <div class=\"two_column col-lg-6 col-12 d-flex flex-column align-items-start \">\n                                                                            <a href=\"https:\/\/loomakaitse.ee\/\" class=\"img-link\">\n                                <img loading=\"lazy\" decoding=\"async\" class=\"fade-in-up\" src=\"https:\/\/millamore.com\/lt\/wp-content\/uploads\/sites\/6\/2022\/01\/Eesti-Loomakaitse-Selts-kodukale-pilt1.jpg\" alt=\"\" width=\"1080\" height=\"1080\">\n                            <\/a>\n                                            <\/div>\n                                                        <div class=\"two_column col-lg-6 col-12 d-flex flex-column align-items-start \">\n                                                    <p>Nuo 2018 m. &#8222;Millamore&#8221; gaminiais remiame Estijos gyv\u016bn\u0173 apsaugos draugij\u0105.<\/p>\n<p>Estijos gyv\u016bn\u0173 apsaugos draugija yra ne pelno siekianti organizacija, veikianti nuo 2000 m., kurios misija &#8211; u\u017etikrinti ir gerinti gyv\u016bn\u0173, kuriems reikia pagalbos, gerov\u0119 ir u\u017ekirsti keli\u0105 \u017eiauriam elgesiui su gyv\u016bnais. Misija yra vykdoma teikiant tiesiogin\u0119 pagalb\u0105 gyv\u016bnams, informuojant visuomen\u0119 ir mokant \u017emones, taip pat rengiant teis\u0117s akt\u0173 projektus ir vykdant gyv\u016bn\u0173 apsaugos steb\u0117sen\u0105. Estijos gyv\u016bn\u0173 apsaugos draugija padeda nelaim\u0117s i\u0161tiktiems gyv\u016bnams surasti prieglaudas ir namus, apr\u016bpindama prieglaudas viskuo, ko joms reikia.<\/p>\n<p>Millamore kraikai naudojami \u012fvairiems ma\u017eiems gyv\u016bnams, priklausomai nuo to, kas prieglaudoje ie\u0161ko nauj\u0173 nam\u0173.<\/p>\n<p>Daugiau informacijos apie Estijos gyv\u016bn\u0173 apsaugos draugij\u0105 ir jos teikiam\u0105 param\u0105 rasite <a href=\"https:\/\/loomakaitse.ee\/\" target=\"_blank\" rel=\"noopener\">\u010dia<\/a>.<\/p>\n                                                                    <\/div>\n                            <\/div>\n            <\/div>\n\n\n    <div id=\"image-text-block_61f26b8c30b10\" class=\"image-text-block\">\n        <h2>Estijos laukin\u0117s gamtos asociacija<\/h2>                    <div class=\"row\">\n                                                                        <div class=\"two_column col-lg-6 col-12 d-flex flex-column align-items-start \">\n                                                    <p>Nuo 2018 m. remiame Estijos laukin\u0117s gamtos draugij\u0105, naudodami Millamore gaminius.<\/p>\n<p>Estijos laukin\u0117s gamtos asociacija yra savanori\u0161ka organizacija, padedanti laukiniams gyv\u016bnams, patekusiems \u012f nelaim\u0119 d\u0117l \u017emogaus veiklos, ir remiama tik i\u0161 auk\u0173. Tiek tais, kuriems reikia tik laikinos paramos, tiek tais, kurie prieglaudose turi praleisti ilgiau, galima pasir\u016bpinti bet kuriuo met\u0173 laiku.<\/p>\n<p>\u017diem\u0105 ir ruden\u012f pagrindiniai Millamore grau\u017eik\u0173 guoli\u0173 u\u017epild\u0173 naudotojai yra e\u017eiai, kurie \u0161altus m\u0117nesius praleid\u017eia globos namuose. Kai kurie i\u0161 j\u0173, tie, kuri\u0173 sveikata ir svoris prastesni, miega \u0161iltuose guoliuose ir vis\u0105 \u017eiem\u0105 \u0161neku\u010diuojasi prieglaudoje. Tuo metu pagalbos reikia ir nemiegan\u010dioms gulb\u0117ms, er\u0161ketams ir antims, kurios taip pat naudojasi Millamore kraikais.<\/p>\n<p>Pavasar\u012f ir vasar\u0105 prieglaudos pilnos gyv\u016bn\u0173 ir pauk\u0161\u010di\u0173 &#8211; suaugusi\u0173, k\u016bdiki\u0173 ir jaunikli\u0173. Net ir tada Millamore kraikai pla\u010diai naudojami lapi\u0173 jaunikliams, voveri\u0173 jaunikliams, e\u017eiukams ir ki\u0161ki\u0173 jaunikliams laikyti sausuose narveliuose, kad e\u017eiukai, prie\u0161 i\u0161eidami \u012f laisv\u0119, gal\u0117t\u0173 pasipraktikuoti susikurti urv\u0105 i\u0161 girg\u017edan\u010di\u0173 u\u017epild\u0173 guoliams.<\/p>\n<p>Daugiau informacijos apie Estijos laukin\u0117s gamtos asociacija ir param\u0105 galite rasti <a href=\"https:\/\/www.metsloom.ee\/\" target=\"_blank\" rel=\"noopener\">\u010dia<\/a>.<\/p>\n                                                                    <\/div>\n                                                        <div class=\"two_column col-lg-6 col-12 d-flex flex-column align-items-start \">\n                                                                            <a href=\"https:\/\/www.metsloom.ee\/\" class=\"img-link\">\n                                <img loading=\"lazy\" decoding=\"async\" class=\"fade-in-up\" src=\"https:\/\/millamore.com\/lt\/wp-content\/uploads\/sites\/6\/2022\/01\/Eesti-Metsloomauhing-veebi-pilt1.jpg\" alt=\"\" width=\"1080\" height=\"1080\">\n                            <\/a>\n                                            <\/div>\n                            <\/div>\n            <\/div>\n\n\n    <div id=\"image-text-block_61f26bac30b13\" class=\"image-text-block\">\n        <h2>Eino Roosioksa m\u0117g\u0117ji\u0161kas \u016bkis<\/h2>                    <div class=\"row\">\n                                                                        <div class=\"two_column col-lg-6 col-12 d-flex flex-column align-items-start \">\n                                                                            <a href=\"https:\/\/www.facebook.com\/roosioksahobitalu\/\" class=\"img-link\">\n                                <img loading=\"lazy\" decoding=\"async\" class=\"fade-in-up\" src=\"https:\/\/millamore.com\/lt\/wp-content\/uploads\/sites\/6\/2022\/01\/Eino-Roosioksa-Hobitalu-veebi-pilt1.jpg\" alt=\"\" width=\"1080\" height=\"1080\">\n                            <\/a>\n                                            <\/div>\n                                                        <div class=\"two_column col-lg-6 col-12 d-flex flex-column align-items-start \">\n                                                    <p>Nuo 2021 m. remiame Eino Roosioksa m\u0117g\u0117ji\u0161k\u0105 \u016bk\u012f Millamore produktais.<\/p>\n<p>Eino Roosioksas jau 18 met\u0173 vadovauja savo egzotini\u0173 pauk\u0161\u010di\u0173 ir gyv\u016bn\u0173 m\u0117g\u0117ji\u0161kam \u016bkiui. Per t\u0105 laik\u0105 \u012f \u016bk\u012f buvo atve\u017eta daug \u012fvairi\u0173 egzotini\u0173 pauk\u0161\u010di\u0173 ir gyv\u016bn\u0173, su kuriais ankstesnis savininkas nesugeb\u0117jo susitvarkyti. Nor\u0117damas i\u0161gelb\u0117ti gyv\u016bnus nuo u\u017emigdymo, Eino suteikia jiems antr\u0105 \u0161ans\u0105 savo \u016bkyje.<\/p>\n<p>Pasak Eino Roosioks, Millamore kraikai yra nepakei\u010diami, kai naudojami \u012fvairi\u0173 gyv\u016bn\u0173 ir pauk\u0161\u010di\u0173 narvuose. Milamore kraik\u0105 naudoja dauguma vi\u0161t\u0173, vi\u0161tini\u0173 pauk\u0161\u010di\u0173, gervi\u0173, balt\u0173j\u0173 er\u0161ket\u0173, pov\u0173, emu, tetervin\u0173, juod\u0173j\u0173 gulbi\u0173, kuprot\u0173j\u0173 gulbi\u0173, gulbi\u0173 giesmininki\u0173, egiptieti\u0161k\u0173 \u017e\u0105s\u0173, raudonkoj\u0173 o\u017ek\u0173, Kamer\u016bno nyk\u0161tukini\u0173 o\u017ek\u0173, avi\u0173, lapi\u0173, genet\u0173, \u017eiurki\u0173 ir stepini\u0173 leming\u0173.<\/p>\n<p>Daugiau informacijos apie Eino Roosioksa m\u0117g\u0117ji\u0161ko \u016bkio veikl\u0105 rasite <a href=\"https:\/\/www.facebook.com\/roosioksahobitalu\/\" target=\"_blank\" rel=\"noopener\">\u010dia<\/a>.<\/p>\n                                                                    <\/div>\n                            <\/div>\n            <\/div>\n","protected":false},"excerpt":{"rendered":"","protected":false},"author":1,"featured_media":5844,"parent":0,"menu_order":0,"comment_status":"closed","ping_status":"closed","template":"page-templates\/template-why-millamore.php","meta":{"_acf_changed":false,"footnotes":""},"class_list":["post-7127","page","type-page","status-publish","has-post-thumbnail","hentry"],"acf":[],"yoast_head":"<!-- This site is optimized with the Yoast SEO plugin v23.8 - https:\/\/yoast.com\/wordpress\/plugins\/seo\/ -->\n<title>Mes darome gera - Mes gr\u0105\u017einame visuomenei - Millamore<\/title>\n<meta name=\"description\" content=\"Millamore komanda, bendradarbiaudama su Gamtos apsaugos fondu, kasmet pasodina daugiau kaip 5000 medeli\u0173. Su\u017einokite daugiau apie Millamore projektus &quot;Mes darome gera&quot;.\" \/>\n<meta name=\"robots\" content=\"index, follow, max-snippet:-1, max-image-preview:large, max-video-preview:-1\" \/>\n<link rel=\"canonical\" href=\"https:\/\/millamore.com\/lt\/mes-darome-gera\/\" \/>\n<meta property=\"og:locale\" content=\"lt_LT\" \/>\n<meta property=\"og:type\" content=\"article\" \/>\n<meta property=\"og:title\" content=\"Mes darome gera - Mes gr\u0105\u017einame visuomenei - Millamore\" \/>\n<meta property=\"og:description\" content=\"Millamore komanda, bendradarbiaudama su Gamtos apsaugos fondu, kasmet pasodina daugiau kaip 5000 medeli\u0173. Su\u017einokite daugiau apie Millamore projektus &quot;Mes darome gera&quot;.\" \/>\n<meta property=\"og:url\" content=\"https:\/\/millamore.com\/lt\/mes-darome-gera\/\" \/>\n<meta property=\"og:site_name\" content=\"Millamore Lithuania\" \/>\n<meta property=\"article:modified_time\" content=\"2022-09-30T08:19:40+00:00\" \/>\n<meta property=\"og:image\" content=\"https:\/\/millamore.com\/lt\/wp-content\/uploads\/sites\/6\/2022\/01\/millamore_heategevus-scaled.jpg\" \/>\n\t<meta property=\"og:image:width\" content=\"2560\" \/>\n\t<meta property=\"og:image:height\" content=\"716\" \/>\n\t<meta property=\"og:image:type\" content=\"image\/jpeg\" \/>\n<meta name=\"twitter:card\" content=\"summary_large_image\" \/>\n<script type=\"application\/ld+json\" class=\"yoast-schema-graph\">{\"@context\":\"https:\/\/schema.org\",\"@graph\":[{\"@type\":\"WebPage\",\"@id\":\"https:\/\/millamore.com\/lt\/mes-darome-gera\/\",\"url\":\"https:\/\/millamore.com\/lt\/mes-darome-gera\/\",\"name\":\"Mes darome gera - Mes gr\u0105\u017einame visuomenei - Millamore\",\"isPartOf\":{\"@id\":\"https:\/\/millamore.com\/lt\/#website\"},\"primaryImageOfPage\":{\"@id\":\"https:\/\/millamore.com\/lt\/mes-darome-gera\/#primaryimage\"},\"image\":{\"@id\":\"https:\/\/millamore.com\/lt\/mes-darome-gera\/#primaryimage\"},\"thumbnailUrl\":\"https:\/\/millamore.com\/lt\/wp-content\/uploads\/sites\/6\/2022\/01\/millamore_heategevus-scaled.jpg\",\"datePublished\":\"2022-01-24T14:25:10+00:00\",\"dateModified\":\"2022-09-30T08:19:40+00:00\",\"description\":\"Millamore komanda, bendradarbiaudama su Gamtos apsaugos fondu, kasmet pasodina daugiau kaip 5000 medeli\u0173. Su\u017einokite daugiau apie Millamore projektus \\\"Mes darome gera\\\".\",\"breadcrumb\":{\"@id\":\"https:\/\/millamore.com\/lt\/mes-darome-gera\/#breadcrumb\"},\"inLanguage\":\"lt-LT\",\"potentialAction\":[{\"@type\":\"ReadAction\",\"target\":[\"https:\/\/millamore.com\/lt\/mes-darome-gera\/\"]}]},{\"@type\":\"ImageObject\",\"inLanguage\":\"lt-LT\",\"@id\":\"https:\/\/millamore.com\/lt\/mes-darome-gera\/#primaryimage\",\"url\":\"https:\/\/millamore.com\/lt\/wp-content\/uploads\/sites\/6\/2022\/01\/millamore_heategevus-scaled.jpg\",\"contentUrl\":\"https:\/\/millamore.com\/lt\/wp-content\/uploads\/sites\/6\/2022\/01\/millamore_heategevus-scaled.jpg\",\"width\":2560,\"height\":716},{\"@type\":\"BreadcrumbList\",\"@id\":\"https:\/\/millamore.com\/lt\/mes-darome-gera\/#breadcrumb\",\"itemListElement\":[{\"@type\":\"ListItem\",\"position\":1,\"name\":\"Home\",\"item\":\"https:\/\/millamore.com\/lt\/\"},{\"@type\":\"ListItem\",\"position\":2,\"name\":\"Mes darome gera\"}]},{\"@type\":\"WebSite\",\"@id\":\"https:\/\/millamore.com\/lt\/#website\",\"url\":\"https:\/\/millamore.com\/lt\/\",\"name\":\"Millamore Lithuania\",\"description\":\"\",\"publisher\":{\"@id\":\"https:\/\/millamore.com\/lt\/#organization\"},\"potentialAction\":[{\"@type\":\"SearchAction\",\"target\":{\"@type\":\"EntryPoint\",\"urlTemplate\":\"https:\/\/millamore.com\/lt\/?s={search_term_string}\"},\"query-input\":{\"@type\":\"PropertyValueSpecification\",\"valueRequired\":true,\"valueName\":\"search_term_string\"}}],\"inLanguage\":\"lt-LT\"},{\"@type\":\"Organization\",\"@id\":\"https:\/\/millamore.com\/lt\/#organization\",\"name\":\"Millamore\",\"url\":\"https:\/\/millamore.com\/lt\/\",\"logo\":{\"@type\":\"ImageObject\",\"inLanguage\":\"lt-LT\",\"@id\":\"https:\/\/millamore.com\/lt\/#\/schema\/logo\/image\/\",\"url\":\"https:\/\/millamore.com\/lt\/wp-content\/uploads\/sites\/6\/2022\/02\/MILLAMORE_logo.svg\",\"contentUrl\":\"https:\/\/millamore.com\/lt\/wp-content\/uploads\/sites\/6\/2022\/02\/MILLAMORE_logo.svg\",\"width\":509.62,\"height\":253.61,\"caption\":\"Millamore\"},\"image\":{\"@id\":\"https:\/\/millamore.com\/lt\/#\/schema\/logo\/image\/\"}}]}<\/script>\n<!-- \/ Yoast SEO plugin. -->","yoast_head_json":{"title":"Mes darome gera - Mes gr\u0105\u017einame visuomenei - Millamore","description":"Millamore komanda, bendradarbiaudama su Gamtos apsaugos fondu, kasmet pasodina daugiau kaip 5000 medeli\u0173. Su\u017einokite daugiau apie Millamore projektus \"Mes darome gera\".","robots":{"index":"index","follow":"follow","max-snippet":"max-snippet:-1","max-image-preview":"max-image-preview:large","max-video-preview":"max-video-preview:-1"},"canonical":"https:\/\/millamore.com\/lt\/mes-darome-gera\/","og_locale":"lt_LT","og_type":"article","og_title":"Mes darome gera - Mes gr\u0105\u017einame visuomenei - Millamore","og_description":"Millamore komanda, bendradarbiaudama su Gamtos apsaugos fondu, kasmet pasodina daugiau kaip 5000 medeli\u0173. Su\u017einokite daugiau apie Millamore projektus \"Mes darome gera\".","og_url":"https:\/\/millamore.com\/lt\/mes-darome-gera\/","og_site_name":"Millamore Lithuania","article_modified_time":"2022-09-30T08:19:40+00:00","og_image":[{"width":2560,"height":716,"url":"https:\/\/millamore.com\/lt\/wp-content\/uploads\/sites\/6\/2022\/01\/millamore_heategevus-scaled.jpg","type":"image\/jpeg"}],"twitter_card":"summary_large_image","schema":{"@context":"https:\/\/schema.org","@graph":[{"@type":"WebPage","@id":"https:\/\/millamore.com\/lt\/mes-darome-gera\/","url":"https:\/\/millamore.com\/lt\/mes-darome-gera\/","name":"Mes darome gera - Mes gr\u0105\u017einame visuomenei - Millamore","isPartOf":{"@id":"https:\/\/millamore.com\/lt\/#website"},"primaryImageOfPage":{"@id":"https:\/\/millamore.com\/lt\/mes-darome-gera\/#primaryimage"},"image":{"@id":"https:\/\/millamore.com\/lt\/mes-darome-gera\/#primaryimage"},"thumbnailUrl":"https:\/\/millamore.com\/lt\/wp-content\/uploads\/sites\/6\/2022\/01\/millamore_heategevus-scaled.jpg","datePublished":"2022-01-24T14:25:10+00:00","dateModified":"2022-09-30T08:19:40+00:00","description":"Millamore komanda, bendradarbiaudama su Gamtos apsaugos fondu, kasmet pasodina daugiau kaip 5000 medeli\u0173. Su\u017einokite daugiau apie Millamore projektus \"Mes darome gera\".","breadcrumb":{"@id":"https:\/\/millamore.com\/lt\/mes-darome-gera\/#breadcrumb"},"inLanguage":"lt-LT","potentialAction":[{"@type":"ReadAction","target":["https:\/\/millamore.com\/lt\/mes-darome-gera\/"]}]},{"@type":"ImageObject","inLanguage":"lt-LT","@id":"https:\/\/millamore.com\/lt\/mes-darome-gera\/#primaryimage","url":"https:\/\/millamore.com\/lt\/wp-content\/uploads\/sites\/6\/2022\/01\/millamore_heategevus-scaled.jpg","contentUrl":"https:\/\/millamore.com\/lt\/wp-content\/uploads\/sites\/6\/2022\/01\/millamore_heategevus-scaled.jpg","width":2560,"height":716},{"@type":"BreadcrumbList","@id":"https:\/\/millamore.com\/lt\/mes-darome-gera\/#breadcrumb","itemListElement":[{"@type":"ListItem","position":1,"name":"Home","item":"https:\/\/millamore.com\/lt\/"},{"@type":"ListItem","position":2,"name":"Mes darome gera"}]},{"@type":"WebSite","@id":"https:\/\/millamore.com\/lt\/#website","url":"https:\/\/millamore.com\/lt\/","name":"Millamore Lithuania","description":"","publisher":{"@id":"https:\/\/millamore.com\/lt\/#organization"},"potentialAction":[{"@type":"SearchAction","target":{"@type":"EntryPoint","urlTemplate":"https:\/\/millamore.com\/lt\/?s={search_term_string}"},"query-input":{"@type":"PropertyValueSpecification","valueRequired":true,"valueName":"search_term_string"}}],"inLanguage":"lt-LT"},{"@type":"Organization","@id":"https:\/\/millamore.com\/lt\/#organization","name":"Millamore","url":"https:\/\/millamore.com\/lt\/","logo":{"@type":"ImageObject","inLanguage":"lt-LT","@id":"https:\/\/millamore.com\/lt\/#\/schema\/logo\/image\/","url":"https:\/\/millamore.com\/lt\/wp-content\/uploads\/sites\/6\/2022\/02\/MILLAMORE_logo.svg","contentUrl":"https:\/\/millamore.com\/lt\/wp-content\/uploads\/sites\/6\/2022\/02\/MILLAMORE_logo.svg","width":509.62,"height":253.61,"caption":"Millamore"},"image":{"@id":"https:\/\/millamore.com\/lt\/#\/schema\/logo\/image\/"}}]}},"_links":{"self":[{"href":"https:\/\/millamore.com\/lt\/wp-json\/wp\/v2\/pages\/7127","targetHints":{"allow":["GET"]}}],"collection":[{"href":"https:\/\/millamore.com\/lt\/wp-json\/wp\/v2\/pages"}],"about":[{"href":"https:\/\/millamore.com\/lt\/wp-json\/wp\/v2\/types\/page"}],"author":[{"embeddable":true,"href":"https:\/\/millamore.com\/lt\/wp-json\/wp\/v2\/users\/1"}],"replies":[{"embeddable":true,"href":"https:\/\/millamore.com\/lt\/wp-json\/wp\/v2\/comments?post=7127"}],"version-history":[{"count":14,"href":"https:\/\/millamore.com\/lt\/wp-json\/wp\/v2\/pages\/7127\/revisions"}],"predecessor-version":[{"id":7507,"href":"https:\/\/millamore.com\/lt\/wp-json\/wp\/v2\/pages\/7127\/revisions\/7507"}],"wp:featuredmedia":[{"embeddable":true,"href":"https:\/\/millamore.com\/lt\/wp-json\/wp\/v2\/media\/5844"}],"wp:attachment":[{"href":"https:\/\/millamore.com\/lt\/wp-json\/wp\/v2\/media?parent=7127"}],"curies":[{"name":"wp","href":"https:\/\/api.w.org\/{rel}","templated":true}]}}