{"id":6707,"date":"2022-11-24T12:36:29","date_gmt":"2022-11-24T09:36:29","guid":{"rendered":"https:\/\/millamore.com\/doing-good\/"},"modified":"2022-12-20T12:09:05","modified_gmt":"2022-12-20T09:09:05","slug":"faire-le-bien","status":"publish","type":"page","link":"https:\/\/millamore.com\/fr\/faire-le-bien\/","title":{"rendered":"Faire le bien"},"content":{"rendered":"    <div id=\"two-column-block-block_6203ae761b98b\" class=\"two-column-block\">\n        <div class=\"row\">\n                                            <div class=\"two_column col-lg-6 col-12 d-flex flex-column align-items-start\">\n                    <p>Au cours de ses 38 ann\u00e9es d&rsquo;existence, Millamore s&rsquo;est concentr\u00e9e sur le bien-\u00eatre des petits animaux en fabriquant des produits 100 % naturels, s\u00fbrs et sains. Il est important \u00e9galement pour nous de soutenir la communaut\u00e9 des petits animaux et d&rsquo;adopter une approche \u00e9cologiquement durable dans notre production et nos activit\u00e9s.<\/p>\n                <\/div>\n                                            <div class=\"two_column col-lg-6 col-12 d-flex flex-column align-items-start\">\n                    <p>Vous trouverez ci-dessous diff\u00e9rents projets auxquels Millamore a particip\u00e9.<\/p>\n                <\/div>\n                    <\/div>\n    <\/div>\n\n\n    <div id=\"image-text-block_615ad992020ec\" class=\"image-text-block\">\r\n        <h2>Redonner \u00e0 la for\u00eat<\/h2>                    <div class=\"row\">\r\n                                                                        <div class=\"two_column col-lg-6 col-12 d-flex flex-column align-items-start \">\r\n                                                    <p>Notre objectif a toujours \u00e9t\u00e9 d&rsquo;offrir une vie naturelle et saine aux animaux de compagnie et \u00e0 leurs propri\u00e9taires. En coop\u00e9ration avec nos laboratoires partenaires, nous avons confirm\u00e9 que les produits fabriqu\u00e9s \u00e0 partir de tremble sont la meilleure option pour les animaux de compagnie.<\/p>\n<p>M\u00eame si le tremble est consid\u00e9r\u00e9 comme un mat\u00e9riau de faible qualit\u00e9 dans l&rsquo;industrie foresti\u00e8re, nous sommes convaincus que nous devons soutenir le d\u00e9veloppement et la durabilit\u00e9 des for\u00eats.<\/p>\n<p>Nous avons commenc\u00e9 \u00e0 travailler avec le Fonds pour la nature afin d&rsquo;apporter une contribution au Pacte europ\u00e9en pour le climat, ainsi que r\u00e9pondre \u00e0 l&rsquo;appel \u00e0 planter trois milliards d&rsquo;arbres en Europe. Nous sommes fiers de pouvoir dire que l&rsquo;\u00e9quipe de Millamore plante plus de 5 000 arbres chaque ann\u00e9e.<\/p>\n                                                                    <\/div>\r\n                                                        <div class=\"two_column col-lg-6 col-12 d-flex flex-column align-items-start \">\r\n                                                                            <img loading=\"lazy\" decoding=\"async\" class=\"fade-in-up\" src=\"https:\/\/millamore.com\/wp-content\/uploads\/2022\/11\/IMG_20220410_1249322222222-min.jpg\" alt=\"\" width=\"1080\" height=\"1080\">\r\n                                            <\/div>\r\n                            <\/div>\r\n            <\/div>\r\n\n\n    <div id=\"image-text-block_615ada06020f0\" class=\"image-text-block\">\r\n        <h2>Zoo De Tallinn<\/h2>                    <div class=\"row\">\r\n                                                                        <div class=\"two_column col-lg-6 col-12 d-flex flex-column align-items-start \">\r\n                                                                            <a href=\"https:\/\/tallinnzoo.ee\/\" class=\"img-link\">\r\n                                <img loading=\"lazy\" decoding=\"async\" class=\"fade-in-up\" src=\"https:\/\/millamore.com\/wp-content\/uploads\/2022\/11\/Tallinna-Loomaaed-veebi-pilt1.jpg\" alt=\"\" width=\"1080\" height=\"1080\">\r\n                            <\/a>\r\n                                            <\/div>\r\n                                                        <div class=\"two_column col-lg-6 col-12 d-flex flex-column align-items-start \">\r\n                                                    <p>Depuis 2017, Millamore apporte son soutien aux rongeurs du zoo pour enfants du zoo de Tallinn.<\/p>\n<p>Dans le cadre du programme de soutien aux esp\u00e8ces du zoo de Tallinn, nous fournissons aux rongeurs du zoo pour enfants des produits Millamore afin d&rsquo;am\u00e9liorer leur environnement de vie et leur bien-\u00eatre.<\/p>\n<p>Le zoo pour enfants utilise la liti\u00e8re Millamore pour les cochons d&rsquo;Inde, les souris, les rats, les lapins, les d\u00e9gus et les tamias de Sib\u00e9rie.<\/p>\n<p>Voici quelques-uns des habitants du zoo pour enfants:<br \/>\nLe lapin nain Simon et le d\u00e9gu Silvester vivent ensemble et se tiennent compagnie. Ils savent aussi en tirer le meilleur parti : les deux aiment se blottir l&rsquo;un contre l&rsquo;autre dans leur sommeil.<\/p>\n<p>Durant la premi\u00e8re moiti\u00e9 de l&rsquo;ann\u00e9e, le tamia James est tr\u00e8s amical : au printemps et en \u00e9t\u00e9, les visiteurs peuvent le prendre dans leurs bras et jouer avec lui. Cependant, \u00e0 l&rsquo;approche de l&rsquo;automne, James est occup\u00e9 \u00e0 rassembler de la nourriture pour l&rsquo;hiver et se transforme soudainement en un petit diable, mordant n&rsquo;importe qui d\u00e8s qu&rsquo;il en a l&rsquo;occasion.<\/p>\n<p>Barbary, femelle souris ray\u00e9e adulte, \u00e9tait enceinte lorsqu&rsquo;elle est arriv\u00e9e au zoo avec quatre souris plus jeunes et maintenant, beaucoup de petits souriceaux ray\u00e9s filent dans tous les sens dans le terrarium.<\/p>\n<p>Si vous souhaitez voir le lapin nain Simon, le d\u00e9gu Silvester, le tamia James et d&rsquo;autres rongeurs en chair et en os, vous devez absolument visiter le zoo pour enfants du zoo de Tallinn.<\/p>\n<p>Vous pouvez trouver plus d&rsquo;informations sur le programme de soutien aux esp\u00e8ces du zoo de Tallinn <a href=\"https:\/\/tallinnzoo.ee\/vaderlus\/\" target=\"_blank\" rel=\"noopener\">ici<\/a>.<\/p>\n                                                                    <\/div>\r\n                            <\/div>\r\n            <\/div>\r\n\n\n    <div id=\"image-text-block_61f26b1a30b0d\" class=\"image-text-block\">\r\n        <h2>Soci\u00e9t\u00e9 Estonienne Pour La Protection Des Animaux<\/h2>                    <div class=\"row\">\r\n                                                                        <div class=\"two_column col-lg-6 col-12 d-flex flex-column align-items-start \">\r\n                                                    <p>Millamore soutient depuis 2018 la Soci\u00e9t\u00e9 estonienne pour la protection des animaux avec ses produits.<\/p>\n<p>Fond\u00e9e en 2000, la Soci\u00e9t\u00e9 estonienne pour la protection des animaux est une organisation \u00e0 but non lucratif qui vise \u00e0 garantir et \u00e0 am\u00e9liorer le bien-\u00eatre des animaux qui ont besoin d&rsquo;aide et \u00e0 pr\u00e9venir les abus envers eux. Cette mission est accomplie en aidant directement les animaux, en informant le public et en \u00e9duquant les gens, ainsi qu&rsquo;en participant au travail l\u00e9gislatif et en surveillant la protection des animaux.<\/p>\n<p>La Soci\u00e9t\u00e9 estonienne pour la protection des animaux aide \u00e0 trouver des refuges et des foyers permanents pour les animaux dans le besoin. Elle soutient \u00e9galement les refuges en donnant des articles n\u00e9cessaires aux animaux.<\/p>\n<p>La liti\u00e8re pour animaux de Millamore est utilis\u00e9e par diff\u00e9rents petits animaux du refuge, en fonction des animaux qui cherchent actuellement un nouveau foyer.<\/p>\n<p>Vous pouvez trouver plus d&rsquo;informations sur la Soci\u00e9t\u00e9 estonienne pour la protection des animaux et comment soutenir ceux-ci <a href=\"https:\/\/loomakaitse.ee\/\" target=\"_blank\" rel=\"noopener\">ici<\/a>.<\/p>\n                                                                    <\/div>\r\n                                                        <div class=\"two_column col-lg-6 col-12 d-flex flex-column align-items-start \">\r\n                                                                            <a href=\"https:\/\/loomakaitse.ee\/\" class=\"img-link\">\r\n                                <img loading=\"lazy\" decoding=\"async\" class=\"fade-in-up\" src=\"https:\/\/millamore.com\/wp-content\/uploads\/2022\/11\/Eesti-Loomakaitse-Selts-kodukale-pilt1.jpg\" alt=\"\" width=\"1080\" height=\"1080\">\r\n                            <\/a>\r\n                                            <\/div>\r\n                            <\/div>\r\n            <\/div>\r\n\n\n    <div id=\"image-text-block_61f26b8c30b10\" class=\"image-text-block\">\r\n        <h2>Centre Estonien De Protection De La Nature<\/h2>                    <div class=\"row\">\r\n                                                                        <div class=\"two_column col-lg-6 col-12 d-flex flex-column align-items-start \">\r\n                                                                            <a href=\"https:\/\/www.metsloom.ee\/\" class=\"img-link\">\r\n                                <img loading=\"lazy\" decoding=\"async\" class=\"fade-in-up\" src=\"https:\/\/millamore.com\/wp-content\/uploads\/2022\/11\/Eesti-Metsloomauhing-veebi-pilt1.jpg\" alt=\"\" width=\"1080\" height=\"1080\">\r\n                            <\/a>\r\n                                            <\/div>\r\n                                                        <div class=\"two_column col-lg-6 col-12 d-flex flex-column align-items-start \">\r\n                                                    <p>Millamore soutient la Soci\u00e9t\u00e9 estonienne de protection de la nature avec ses produits depuis 2018.<br \/>\nLa Soci\u00e9t\u00e9 estonienne de protection de la nature est une organisation b\u00e9n\u00e9vole uniquement financ\u00e9e par des dons qui aide les animaux sauvages en d\u00e9tresse \u00e0 cause des activit\u00e9s humaines. <\/p>\n<p>Il y a des animaux qui ont besoin d&rsquo;aide quelle que soit la saison : certains n&rsquo;ont besoin que d&rsquo;un petit coup de pouce, tandis que d&rsquo;autres doivent passer de plus longues p\u00e9riodes dans des refuges. <\/p>\n<p>En automne et en hiver, la liti\u00e8re et les mat\u00e9riaux de nidification de Millamore sont principalement utilis\u00e9s par les h\u00e9rissons qui passent la p\u00e9riode froide dans des refuges : certains d&rsquo;entre eux se blottissent confortablement dans des nids chauds, tandis que ceux qui sont plus maigres, \u00e0 la sant\u00e9 d\u00e9licate, restent plus agit\u00e9s tout au long de l&rsquo;hiver. La liti\u00e8re pour animaux de Millamore est \u00e9galement souvent utilis\u00e9e pour les cygnes, les cigognes et les gr\u00e8bes qui sont rest\u00e9s derri\u00e8re lors de la migration.<\/p>\n<p>Au printemps et en \u00e9t\u00e9, les refuges sont remplis d&rsquo;animaux et d&rsquo;oiseaux de tous \u00e2ges \u2013 animaux adultes, petits, ainsi que des poussins. Pendant cette p\u00e9riode, la liti\u00e8re pour animaux de Millamore est souvent utilis\u00e9e pour assurer que les renardeaux, les \u00e9cureuillons, les h\u00e9rissons et les lapereaux ont des cages s\u00e8ches. Le mat\u00e9riau de nidification est utilis\u00e9 pour apprendre aux jeunes h\u00e9rissons \u00e0 construire un nid avant d&rsquo;\u00eatre rel\u00e2ch\u00e9s dans la nature.<\/p>\n<p>Vous pouvez trouver plus d&rsquo;informations sur le Centre estonien de protection de la nature et comment le soutenir <a href=\"https:\/\/www.metsloom.ee\/\" target=\"_blank\" rel=\"noopener\">ici<\/a>.<\/p>\n                                                                    <\/div>\r\n                            <\/div>\r\n            <\/div>\r\n\n\n    <div id=\"image-text-block_61f26bac30b13\" class=\"image-text-block\">\r\n        <h2>Ferme R\u00e9cr\u00e9ative D&rsquo;eino Roosioks<\/h2>                    <div class=\"row\">\r\n                                                                        <div class=\"two_column col-lg-6 col-12 d-flex flex-column align-items-start \">\r\n                                                    <p>Millamore soutient la ferme r\u00e9cr\u00e9ative d&rsquo;Eino Roosioks avec ses produits depuis 2021.<\/p>\n<p>Eino Roosioks a ouvert sa ferme r\u00e9cr\u00e9ative, remplie d&rsquo;oiseaux et d&rsquo;animaux exotiques, il y a 18 ans. Au fil des ans, Roosioks a adopt\u00e9 de nombreux animaux et oiseaux exotiques dont les propri\u00e9taires ne pouvaient plus s&rsquo;occuper. Pour \u00e9viter que les animaux ne soient euthanasi\u00e9s, il leur donne une seconde chance dans sa ferme.<\/p>\n<p>Roosioks affirme que la liti\u00e8re pour animaux de Millamore est absolument indispensable pour les diff\u00e9rentes cages des animaux et des oiseaux de sa ferme. Elle est utilis\u00e9e par la plupart des poussins, poules, grues cendr\u00e9es, cigognes blanches, paons, \u00e9meus, nandous, cygnes noirs, cygnes tubercul\u00e9s, mouettes, ouettes d&rsquo;\u00c9gypte, bernaches \u00e0 cou roux, ch\u00e8vres, moutons d&rsquo;Ouessant, renards, genettes, rats, cochons d&rsquo;Inde, souris et lemmings des steppes.<\/p>\n<p>Vous pouvez trouver plus d&rsquo;informations sur la ferme r\u00e9cr\u00e9ative d&rsquo;Eino Roosioks <a href=\"https:\/\/www.facebook.com\/roosioksahobitalu\/\" target=\"_blank\" rel=\"noopener\">ici<\/a>.<\/p>\n                                                                    <\/div>\r\n                                                        <div class=\"two_column col-lg-6 col-12 d-flex flex-column align-items-start \">\r\n                                                                            <a href=\"https:\/\/www.facebook.com\/roosioksahobitalu\/\" class=\"img-link\">\r\n                                <img loading=\"lazy\" decoding=\"async\" class=\"fade-in-up\" src=\"https:\/\/millamore.com\/wp-content\/uploads\/2022\/11\/Eino-Roosioksa-Hobitalu-veebi-pilt1.jpg\" alt=\"\" width=\"1080\" height=\"1080\">\r\n                            <\/a>\r\n                                            <\/div>\r\n                            <\/div>\r\n            <\/div>\r\n","protected":false},"excerpt":{"rendered":"","protected":false},"author":1,"featured_media":6343,"parent":0,"menu_order":0,"comment_status":"closed","ping_status":"closed","template":"page-templates\/template-why-millamore.php","meta":{"_acf_changed":false,"_monsterinsights_skip_tracking":false,"_monsterinsights_sitenote_active":false,"_monsterinsights_sitenote_note":"","_monsterinsights_sitenote_category":0,"footnotes":""},"class_list":["post-6707","page","type-page","status-publish","has-post-thumbnail","hentry"],"acf":[],"yoast_head":"<!-- This site is optimized with the Yoast SEO plugin v23.8 - https:\/\/yoast.com\/wordpress\/plugins\/seo\/ -->\n<title>Faire le bien | Produits 100% naturels pour petits animaux<\/title>\n<meta name=\"description\" content=\"Il est important pour Millamore de soutenir la communaut\u00e9 des petits animaux et d&#039;adopter une approche \u00e9cologiquement durable. En savoir plus sur nos projets.\" \/>\n<meta name=\"robots\" content=\"index, follow, max-snippet:-1, max-image-preview:large, max-video-preview:-1\" \/>\n<link rel=\"canonical\" href=\"https:\/\/millamore.com\/fr\/faire-le-bien\/\" \/>\n<meta property=\"og:locale\" content=\"fr_FR\" \/>\n<meta property=\"og:type\" content=\"article\" \/>\n<meta property=\"og:title\" content=\"Faire le bien | Produits 100% naturels pour petits animaux\" \/>\n<meta property=\"og:description\" content=\"Il est important pour Millamore de soutenir la communaut\u00e9 des petits animaux et d&#039;adopter une approche \u00e9cologiquement durable. En savoir plus sur nos projets.\" \/>\n<meta property=\"og:url\" content=\"https:\/\/millamore.com\/fr\/faire-le-bien\/\" \/>\n<meta property=\"og:site_name\" content=\"Millamore\" \/>\n<meta property=\"article:modified_time\" content=\"2022-12-20T09:09:05+00:00\" \/>\n<meta property=\"og:image\" content=\"https:\/\/millamore.com\/wp-content\/uploads\/2022\/11\/millamore_heategevus-scaled-1.jpg\" \/>\n\t<meta property=\"og:image:width\" content=\"2560\" \/>\n\t<meta property=\"og:image:height\" content=\"716\" \/>\n\t<meta property=\"og:image:type\" content=\"image\/jpeg\" \/>\n<meta name=\"twitter:card\" content=\"summary_large_image\" \/>\n<script type=\"application\/ld+json\" class=\"yoast-schema-graph\">{\"@context\":\"https:\/\/schema.org\",\"@graph\":[{\"@type\":\"WebPage\",\"@id\":\"https:\/\/millamore.com\/fr\/faire-le-bien\/\",\"url\":\"https:\/\/millamore.com\/fr\/faire-le-bien\/\",\"name\":\"Faire le bien | Produits 100% naturels pour petits animaux\",\"isPartOf\":{\"@id\":\"https:\/\/millamore.com\/fr\/#website\"},\"primaryImageOfPage\":{\"@id\":\"https:\/\/millamore.com\/fr\/faire-le-bien\/#primaryimage\"},\"image\":{\"@id\":\"https:\/\/millamore.com\/fr\/faire-le-bien\/#primaryimage\"},\"thumbnailUrl\":\"https:\/\/millamore.com\/wp-content\/uploads\/2022\/11\/millamore_heategevus-scaled-1.jpg\",\"datePublished\":\"2022-11-24T09:36:29+00:00\",\"dateModified\":\"2022-12-20T09:09:05+00:00\",\"description\":\"Il est important pour Millamore de soutenir la communaut\u00e9 des petits animaux et d'adopter une approche \u00e9cologiquement durable. En savoir plus sur nos projets.\",\"breadcrumb\":{\"@id\":\"https:\/\/millamore.com\/fr\/faire-le-bien\/#breadcrumb\"},\"inLanguage\":\"fr-FR\",\"potentialAction\":[{\"@type\":\"ReadAction\",\"target\":[\"https:\/\/millamore.com\/fr\/faire-le-bien\/\"]}]},{\"@type\":\"ImageObject\",\"inLanguage\":\"fr-FR\",\"@id\":\"https:\/\/millamore.com\/fr\/faire-le-bien\/#primaryimage\",\"url\":\"https:\/\/millamore.com\/wp-content\/uploads\/2022\/11\/millamore_heategevus-scaled-1.jpg\",\"contentUrl\":\"https:\/\/millamore.com\/wp-content\/uploads\/2022\/11\/millamore_heategevus-scaled-1.jpg\",\"width\":2560,\"height\":716},{\"@type\":\"BreadcrumbList\",\"@id\":\"https:\/\/millamore.com\/fr\/faire-le-bien\/#breadcrumb\",\"itemListElement\":[{\"@type\":\"ListItem\",\"position\":1,\"name\":\"Home\",\"item\":\"https:\/\/millamore.com\/fr\/\"},{\"@type\":\"ListItem\",\"position\":2,\"name\":\"Faire le bien\"}]},{\"@type\":\"WebSite\",\"@id\":\"https:\/\/millamore.com\/fr\/#website\",\"url\":\"https:\/\/millamore.com\/fr\/\",\"name\":\"Millamore\",\"description\":\"\",\"potentialAction\":[{\"@type\":\"SearchAction\",\"target\":{\"@type\":\"EntryPoint\",\"urlTemplate\":\"https:\/\/millamore.com\/fr\/?s={search_term_string}\"},\"query-input\":{\"@type\":\"PropertyValueSpecification\",\"valueRequired\":true,\"valueName\":\"search_term_string\"}}],\"inLanguage\":\"fr-FR\"}]}<\/script>\n<!-- \/ Yoast SEO plugin. -->","yoast_head_json":{"title":"Faire le bien | Produits 100% naturels pour petits animaux","description":"Il est important pour Millamore de soutenir la communaut\u00e9 des petits animaux et d'adopter une approche \u00e9cologiquement durable. En savoir plus sur nos projets.","robots":{"index":"index","follow":"follow","max-snippet":"max-snippet:-1","max-image-preview":"max-image-preview:large","max-video-preview":"max-video-preview:-1"},"canonical":"https:\/\/millamore.com\/fr\/faire-le-bien\/","og_locale":"fr_FR","og_type":"article","og_title":"Faire le bien | Produits 100% naturels pour petits animaux","og_description":"Il est important pour Millamore de soutenir la communaut\u00e9 des petits animaux et d'adopter une approche \u00e9cologiquement durable. En savoir plus sur nos projets.","og_url":"https:\/\/millamore.com\/fr\/faire-le-bien\/","og_site_name":"Millamore","article_modified_time":"2022-12-20T09:09:05+00:00","og_image":[{"width":2560,"height":716,"url":"https:\/\/millamore.com\/wp-content\/uploads\/2022\/11\/millamore_heategevus-scaled-1.jpg","type":"image\/jpeg"}],"twitter_card":"summary_large_image","schema":{"@context":"https:\/\/schema.org","@graph":[{"@type":"WebPage","@id":"https:\/\/millamore.com\/fr\/faire-le-bien\/","url":"https:\/\/millamore.com\/fr\/faire-le-bien\/","name":"Faire le bien | Produits 100% naturels pour petits animaux","isPartOf":{"@id":"https:\/\/millamore.com\/fr\/#website"},"primaryImageOfPage":{"@id":"https:\/\/millamore.com\/fr\/faire-le-bien\/#primaryimage"},"image":{"@id":"https:\/\/millamore.com\/fr\/faire-le-bien\/#primaryimage"},"thumbnailUrl":"https:\/\/millamore.com\/wp-content\/uploads\/2022\/11\/millamore_heategevus-scaled-1.jpg","datePublished":"2022-11-24T09:36:29+00:00","dateModified":"2022-12-20T09:09:05+00:00","description":"Il est important pour Millamore de soutenir la communaut\u00e9 des petits animaux et d'adopter une approche \u00e9cologiquement durable. En savoir plus sur nos projets.","breadcrumb":{"@id":"https:\/\/millamore.com\/fr\/faire-le-bien\/#breadcrumb"},"inLanguage":"fr-FR","potentialAction":[{"@type":"ReadAction","target":["https:\/\/millamore.com\/fr\/faire-le-bien\/"]}]},{"@type":"ImageObject","inLanguage":"fr-FR","@id":"https:\/\/millamore.com\/fr\/faire-le-bien\/#primaryimage","url":"https:\/\/millamore.com\/wp-content\/uploads\/2022\/11\/millamore_heategevus-scaled-1.jpg","contentUrl":"https:\/\/millamore.com\/wp-content\/uploads\/2022\/11\/millamore_heategevus-scaled-1.jpg","width":2560,"height":716},{"@type":"BreadcrumbList","@id":"https:\/\/millamore.com\/fr\/faire-le-bien\/#breadcrumb","itemListElement":[{"@type":"ListItem","position":1,"name":"Home","item":"https:\/\/millamore.com\/fr\/"},{"@type":"ListItem","position":2,"name":"Faire le bien"}]},{"@type":"WebSite","@id":"https:\/\/millamore.com\/fr\/#website","url":"https:\/\/millamore.com\/fr\/","name":"Millamore","description":"","potentialAction":[{"@type":"SearchAction","target":{"@type":"EntryPoint","urlTemplate":"https:\/\/millamore.com\/fr\/?s={search_term_string}"},"query-input":{"@type":"PropertyValueSpecification","valueRequired":true,"valueName":"search_term_string"}}],"inLanguage":"fr-FR"}]}},"_links":{"self":[{"href":"https:\/\/millamore.com\/fr\/wp-json\/wp\/v2\/pages\/6707","targetHints":{"allow":["GET"]}}],"collection":[{"href":"https:\/\/millamore.com\/fr\/wp-json\/wp\/v2\/pages"}],"about":[{"href":"https:\/\/millamore.com\/fr\/wp-json\/wp\/v2\/types\/page"}],"author":[{"embeddable":true,"href":"https:\/\/millamore.com\/fr\/wp-json\/wp\/v2\/users\/1"}],"replies":[{"embeddable":true,"href":"https:\/\/millamore.com\/fr\/wp-json\/wp\/v2\/comments?post=6707"}],"version-history":[{"count":2,"href":"https:\/\/millamore.com\/fr\/wp-json\/wp\/v2\/pages\/6707\/revisions"}],"predecessor-version":[{"id":6710,"href":"https:\/\/millamore.com\/fr\/wp-json\/wp\/v2\/pages\/6707\/revisions\/6710"}],"wp:featuredmedia":[{"embeddable":true,"href":"https:\/\/millamore.com\/fr\/wp-json\/wp\/v2\/media\/6343"}],"wp:attachment":[{"href":"https:\/\/millamore.com\/fr\/wp-json\/wp\/v2\/media?parent=6707"}],"curies":[{"name":"wp","href":"https:\/\/api.w.org\/{rel}","templated":true}]}}