{"id":4502,"date":"2021-10-04T13:45:34","date_gmt":"2021-10-04T10:45:34","guid":{"rendered":"https:\/\/millamore.com\/why-millamore\/"},"modified":"2025-10-20T09:50:54","modified_gmt":"2025-10-20T06:50:54","slug":"pourquoi-millamore","status":"publish","type":"page","link":"https:\/\/millamore.com\/fr\/pourquoi-millamore\/","title":{"rendered":"Pourquoi Millamore"},"content":{"rendered":"    <div id=\"two-column-block-block_5b02709932adf4e4236b182671fc3c9d\" class=\"two-column-block\">\n        <div class=\"row\">\n                                            <div class=\"two_column col-lg-6 col-12 d-flex flex-column align-items-start\">\n                    <p>Depuis plus de 38 ans, Millamore s&rsquo;engage pour le bien-\u00eatre des petits animaux en fournissant de la liti\u00e8re, des jouets et des accessoires haut de gamme et 100 % naturels ainsi que des aliments complets pour lapins et cochons d&rsquo;Inde. Les produits Millamore sont vendus dans plus de 20 pays tout en ayant des amis \u00e0 fourrure et des fans partout dans le monde.<\/p>\n                <\/div>\n                                            <div class=\"two_column col-lg-6 col-12 d-flex flex-column align-items-start\">\n                    <p>Nous continuons \u00e0 d\u00e9velopper des produits passionnants et s\u00fbrs qui fonctionnent, am\u00e9liorent le bien-\u00eatre des animaux et enrichissent la vie des animaux de compagnie et de leurs familles.<\/p>\n<p><strong>MILLAMORE \u2013 Tout ce dont vous avez besoin pour le bonheur et le bien-\u00eatre de votre petit ami !<\/strong><\/p>\n                <\/div>\n                    <\/div>\n    <\/div>\n\n\n    <div id=\"image-text-block_e09e1c471dea2821c36574e3914acb93\" class=\"image-text-block\">\r\n        <h2>Qualit\u00e9 Millamore<\/h2>                    <div class=\"row\">\r\n                                                                        <div class=\"two_column col-lg-6 col-12 d-flex flex-column align-items-start mobile-top\">\r\n                                                    <p>La liti\u00e8re Millamore est s\u00e9ch\u00e9e \u00e0 100 &#8211; 120 \u00b0C pendant deux heures pour obtenir un taux d&rsquo;humidit\u00e9 inf\u00e9rieure \u00e0 10 %. Le faible taux d&rsquo;humidit\u00e9, la granulom\u00e9trie et la structure de la liti\u00e8re garantissent une capacit\u00e9 d&rsquo;absorption de liquide de la liti\u00e8re Millamore de 200 %. La temp\u00e9rature \u00e9lev\u00e9e \u00e9limine \u00e9galement les micro-organismes (bact\u00e9ries, moisissures et levures) de la liti\u00e8re. Dans un test comparatif de diff\u00e9rentes liti\u00e8res en bois, Millamore a surclass\u00e9 les autres types de liti\u00e8re en bois avec une capacit\u00e9 de fixation de l&rsquo;ammoniac 3 fois sup\u00e9rieure, ce qui maintient l&rsquo;air \u00e0 l&rsquo;int\u00e9rieur de la cage propre et s\u00fbr et permet des intervalles de changement de liti\u00e8re plus longs.<\/p>\n                                                                            <a href=\"https:\/\/millamore.com\/fr\/product_cat\/litiere\/#scrollToProducts\" class=\"img-link\">\r\n                                <img loading=\"lazy\" decoding=\"async\" class=\"fade-in-up\" src=\"https:\/\/millamore.com\/wp-content\/uploads\/2021\/10\/Group-4-1.png\" alt=\"\" width=\"746\" height=\"688\">\r\n                            <\/a>\r\n                                            <\/div>\r\n                                                        <div class=\"two_column col-lg-6 col-12 d-flex flex-column align-items-start \">\r\n                                                    <p>De plus, le tremble est plus s\u00fbr que le pin ou l&rsquo;\u00e9pic\u00e9a en raison de sa faible teneur en pin\u00e8ne et ne contient pas d&rsquo;additifs chimiques ni de r\u00e9sidus des industries du bois ou du papier.<\/p>\n<p>La liti\u00e8re Millamore ne contient pas de poussi\u00e8re et pr\u00e9sente des bords lisses. La poussi\u00e8re peut affecter le syst\u00e8me respiratoire des animaux et des humains, et les bords tranchants sont la principale source de poussi\u00e8re et peuvent \u00e9galement endommager les peaux sensibles. La teneur en poussi\u00e8re de notre liti\u00e8re est proche de z\u00e9ro (0,1 &#8211; 0,7 %). Les autres liti\u00e8res en bois, principalement des copeaux largement utilis\u00e9s pour les animaux de compagnie, peuvent contenir jusqu&rsquo;\u00e0 15 % de poussi\u00e8re.<\/p>\n<p>La production est sans d\u00e9chets et utilise la bio\u00e9nergie, tous les produits sont biod\u00e9gradables \u2013 vous pouvez soit les composter, soit les utiliser comme biocarburant respectueux de l&rsquo;environnement. <\/p>\n<p>La s\u00e9curit\u00e9 et la puret\u00e9 des produits sont r\u00e9guli\u00e8rement contr\u00f4l\u00e9es pour plus de 200 \u00e9l\u00e9ments et compos\u00e9s. La teneur en bact\u00e9ries, compos\u00e9s toxiques, pesticides, etc. des produits Millamore est r\u00e9guli\u00e8rement test\u00e9e et est conforme aux exigences en mati\u00e8re d&rsquo;alimentation animale.<br \/>\nNotre processus de production suit des normes de gestion \u00e9cologiques et durables. Nous suivons des pratiques de gestion foresti\u00e8re FSC responsables qui garantissent l&rsquo;origine de la mati\u00e8re premi\u00e8re. Les r\u00e9gions voisines fournissent la mati\u00e8re premi\u00e8re pour minimiser les \u00e9missions de CO2. <\/p>\n                                                                    <\/div>\r\n                            <\/div>\r\n            <\/div>\r\n\n\n    <div id=\"image-text-block_c0ad92bb9501435dbfd8dacf2e1eb209\" class=\"image-text-block\">\r\n        <h2>Liti\u00e8re et mat\u00e9riau de nidification<\/h2>                    <div class=\"row\">\r\n                                                                        <div class=\"two_column col-lg-6 col-12 d-flex flex-column align-items-start \">\r\n                                                    <p>Liti\u00e8re et mat\u00e9riau de nidification en tremble 100 % naturels, biod\u00e9gradables et test\u00e9s en laboratoire<\/p>\n<p>Comme la liti\u00e8re est un \u00e9l\u00e9ment essentiel de l&rsquo;environnement domestique de votre animal de compagnie, ainsi que de sa sant\u00e9 globale, il est important de choisir des options s\u00fbres, non toxiques, sans poussi\u00e8re et 100 % naturelles. Nous voulons que les parents d&rsquo;animaux de compagnie disposent des meilleures options afin qu&rsquo;ils puissent offrir \u00e0 leurs amis \u00e0 fourrure le m\u00eame niveau de qualit\u00e9 auquel ils sont habitu\u00e9s. Notre objectif a \u00e9t\u00e9 de vous offrir, \u00e0 vous et \u00e0 votre animal de compagnie, une vie naturelle et saine avec les liti\u00e8res et les produits de nidification Millamore de qualit\u00e9 sup\u00e9rieure.<\/p>\n<p><strong>Pourquoi choisir la liti\u00e8re et le mat\u00e9riau de nidification Millamore ?<\/strong><\/p>\n<ul>\n<li>Sans poussi\u00e8re<\/li>\n<li>100 % naturel, en tremble<\/li>\n<li>Haut pouvoir absorbant<\/li>\n<li>Contr\u00f4le \u00e9lev\u00e9 des odeurs<\/li>\n<li>Biod\u00e9gradables et compostables<\/li>\n<li>Pas d&rsquo;additifs chimiques ni de r\u00e9sidus<\/li>\n<li>Test\u00e9s en laboratoire<\/li>\n<li>Recommand\u00e9s par les v\u00e9t\u00e9rinaires et les professionnels du bien-\u00eatre animal<\/li>\n<li>Certification FSC garantissant une gestion foresti\u00e8re responsable et durable<\/li>\n<\/ul>\n<p><a href=\"https:\/\/millamore.com\/fr\/product_cat\/materiau-de-nidification-fr\/#scrollToProducts\"><strong>Voir les produits Millamore ; liti\u00e8res et mat\u00e9riaux de nidification<\/strong><\/a><\/p>\n                                                                    <\/div>\r\n                                                        <div class=\"two_column col-lg-6 col-12 d-flex flex-column align-items-start mobile-top\">\r\n                                                                            <img loading=\"lazy\" decoding=\"async\" class=\"fade-in-up\" src=\"https:\/\/millamore.com\/wp-content\/uploads\/2021\/10\/Bedding-and-Nesting-Material-.jpg\" alt=\"\" width=\"946\" height=\"944\">\r\n                                            <\/div>\r\n                            <\/div>\r\n            <\/div>\r\n\n\n    <div id=\"image-text-block_09d721057b52b3e0eb996dd108c17ebd\" class=\"image-text-block\">\r\n        <h2>Jouets et accessoires<\/h2>                    <div class=\"row\">\r\n                                                                        <div class=\"two_column col-lg-6 col-12 d-flex flex-column align-items-start mobile-top\">\r\n                                                                            <img loading=\"lazy\" decoding=\"async\" class=\"fade-in-up\" src=\"https:\/\/millamore.com\/wp-content\/uploads\/2021\/10\/Toys-and-Accessories-1.jpg\" alt=\"\" width=\"948\" height=\"624\">\r\n                                            <\/div>\r\n                                                        <div class=\"two_column col-lg-6 col-12 d-flex flex-column align-items-start \">\r\n                                                    <p>La chose la plus importante lors du choix d&rsquo;un jouet pour un animal de compagnie est qu&rsquo;il soit sans danger !<br \/>\nLes jouets naturels Millamore offrent une vari\u00e9t\u00e9 d&rsquo;options de nidification, d&rsquo;abri et de mastication. Les jouets r\u00e9pondent aux besoins instinctifs naturels des animaux en encourageant la dissimulation, l&rsquo;escalade et la mastication et contribuent au maintien du bien-\u00eatre g\u00e9n\u00e9ral.<br \/>\nLes jouets Millamore (\u00e0 l&rsquo;exception des tunnels en carton) sont fabriqu\u00e9s \u00e0 partir de bois de tremble frais qui ne contient pas d&rsquo;additifs chimiques ni de r\u00e9sidus de l&rsquo;industrie du bois ou du papier. Les v\u00e9t\u00e9rinaires et les sp\u00e9cialistes du bien-\u00eatre animal recommandent le tremble pour m\u00e2cher en raison de sa faible teneur en r\u00e9sine compar\u00e9e aux conif\u00e8res. Aucune colle ni pi\u00e8ces m\u00e9talliques n&rsquo;ont \u00e9t\u00e9 utilis\u00e9es pour fabriquer ces jouets. Les jouets et accessoires Millamore sont lavables et r\u00e9utilisables jusqu&rsquo;\u00e0 14 fois.<\/p>\n<p><strong><a href=\"https:\/\/millamore.com\/fr\/product_cat\/jouets-accessoires-fr\/#scrollToProducts\">Voir les jouets et accessoires Millamore<\/a><\/strong><\/p>\n                                                                    <\/div>\r\n                            <\/div>\r\n            <\/div>\r\n\n\n    <div id=\"image-text-block_8aef61843463d7ecd818a99d21c0953b\" class=\"image-text-block\">\r\n        <h2>Foins<\/h2>                    <div class=\"row\">\r\n                                                                        <div class=\"two_column col-lg-6 col-12 d-flex flex-column align-items-start \">\r\n                                                    <p data-start=\"0\" data-end=\"605\">La toute nouvelle addition \u00e0 notre gamme de produits apporte la nature directement dans la gamelle de votre petit compagnon \u2013 Millamore Foin de Fl\u00e9ole des Pr\u00e9s. Une alimentation saine commence par un foin de haute qualit\u00e9, et nous avons veill\u00e9 \u00e0 ce que vos animaux ne re\u00e7oivent que le meilleur.<br data-start=\"300\" data-end=\"303\" \/>Cultiv\u00e9 dans des champs europ\u00e9ens de premi\u00e8re qualit\u00e9, le foin de fl\u00e9ole Millamore est riche en fibres essentielles qui favorisent la digestion, la sant\u00e9 dentaire et le bien-\u00eatre g\u00e9n\u00e9ral. Il est 100 % naturel et enti\u00e8rement sans pesticides ni additifs, exactement comme la nature l\u2019a pr\u00e9vu.<\/p>\n<p data-start=\"607\" data-end=\"651\" data-is-last-node=\"\" data-is-only-node=\"\"><a href=\"https:\/\/millamore.com\/fr\/products\/foin-de-fleole-des-pres\/\"><strong data-start=\"610\" data-end=\"651\" data-is-last-node=\"\">D\u00e9couvrir le Foin de Fl\u00e9ole Millamore<\/strong><\/a><\/p>\n                                                                    <\/div>\r\n                                                        <div class=\"two_column col-lg-6 col-12 d-flex flex-column align-items-start mobile-top\">\r\n                                                                            <img loading=\"lazy\" decoding=\"async\" class=\"fade-in-up\" src=\"https:\/\/millamore.com\/wp-content\/uploads\/2024\/02\/Millamore_Timothy_Hay_1kg_1000.jpg\" alt=\"\" width=\"1000\" height=\"1260\">\r\n                                            <\/div>\r\n                            <\/div>\r\n            <\/div>\r\n","protected":false},"excerpt":{"rendered":"","protected":false},"author":1,"featured_media":405,"parent":0,"menu_order":0,"comment_status":"closed","ping_status":"closed","template":"page-templates\/template-why-millamore.php","meta":{"_acf_changed":false,"_monsterinsights_skip_tracking":false,"_monsterinsights_sitenote_active":false,"_monsterinsights_sitenote_note":"","_monsterinsights_sitenote_category":0,"footnotes":""},"class_list":["post-4502","page","type-page","status-publish","has-post-thumbnail","hentry"],"acf":[],"yoast_head":"<!-- This site is optimized with the Yoast SEO plugin v23.8 - https:\/\/yoast.com\/wordpress\/plugins\/seo\/ -->\n<title>\u00c0 propos de Millamore et des produits pour petits animaux<\/title>\n<meta name=\"description\" content=\"Liti\u00e8re et mat\u00e9riel de nidification pour petits animaux 100 % naturels de qualit\u00e9 sup\u00e9rieure d&#039;Aspen. D\u00e9couvrez les produits Millamore.\" \/>\n<meta name=\"robots\" content=\"index, follow, max-snippet:-1, max-image-preview:large, max-video-preview:-1\" \/>\n<link rel=\"canonical\" href=\"https:\/\/millamore.com\/fr\/pourquoi-millamore\/\" \/>\n<meta property=\"og:locale\" content=\"fr_FR\" \/>\n<meta property=\"og:type\" content=\"article\" \/>\n<meta property=\"og:title\" content=\"\u00c0 propos de Millamore et des produits pour petits animaux\" \/>\n<meta property=\"og:description\" content=\"Liti\u00e8re et mat\u00e9riel de nidification pour petits animaux 100 % naturels de qualit\u00e9 sup\u00e9rieure d&#039;Aspen. D\u00e9couvrez les produits Millamore.\" \/>\n<meta property=\"og:url\" content=\"https:\/\/millamore.com\/fr\/pourquoi-millamore\/\" \/>\n<meta property=\"og:site_name\" content=\"Millamore\" \/>\n<meta property=\"article:modified_time\" content=\"2025-10-20T06:50:54+00:00\" \/>\n<meta property=\"og:image\" content=\"https:\/\/millamore.com\/wp-content\/uploads\/2021\/05\/shutterstock_1727772646-1-scaled.jpg\" \/>\n\t<meta property=\"og:image:width\" content=\"2560\" \/>\n\t<meta property=\"og:image:height\" content=\"696\" \/>\n\t<meta property=\"og:image:type\" content=\"image\/jpeg\" \/>\n<meta name=\"twitter:card\" content=\"summary_large_image\" \/>\n<meta name=\"twitter:label1\" content=\"Dur\u00e9e de lecture estim\u00e9e\" \/>\n\t<meta name=\"twitter:data1\" content=\"1 minute\" \/>\n<script type=\"application\/ld+json\" class=\"yoast-schema-graph\">{\"@context\":\"https:\/\/schema.org\",\"@graph\":[{\"@type\":\"WebPage\",\"@id\":\"https:\/\/millamore.com\/fr\/pourquoi-millamore\/\",\"url\":\"https:\/\/millamore.com\/fr\/pourquoi-millamore\/\",\"name\":\"\u00c0 propos de Millamore et des produits pour petits animaux\",\"isPartOf\":{\"@id\":\"https:\/\/millamore.com\/fr\/#website\"},\"primaryImageOfPage\":{\"@id\":\"https:\/\/millamore.com\/fr\/pourquoi-millamore\/#primaryimage\"},\"image\":{\"@id\":\"https:\/\/millamore.com\/fr\/pourquoi-millamore\/#primaryimage\"},\"thumbnailUrl\":\"https:\/\/millamore.com\/wp-content\/uploads\/2021\/05\/shutterstock_1727772646-1-scaled.jpg\",\"datePublished\":\"2021-10-04T10:45:34+00:00\",\"dateModified\":\"2025-10-20T06:50:54+00:00\",\"description\":\"Liti\u00e8re et mat\u00e9riel de nidification pour petits animaux 100 % naturels de qualit\u00e9 sup\u00e9rieure d'Aspen. D\u00e9couvrez les produits Millamore.\",\"breadcrumb\":{\"@id\":\"https:\/\/millamore.com\/fr\/pourquoi-millamore\/#breadcrumb\"},\"inLanguage\":\"fr-FR\",\"potentialAction\":[{\"@type\":\"ReadAction\",\"target\":[\"https:\/\/millamore.com\/fr\/pourquoi-millamore\/\"]}]},{\"@type\":\"ImageObject\",\"inLanguage\":\"fr-FR\",\"@id\":\"https:\/\/millamore.com\/fr\/pourquoi-millamore\/#primaryimage\",\"url\":\"https:\/\/millamore.com\/wp-content\/uploads\/2021\/05\/shutterstock_1727772646-1-scaled.jpg\",\"contentUrl\":\"https:\/\/millamore.com\/wp-content\/uploads\/2021\/05\/shutterstock_1727772646-1-scaled.jpg\",\"width\":2560,\"height\":696},{\"@type\":\"BreadcrumbList\",\"@id\":\"https:\/\/millamore.com\/fr\/pourquoi-millamore\/#breadcrumb\",\"itemListElement\":[{\"@type\":\"ListItem\",\"position\":1,\"name\":\"Home\",\"item\":\"https:\/\/millamore.com\/fr\/\"},{\"@type\":\"ListItem\",\"position\":2,\"name\":\"Pourquoi Millamore\"}]},{\"@type\":\"WebSite\",\"@id\":\"https:\/\/millamore.com\/fr\/#website\",\"url\":\"https:\/\/millamore.com\/fr\/\",\"name\":\"Millamore\",\"description\":\"\",\"potentialAction\":[{\"@type\":\"SearchAction\",\"target\":{\"@type\":\"EntryPoint\",\"urlTemplate\":\"https:\/\/millamore.com\/fr\/?s={search_term_string}\"},\"query-input\":{\"@type\":\"PropertyValueSpecification\",\"valueRequired\":true,\"valueName\":\"search_term_string\"}}],\"inLanguage\":\"fr-FR\"}]}<\/script>\n<!-- \/ Yoast SEO plugin. -->","yoast_head_json":{"title":"\u00c0 propos de Millamore et des produits pour petits animaux","description":"Liti\u00e8re et mat\u00e9riel de nidification pour petits animaux 100 % naturels de qualit\u00e9 sup\u00e9rieure d'Aspen. D\u00e9couvrez les produits Millamore.","robots":{"index":"index","follow":"follow","max-snippet":"max-snippet:-1","max-image-preview":"max-image-preview:large","max-video-preview":"max-video-preview:-1"},"canonical":"https:\/\/millamore.com\/fr\/pourquoi-millamore\/","og_locale":"fr_FR","og_type":"article","og_title":"\u00c0 propos de Millamore et des produits pour petits animaux","og_description":"Liti\u00e8re et mat\u00e9riel de nidification pour petits animaux 100 % naturels de qualit\u00e9 sup\u00e9rieure d'Aspen. D\u00e9couvrez les produits Millamore.","og_url":"https:\/\/millamore.com\/fr\/pourquoi-millamore\/","og_site_name":"Millamore","article_modified_time":"2025-10-20T06:50:54+00:00","og_image":[{"width":2560,"height":696,"url":"https:\/\/millamore.com\/wp-content\/uploads\/2021\/05\/shutterstock_1727772646-1-scaled.jpg","type":"image\/jpeg"}],"twitter_card":"summary_large_image","twitter_misc":{"Dur\u00e9e de lecture estim\u00e9e":"1 minute"},"schema":{"@context":"https:\/\/schema.org","@graph":[{"@type":"WebPage","@id":"https:\/\/millamore.com\/fr\/pourquoi-millamore\/","url":"https:\/\/millamore.com\/fr\/pourquoi-millamore\/","name":"\u00c0 propos de Millamore et des produits pour petits animaux","isPartOf":{"@id":"https:\/\/millamore.com\/fr\/#website"},"primaryImageOfPage":{"@id":"https:\/\/millamore.com\/fr\/pourquoi-millamore\/#primaryimage"},"image":{"@id":"https:\/\/millamore.com\/fr\/pourquoi-millamore\/#primaryimage"},"thumbnailUrl":"https:\/\/millamore.com\/wp-content\/uploads\/2021\/05\/shutterstock_1727772646-1-scaled.jpg","datePublished":"2021-10-04T10:45:34+00:00","dateModified":"2025-10-20T06:50:54+00:00","description":"Liti\u00e8re et mat\u00e9riel de nidification pour petits animaux 100 % naturels de qualit\u00e9 sup\u00e9rieure d'Aspen. D\u00e9couvrez les produits Millamore.","breadcrumb":{"@id":"https:\/\/millamore.com\/fr\/pourquoi-millamore\/#breadcrumb"},"inLanguage":"fr-FR","potentialAction":[{"@type":"ReadAction","target":["https:\/\/millamore.com\/fr\/pourquoi-millamore\/"]}]},{"@type":"ImageObject","inLanguage":"fr-FR","@id":"https:\/\/millamore.com\/fr\/pourquoi-millamore\/#primaryimage","url":"https:\/\/millamore.com\/wp-content\/uploads\/2021\/05\/shutterstock_1727772646-1-scaled.jpg","contentUrl":"https:\/\/millamore.com\/wp-content\/uploads\/2021\/05\/shutterstock_1727772646-1-scaled.jpg","width":2560,"height":696},{"@type":"BreadcrumbList","@id":"https:\/\/millamore.com\/fr\/pourquoi-millamore\/#breadcrumb","itemListElement":[{"@type":"ListItem","position":1,"name":"Home","item":"https:\/\/millamore.com\/fr\/"},{"@type":"ListItem","position":2,"name":"Pourquoi Millamore"}]},{"@type":"WebSite","@id":"https:\/\/millamore.com\/fr\/#website","url":"https:\/\/millamore.com\/fr\/","name":"Millamore","description":"","potentialAction":[{"@type":"SearchAction","target":{"@type":"EntryPoint","urlTemplate":"https:\/\/millamore.com\/fr\/?s={search_term_string}"},"query-input":{"@type":"PropertyValueSpecification","valueRequired":true,"valueName":"search_term_string"}}],"inLanguage":"fr-FR"}]}},"_links":{"self":[{"href":"https:\/\/millamore.com\/fr\/wp-json\/wp\/v2\/pages\/4502","targetHints":{"allow":["GET"]}}],"collection":[{"href":"https:\/\/millamore.com\/fr\/wp-json\/wp\/v2\/pages"}],"about":[{"href":"https:\/\/millamore.com\/fr\/wp-json\/wp\/v2\/types\/page"}],"author":[{"embeddable":true,"href":"https:\/\/millamore.com\/fr\/wp-json\/wp\/v2\/users\/1"}],"replies":[{"embeddable":true,"href":"https:\/\/millamore.com\/fr\/wp-json\/wp\/v2\/comments?post=4502"}],"version-history":[{"count":15,"href":"https:\/\/millamore.com\/fr\/wp-json\/wp\/v2\/pages\/4502\/revisions"}],"predecessor-version":[{"id":8249,"href":"https:\/\/millamore.com\/fr\/wp-json\/wp\/v2\/pages\/4502\/revisions\/8249"}],"wp:featuredmedia":[{"embeddable":true,"href":"https:\/\/millamore.com\/fr\/wp-json\/wp\/v2\/media\/405"}],"wp:attachment":[{"href":"https:\/\/millamore.com\/fr\/wp-json\/wp\/v2\/media?parent=4502"}],"curies":[{"name":"wp","href":"https:\/\/api.w.org\/{rel}","templated":true}]}}