{"id":8474,"date":"2026-03-02T09:57:26","date_gmt":"2026-03-02T07:57:26","guid":{"rendered":"https:\/\/millamore.com\/et\/?page_id=8474"},"modified":"2026-03-02T10:12:42","modified_gmt":"2026-03-02T08:12:42","slug":"store-closed","status":"publish","type":"page","link":"https:\/\/millamore.com\/et\/store-closed\/","title":{"rendered":"Millamore e-pood on suletud alates 02.03"},"content":{"rendered":"\n<p>Soovime Sind teavitada, et alates 02.03 on Millamore e-pood suletud.<\/p>\n\n\n\n<p>K\u00f5ik enne sulgemist tehtud tellimused t\u00f6\u00f6tleme ning toimetame kohale vastavalt kokkuleppele.<\/p>\n\n\n\n<p>See otsus ei tulene muutustest meie toodetes ega v\u00e4\u00e4rtustes. Oleme otsustanud keskenduda t\u00e4ielikult B2B \u00e4rile ning teha veel tihedamat koost\u00f6\u00f6d oma edasim\u00fc\u00fcjatega, et Millamore tooted oleksid Sulle paremini ja mugavamalt k\u00e4ttesaadavad kohalike partnerite kaudu.<\/p>\n\n\n\n<p>Millamore tooteid saab j\u00e4tkuvalt osta erinevatest lemmikloomapoodidest ja e-poodidest \u00fcle terve Eesti.<\/p>\n\n\n\n<p>J\u00e4tkame kvaliteetsete, looduslike ja ohutute toodete arendamist ning tootmist ning toetame oma partnereid, et l\u00f5pptarbijani j\u00f5uaks alati parim v\u00f5imalik valik.<\/p>\n\n\n\n<p>T\u00e4name Sind usalduse ja toetuse eest.<\/p>\n\n\n\n<p>Kui Sul on k\u00fcsimusi toodete saadavuse kohta, v\u00f5ta meiega julgelt \u00fchendust.<\/p>\n\n\n\n<p>Soojade tervitustega<br>Millamore tiim<\/p>\n","protected":false},"excerpt":{"rendered":"Soovime Sind teavitada, et alates 02.03 on Millamore e-pood suletud. K\u00f5ik enne sulgemist tehtud tellimused t\u00f6\u00f6tleme ning toimetame kohale vastavalt kokkuleppele. See otsus ei tulene muutustest meie toodetes ega v\u00e4\u00e4rtustes. Oleme otsustanud keskenduda t\u00e4ielikult B2B \u00e4rile ning teha veel tihedamat koost\u00f6\u00f6d oma edasim\u00fc\u00fcjatega, et Millamore tooted oleksid Sulle paremini ja mugavamalt k\u00e4ttesaadavad kohalike partnerite kaudu. [&hellip;]","protected":false},"author":1,"featured_media":0,"parent":0,"menu_order":0,"comment_status":"closed","ping_status":"closed","template":"page-templates\/template-store-closed.php","meta":{"_acf_changed":false,"footnotes":""},"class_list":["post-8474","page","type-page","status-publish","hentry"],"acf":[],"yoast_head":"<!-- This site is optimized with the Yoast SEO plugin v23.8 - https:\/\/yoast.com\/wordpress\/plugins\/seo\/ -->\n<title>Millamore e-pood on suletud alates 02.03 - Millamore Estonia<\/title>\n<meta name=\"robots\" content=\"index, follow, max-snippet:-1, max-image-preview:large, max-video-preview:-1\" \/>\n<link rel=\"canonical\" href=\"https:\/\/millamore.com\/et\/store-closed\/\" \/>\n<meta property=\"og:locale\" content=\"et_EE\" \/>\n<meta property=\"og:type\" content=\"article\" \/>\n<meta property=\"og:title\" content=\"Millamore e-pood on suletud alates 02.03 - Millamore Estonia\" \/>\n<meta property=\"og:description\" content=\"Soovime Sind teavitada, et alates 02.03 on Millamore e-pood suletud. K\u00f5ik enne sulgemist tehtud tellimused t\u00f6\u00f6tleme ning toimetame kohale vastavalt kokkuleppele. See otsus ei tulene muutustest meie toodetes ega v\u00e4\u00e4rtustes. Oleme otsustanud keskenduda t\u00e4ielikult B2B \u00e4rile ning teha veel tihedamat koost\u00f6\u00f6d oma edasim\u00fc\u00fcjatega, et Millamore tooted oleksid Sulle paremini ja mugavamalt k\u00e4ttesaadavad kohalike partnerite kaudu. [&hellip;]\" \/>\n<meta property=\"og:url\" content=\"https:\/\/millamore.com\/et\/store-closed\/\" \/>\n<meta property=\"og:site_name\" content=\"Millamore Estonia\" \/>\n<meta property=\"article:modified_time\" content=\"2026-03-02T08:12:42+00:00\" \/>\n<meta name=\"twitter:card\" content=\"summary_large_image\" \/>\n<script type=\"application\/ld+json\" class=\"yoast-schema-graph\">{\"@context\":\"https:\/\/schema.org\",\"@graph\":[{\"@type\":\"WebPage\",\"@id\":\"https:\/\/millamore.com\/et\/store-closed\/\",\"url\":\"https:\/\/millamore.com\/et\/store-closed\/\",\"name\":\"Millamore e-pood on suletud alates 02.03 - Millamore Estonia\",\"isPartOf\":{\"@id\":\"https:\/\/millamore.com\/et\/#website\"},\"datePublished\":\"2026-03-02T07:57:26+00:00\",\"dateModified\":\"2026-03-02T08:12:42+00:00\",\"breadcrumb\":{\"@id\":\"https:\/\/millamore.com\/et\/store-closed\/#breadcrumb\"},\"inLanguage\":\"et\",\"potentialAction\":[{\"@type\":\"ReadAction\",\"target\":[\"https:\/\/millamore.com\/et\/store-closed\/\"]}]},{\"@type\":\"BreadcrumbList\",\"@id\":\"https:\/\/millamore.com\/et\/store-closed\/#breadcrumb\",\"itemListElement\":[{\"@type\":\"ListItem\",\"position\":1,\"name\":\"Home\",\"item\":\"https:\/\/millamore.com\/et\/\"},{\"@type\":\"ListItem\",\"position\":2,\"name\":\"Millamore e-pood on suletud alates 02.03\"}]},{\"@type\":\"WebSite\",\"@id\":\"https:\/\/millamore.com\/et\/#website\",\"url\":\"https:\/\/millamore.com\/et\/\",\"name\":\"Millamore Estonia\",\"description\":\"\",\"publisher\":{\"@id\":\"https:\/\/millamore.com\/et\/#organization\"},\"potentialAction\":[{\"@type\":\"SearchAction\",\"target\":{\"@type\":\"EntryPoint\",\"urlTemplate\":\"https:\/\/millamore.com\/et\/?s={search_term_string}\"},\"query-input\":{\"@type\":\"PropertyValueSpecification\",\"valueRequired\":true,\"valueName\":\"search_term_string\"}}],\"inLanguage\":\"et\"},{\"@type\":\"Organization\",\"@id\":\"https:\/\/millamore.com\/et\/#organization\",\"name\":\"Millamore\",\"url\":\"https:\/\/millamore.com\/et\/\",\"logo\":{\"@type\":\"ImageObject\",\"inLanguage\":\"et\",\"@id\":\"https:\/\/millamore.com\/et\/#\/schema\/logo\/image\/\",\"url\":\"https:\/\/millamore.com\/et\/wp-content\/uploads\/sites\/4\/2022\/02\/MILLAMORE_logo.svg\",\"contentUrl\":\"https:\/\/millamore.com\/et\/wp-content\/uploads\/sites\/4\/2022\/02\/MILLAMORE_logo.svg\",\"width\":509.62,\"height\":253.61,\"caption\":\"Millamore\"},\"image\":{\"@id\":\"https:\/\/millamore.com\/et\/#\/schema\/logo\/image\/\"}}]}<\/script>\n<!-- \/ Yoast SEO plugin. -->","yoast_head_json":{"title":"Millamore e-pood on suletud alates 02.03 - Millamore Estonia","robots":{"index":"index","follow":"follow","max-snippet":"max-snippet:-1","max-image-preview":"max-image-preview:large","max-video-preview":"max-video-preview:-1"},"canonical":"https:\/\/millamore.com\/et\/store-closed\/","og_locale":"et_EE","og_type":"article","og_title":"Millamore e-pood on suletud alates 02.03 - Millamore Estonia","og_description":"Soovime Sind teavitada, et alates 02.03 on Millamore e-pood suletud. K\u00f5ik enne sulgemist tehtud tellimused t\u00f6\u00f6tleme ning toimetame kohale vastavalt kokkuleppele. See otsus ei tulene muutustest meie toodetes ega v\u00e4\u00e4rtustes. Oleme otsustanud keskenduda t\u00e4ielikult B2B \u00e4rile ning teha veel tihedamat koost\u00f6\u00f6d oma edasim\u00fc\u00fcjatega, et Millamore tooted oleksid Sulle paremini ja mugavamalt k\u00e4ttesaadavad kohalike partnerite kaudu. [&hellip;]","og_url":"https:\/\/millamore.com\/et\/store-closed\/","og_site_name":"Millamore Estonia","article_modified_time":"2026-03-02T08:12:42+00:00","twitter_card":"summary_large_image","schema":{"@context":"https:\/\/schema.org","@graph":[{"@type":"WebPage","@id":"https:\/\/millamore.com\/et\/store-closed\/","url":"https:\/\/millamore.com\/et\/store-closed\/","name":"Millamore e-pood on suletud alates 02.03 - Millamore Estonia","isPartOf":{"@id":"https:\/\/millamore.com\/et\/#website"},"datePublished":"2026-03-02T07:57:26+00:00","dateModified":"2026-03-02T08:12:42+00:00","breadcrumb":{"@id":"https:\/\/millamore.com\/et\/store-closed\/#breadcrumb"},"inLanguage":"et","potentialAction":[{"@type":"ReadAction","target":["https:\/\/millamore.com\/et\/store-closed\/"]}]},{"@type":"BreadcrumbList","@id":"https:\/\/millamore.com\/et\/store-closed\/#breadcrumb","itemListElement":[{"@type":"ListItem","position":1,"name":"Home","item":"https:\/\/millamore.com\/et\/"},{"@type":"ListItem","position":2,"name":"Millamore e-pood on suletud alates 02.03"}]},{"@type":"WebSite","@id":"https:\/\/millamore.com\/et\/#website","url":"https:\/\/millamore.com\/et\/","name":"Millamore Estonia","description":"","publisher":{"@id":"https:\/\/millamore.com\/et\/#organization"},"potentialAction":[{"@type":"SearchAction","target":{"@type":"EntryPoint","urlTemplate":"https:\/\/millamore.com\/et\/?s={search_term_string}"},"query-input":{"@type":"PropertyValueSpecification","valueRequired":true,"valueName":"search_term_string"}}],"inLanguage":"et"},{"@type":"Organization","@id":"https:\/\/millamore.com\/et\/#organization","name":"Millamore","url":"https:\/\/millamore.com\/et\/","logo":{"@type":"ImageObject","inLanguage":"et","@id":"https:\/\/millamore.com\/et\/#\/schema\/logo\/image\/","url":"https:\/\/millamore.com\/et\/wp-content\/uploads\/sites\/4\/2022\/02\/MILLAMORE_logo.svg","contentUrl":"https:\/\/millamore.com\/et\/wp-content\/uploads\/sites\/4\/2022\/02\/MILLAMORE_logo.svg","width":509.62,"height":253.61,"caption":"Millamore"},"image":{"@id":"https:\/\/millamore.com\/et\/#\/schema\/logo\/image\/"}}]}},"_links":{"self":[{"href":"https:\/\/millamore.com\/et\/wp-json\/wp\/v2\/pages\/8474","targetHints":{"allow":["GET"]}}],"collection":[{"href":"https:\/\/millamore.com\/et\/wp-json\/wp\/v2\/pages"}],"about":[{"href":"https:\/\/millamore.com\/et\/wp-json\/wp\/v2\/types\/page"}],"author":[{"embeddable":true,"href":"https:\/\/millamore.com\/et\/wp-json\/wp\/v2\/users\/1"}],"replies":[{"embeddable":true,"href":"https:\/\/millamore.com\/et\/wp-json\/wp\/v2\/comments?post=8474"}],"version-history":[{"count":4,"href":"https:\/\/millamore.com\/et\/wp-json\/wp\/v2\/pages\/8474\/revisions"}],"predecessor-version":[{"id":8478,"href":"https:\/\/millamore.com\/et\/wp-json\/wp\/v2\/pages\/8474\/revisions\/8478"}],"wp:attachment":[{"href":"https:\/\/millamore.com\/et\/wp-json\/wp\/v2\/media?parent=8474"}],"curies":[{"name":"wp","href":"https:\/\/api.w.org\/{rel}","templated":true}]}}