{"id":6085,"date":"2022-01-31T10:55:28","date_gmt":"2022-01-31T07:55:28","guid":{"rendered":"https:\/\/millamore.com\/?page_id=6085"},"modified":"2022-02-21T11:38:52","modified_gmt":"2022-02-21T11:38:52","slug":"muugitingimused","status":"publish","type":"page","link":"https:\/\/millamore.com\/et\/muugitingimused\/","title":{"rendered":"M\u00fc\u00fcgitingimused"},"content":{"rendered":"\n<p>Veebipoe Millamore.com (edaspidi Veebipood) omanik on Tapvei Estonia O\u00dc (registrikood 10431089), asukohaga Paekna, Kiili vald, Harjumaa 75408, Eesti.<\/p>\n\n\n\n<p><strong>M\u00fc\u00fcgilepingu kehtivus, kauba- ja hinnainfo<\/strong><\/p>\n\n\n\n<p>M\u00fc\u00fcgitingimused kehtivad Veebipoest kaupade ostmisel.<\/p>\n\n\n\n<p>Veebipoes m\u00fc\u00fcdavate toodete hinnad on m\u00e4rgitud toodete juurde. Hinnale lisandub tasu kauba k\u00e4ttetoimetamise eest.<\/p>\n\n\n\n<p>Kauba k\u00e4ttetoimetamise tasu s\u00f5ltub ostja asukohast ning k\u00e4ttetoimetamise viisist. K\u00e4ttetoimetamise tasu kuvatakse ostjale tellimuse vormistamisel.<\/p>\n\n\n\n<p>Teave kauba kohta on esitatud Veebipoes vahetult kauba juures.<\/p>\n\n\n\n<p><strong>Tellimuse vormistamine<\/strong><\/p>\n\n\n\n<p>Kauba tellimiseks tuleb lisada soovitud tooted ostukorvi. Tellimuse vormistamiseks tuleb t\u00e4ita n\u00f5utud andmev\u00e4ljad ning valida sobiv toodete kohaletoimetamise viis. Seej\u00e4rel kuvatakse ekraanile tasu suurus, mille saab tasuda pangalingi v\u00f5i muu makselahenduse abil.<\/p>\n\n\n\n<p>Leping j\u00f5ustub alates tasumisele kuuluva summa laekumisest Veebipoe arvelduskontole.<\/p>\n\n\n\n<p>Kui tellitud kaupa ei ole v\u00f5imalik tarnida seoses kauba otsa l\u00f5ppemisega v\u00f5i muul p\u00f5hjusel, teavitatakse sellest ostjat esimesel v\u00f5imalusel ning tagastatakse tasutud raha (sh kauba k\u00e4ttetoimetamise kulud) viivitamata, kuid mitte hiljem kui 14 p\u00e4eva jooksul teate saatmisest.<\/p>\n\n\n\n<p><strong>Kohaletoimetamine<\/strong><\/p>\n\n\n\n<p>Kaupu saadetakse j\u00e4rgmistesse riikidesse: Eesti.<\/p>\n\n\n\n<p>Kauba saatmiskulud kannab ostja ning vastav hinnainfo on kuvatud saatmisviisi juures.<\/p>\n\n\n\n<p>Eestisisesed saadetised j\u00f5uavad \u00fcldjuhul ostja m\u00e4\u00e4ratud sihtpunkti 3-7 t\u00f6\u00f6p\u00e4eva jooksul alates m\u00fc\u00fcgilepingu j\u00f5ustumist.<\/p>\n\n\n\n<p>Erandlikel juhtumitel on \u00f5igus kaup kohale toimetada kuni 30 kalendrip\u00e4eva jooksul.<\/p>\n\n\n\n<p><strong>Taganemis\u00f5igus<\/strong><\/p>\n\n\n\n<p>Taganemis\u00f5iguse kohta saate t\u00e4psemalt lugeda <a href=\"https:\/\/millamore.com\/et\/tagastus\/\">siit<\/a>.<\/p>\n\n\n\n<p><strong>Pretensiooni esitamise \u00f5igus<\/strong><\/p>\n\n\n\n<p>Veebipood vastutab ostjale m\u00fc\u00fcdud kauba lepingutingimustele mittevastavuse v\u00f5i puuduse eest, mis oli olemas juba asja \u00fcleandmise hetkel ning mis ilmneb kuni kahe aasta jooksul, alates kauba \u00fcleandmisest ostjale. Sellest esimese kuue kuu jooksul asja \u00fcleandmisest ostjale eeldatakse, et puudus oli olemas juba asja \u00fcleandmise ajal. Vastava eelduse \u00fcmberl\u00fckkamine on Veebipoe kohustus.<\/p>\n\n\n\n<p>Ostjal on \u00f5igus puuduse ilmnemisel p\u00f6\u00f6rduda hiljemalt kahe kuu jooksul veebipoe poole, saates e-kirja aadressile <a href=\"mailto:info@millamore.com\" target=\"_blank\" rel=\"noreferrer noopener nofollow\">info@millamore.com<\/a> v\u00f5i helistada telefonil: +372\u00a0515 7504.<\/p>\n\n\n\n<p>Veebipood ei vastuta puuduste eest, mis on tekkinud p\u00e4rast kauba \u00fcleandmist ostjale.<\/p>\n\n\n\n<p>Kui Veebipoest ostetud kaubal on puudused, mille eest Veebipood vastutab, parandab v\u00f5i asendab Veebipood puudusega kauba. Kui kaupa ei ole v\u00f5imalik parandada ega asendada, tagastab Veebipood ostjale k\u00f5ik m\u00fc\u00fcgilepinguga kaasnenud tasud.<\/p>\n\n\n\n<p>Veebipood vastab tarbija esitatud kaebusele kirjalikult v\u00f5i kirjalikku taasesitamist v\u00f5imaldavas vormis 14 p\u00e4eva jooksul.<\/p>\n\n\n\n<p><strong>Privaatsuspoliitika ja k\u00fcpsised<\/strong><\/p>\n\n\n\n<p>Privaatsuspoliitika ja k\u00fcpsiste kohta saate t\u00e4psemalt lugeda <a href=\"https:\/\/millamore.com\/et\/privaatsuspoliitika\/\">siit<\/a>.<\/p>\n\n\n\n<p><strong>Vaidluste lahendamine<\/strong><\/p>\n\n\n\n<p>Kui ostjal on Veebipoe osas pretensioone, tuleb need saata e-kirja aadressile <a href=\"mailto:info@millamore.ee\" target=\"_blank\" rel=\"noreferrer noopener nofollow\">info@millamore.com<\/a> v\u00f5i helistada telefonil: +372\u00a0515 7504.<\/p>\n\n\n\n<p>Kui ostja ja Veebipood ei suuda lahenda vaidlust kokkuleppe teel, siis on ostjal v\u00f5imalik p\u00f6\u00f6rduda Tarbijavaidluste komisjoni poole. Menetlustingimustega saab tutvuda ning avaldust esitada <a href=\"https:\/\/komisjon.ee\/et\" target=\"_blank\" rel=\"noreferrer noopener\">siin<\/a>. Tarbijavaidluste komisjoni p\u00e4devuses on lahendada ostja ja Veebipoe vahel s\u00f5lmitud lepingust tulenevaid vaidlusi. Ostja kaebuse l\u00e4bivaatamine komisjonis on tasuta.<\/p>\n\n\n\n<p>Ostja v\u00f5ib p\u00f6\u00f6rduda <a href=\"https:\/\/ec.europa.eu\/consumers\/odr\/main\/index.cfm?event=main.home.chooseLanguage\" target=\"_blank\" rel=\"noreferrer noopener\">Euroopa Liidu tarbijavaidlusi lahendava platvormi poole<\/a>.<\/p>\n","protected":false},"excerpt":{"rendered":"Veebipoe Millamore.com (edaspidi Veebipood) omanik on Tapvei Estonia O\u00dc (registrikood 10431089), asukohaga Paekna, Kiili vald, Harjumaa 75408, Eesti. M\u00fc\u00fcgilepingu kehtivus, kauba- ja hinnainfo M\u00fc\u00fcgitingimused kehtivad Veebipoest kaupade ostmisel. Veebipoes m\u00fc\u00fcdavate toodete hinnad on m\u00e4rgitud toodete juurde. Hinnale lisandub tasu kauba k\u00e4ttetoimetamise eest. Kauba k\u00e4ttetoimetamise tasu s\u00f5ltub ostja asukohast ning k\u00e4ttetoimetamise viisist. K\u00e4ttetoimetamise tasu kuvatakse ostjale [&hellip;]","protected":false},"author":1,"featured_media":0,"parent":0,"menu_order":0,"comment_status":"closed","ping_status":"closed","template":"","meta":{"_acf_changed":false,"footnotes":""},"class_list":["post-6085","page","type-page","status-publish","hentry"],"acf":[],"yoast_head":"<!-- This site is optimized with the Yoast SEO plugin v23.8 - https:\/\/yoast.com\/wordpress\/plugins\/seo\/ -->\n<title>M\u00fc\u00fcgitingimused - Millamore<\/title>\n<meta name=\"robots\" content=\"index, follow, max-snippet:-1, max-image-preview:large, max-video-preview:-1\" \/>\n<link rel=\"canonical\" href=\"https:\/\/millamore.com\/et\/muugitingimused\/\" \/>\n<meta property=\"og:locale\" content=\"et_EE\" \/>\n<meta property=\"og:type\" content=\"article\" \/>\n<meta property=\"og:title\" content=\"M\u00fc\u00fcgitingimused - Millamore\" \/>\n<meta property=\"og:description\" content=\"Veebipoe Millamore.com (edaspidi Veebipood) omanik on Tapvei Estonia O\u00dc (registrikood 10431089), asukohaga Paekna, Kiili vald, Harjumaa 75408, Eesti. M\u00fc\u00fcgilepingu kehtivus, kauba- ja hinnainfo M\u00fc\u00fcgitingimused kehtivad Veebipoest kaupade ostmisel. Veebipoes m\u00fc\u00fcdavate toodete hinnad on m\u00e4rgitud toodete juurde. Hinnale lisandub tasu kauba k\u00e4ttetoimetamise eest. Kauba k\u00e4ttetoimetamise tasu s\u00f5ltub ostja asukohast ning k\u00e4ttetoimetamise viisist. K\u00e4ttetoimetamise tasu kuvatakse ostjale [&hellip;]\" \/>\n<meta property=\"og:url\" content=\"https:\/\/millamore.com\/et\/muugitingimused\/\" \/>\n<meta property=\"og:site_name\" content=\"Millamore Estonia\" \/>\n<meta property=\"article:modified_time\" content=\"2022-02-21T11:38:52+00:00\" \/>\n<meta name=\"twitter:card\" content=\"summary_large_image\" \/>\n<script type=\"application\/ld+json\" class=\"yoast-schema-graph\">{\"@context\":\"https:\/\/schema.org\",\"@graph\":[{\"@type\":\"WebPage\",\"@id\":\"https:\/\/millamore.com\/et\/muugitingimused\/\",\"url\":\"https:\/\/millamore.com\/et\/muugitingimused\/\",\"name\":\"M\u00fc\u00fcgitingimused - Millamore\",\"isPartOf\":{\"@id\":\"https:\/\/millamore.com\/et\/#website\"},\"datePublished\":\"2022-01-31T07:55:28+00:00\",\"dateModified\":\"2022-02-21T11:38:52+00:00\",\"breadcrumb\":{\"@id\":\"https:\/\/millamore.com\/et\/muugitingimused\/#breadcrumb\"},\"inLanguage\":\"et\",\"potentialAction\":[{\"@type\":\"ReadAction\",\"target\":[\"https:\/\/millamore.com\/et\/muugitingimused\/\"]}]},{\"@type\":\"BreadcrumbList\",\"@id\":\"https:\/\/millamore.com\/et\/muugitingimused\/#breadcrumb\",\"itemListElement\":[{\"@type\":\"ListItem\",\"position\":1,\"name\":\"Home\",\"item\":\"https:\/\/millamore.com\/et\/\"},{\"@type\":\"ListItem\",\"position\":2,\"name\":\"M\u00fc\u00fcgitingimused\"}]},{\"@type\":\"WebSite\",\"@id\":\"https:\/\/millamore.com\/et\/#website\",\"url\":\"https:\/\/millamore.com\/et\/\",\"name\":\"Millamore Estonia\",\"description\":\"\",\"publisher\":{\"@id\":\"https:\/\/millamore.com\/et\/#organization\"},\"potentialAction\":[{\"@type\":\"SearchAction\",\"target\":{\"@type\":\"EntryPoint\",\"urlTemplate\":\"https:\/\/millamore.com\/et\/?s={search_term_string}\"},\"query-input\":{\"@type\":\"PropertyValueSpecification\",\"valueRequired\":true,\"valueName\":\"search_term_string\"}}],\"inLanguage\":\"et\"},{\"@type\":\"Organization\",\"@id\":\"https:\/\/millamore.com\/et\/#organization\",\"name\":\"Millamore\",\"url\":\"https:\/\/millamore.com\/et\/\",\"logo\":{\"@type\":\"ImageObject\",\"inLanguage\":\"et\",\"@id\":\"https:\/\/millamore.com\/et\/#\/schema\/logo\/image\/\",\"url\":\"https:\/\/millamore.com\/et\/wp-content\/uploads\/sites\/4\/2022\/02\/MILLAMORE_logo.svg\",\"contentUrl\":\"https:\/\/millamore.com\/et\/wp-content\/uploads\/sites\/4\/2022\/02\/MILLAMORE_logo.svg\",\"width\":509.62,\"height\":253.61,\"caption\":\"Millamore\"},\"image\":{\"@id\":\"https:\/\/millamore.com\/et\/#\/schema\/logo\/image\/\"}}]}<\/script>\n<!-- \/ Yoast SEO plugin. -->","yoast_head_json":{"title":"M\u00fc\u00fcgitingimused - Millamore","robots":{"index":"index","follow":"follow","max-snippet":"max-snippet:-1","max-image-preview":"max-image-preview:large","max-video-preview":"max-video-preview:-1"},"canonical":"https:\/\/millamore.com\/et\/muugitingimused\/","og_locale":"et_EE","og_type":"article","og_title":"M\u00fc\u00fcgitingimused - Millamore","og_description":"Veebipoe Millamore.com (edaspidi Veebipood) omanik on Tapvei Estonia O\u00dc (registrikood 10431089), asukohaga Paekna, Kiili vald, Harjumaa 75408, Eesti. M\u00fc\u00fcgilepingu kehtivus, kauba- ja hinnainfo M\u00fc\u00fcgitingimused kehtivad Veebipoest kaupade ostmisel. Veebipoes m\u00fc\u00fcdavate toodete hinnad on m\u00e4rgitud toodete juurde. Hinnale lisandub tasu kauba k\u00e4ttetoimetamise eest. Kauba k\u00e4ttetoimetamise tasu s\u00f5ltub ostja asukohast ning k\u00e4ttetoimetamise viisist. K\u00e4ttetoimetamise tasu kuvatakse ostjale [&hellip;]","og_url":"https:\/\/millamore.com\/et\/muugitingimused\/","og_site_name":"Millamore Estonia","article_modified_time":"2022-02-21T11:38:52+00:00","twitter_card":"summary_large_image","schema":{"@context":"https:\/\/schema.org","@graph":[{"@type":"WebPage","@id":"https:\/\/millamore.com\/et\/muugitingimused\/","url":"https:\/\/millamore.com\/et\/muugitingimused\/","name":"M\u00fc\u00fcgitingimused - Millamore","isPartOf":{"@id":"https:\/\/millamore.com\/et\/#website"},"datePublished":"2022-01-31T07:55:28+00:00","dateModified":"2022-02-21T11:38:52+00:00","breadcrumb":{"@id":"https:\/\/millamore.com\/et\/muugitingimused\/#breadcrumb"},"inLanguage":"et","potentialAction":[{"@type":"ReadAction","target":["https:\/\/millamore.com\/et\/muugitingimused\/"]}]},{"@type":"BreadcrumbList","@id":"https:\/\/millamore.com\/et\/muugitingimused\/#breadcrumb","itemListElement":[{"@type":"ListItem","position":1,"name":"Home","item":"https:\/\/millamore.com\/et\/"},{"@type":"ListItem","position":2,"name":"M\u00fc\u00fcgitingimused"}]},{"@type":"WebSite","@id":"https:\/\/millamore.com\/et\/#website","url":"https:\/\/millamore.com\/et\/","name":"Millamore Estonia","description":"","publisher":{"@id":"https:\/\/millamore.com\/et\/#organization"},"potentialAction":[{"@type":"SearchAction","target":{"@type":"EntryPoint","urlTemplate":"https:\/\/millamore.com\/et\/?s={search_term_string}"},"query-input":{"@type":"PropertyValueSpecification","valueRequired":true,"valueName":"search_term_string"}}],"inLanguage":"et"},{"@type":"Organization","@id":"https:\/\/millamore.com\/et\/#organization","name":"Millamore","url":"https:\/\/millamore.com\/et\/","logo":{"@type":"ImageObject","inLanguage":"et","@id":"https:\/\/millamore.com\/et\/#\/schema\/logo\/image\/","url":"https:\/\/millamore.com\/et\/wp-content\/uploads\/sites\/4\/2022\/02\/MILLAMORE_logo.svg","contentUrl":"https:\/\/millamore.com\/et\/wp-content\/uploads\/sites\/4\/2022\/02\/MILLAMORE_logo.svg","width":509.62,"height":253.61,"caption":"Millamore"},"image":{"@id":"https:\/\/millamore.com\/et\/#\/schema\/logo\/image\/"}}]}},"_links":{"self":[{"href":"https:\/\/millamore.com\/et\/wp-json\/wp\/v2\/pages\/6085","targetHints":{"allow":["GET"]}}],"collection":[{"href":"https:\/\/millamore.com\/et\/wp-json\/wp\/v2\/pages"}],"about":[{"href":"https:\/\/millamore.com\/et\/wp-json\/wp\/v2\/types\/page"}],"author":[{"embeddable":true,"href":"https:\/\/millamore.com\/et\/wp-json\/wp\/v2\/users\/1"}],"replies":[{"embeddable":true,"href":"https:\/\/millamore.com\/et\/wp-json\/wp\/v2\/comments?post=6085"}],"version-history":[{"count":12,"href":"https:\/\/millamore.com\/et\/wp-json\/wp\/v2\/pages\/6085\/revisions"}],"predecessor-version":[{"id":6753,"href":"https:\/\/millamore.com\/et\/wp-json\/wp\/v2\/pages\/6085\/revisions\/6753"}],"wp:attachment":[{"href":"https:\/\/millamore.com\/et\/wp-json\/wp\/v2\/media?parent=6085"}],"curies":[{"name":"wp","href":"https:\/\/api.w.org\/{rel}","templated":true}]}}