{"id":6081,"date":"2022-01-31T10:52:55","date_gmt":"2022-01-31T07:52:55","guid":{"rendered":"https:\/\/millamore.com\/?page_id=6081"},"modified":"2022-02-07T15:10:51","modified_gmt":"2022-02-07T12:10:51","slug":"maksete-turvalisus","status":"publish","type":"page","link":"https:\/\/millamore.com\/et\/maksete-turvalisus\/","title":{"rendered":"Maksete turvalisus"},"content":{"rendered":"\n<p>Millamore e-pood v\u00f5imaldab teha makseid Master Card, VISA, VISA Electron, Maestro abil, mille aktsepteerimine vastab PCI DSS n\u00f5uetele. Makseteenuse osutamisel j\u00e4rgitakse ISO 27001 p\u00f5hjal koostatud andmeturbe eeskirju ning andmeturvalisust auditeerivad regulaarselt spetsialiseeritud IT-audiitorid.<\/p>\n\n\n\n<p>Millamore e-pood ei aktsepteeri American Expressi krediitkaarte.<\/p>\n\n\n\n<p>Pangalinke ja kaardimakseid vahendab <a href=\"https:\/\/montonio.com\/et\/\" target=\"_blank\" rel=\"noreferrer noopener\">Montonio Finance<\/a>.<\/p>\n","protected":false},"excerpt":{"rendered":"Millamore e-pood v\u00f5imaldab teha makseid Master Card, VISA, VISA Electron, Maestro abil, mille aktsepteerimine vastab PCI DSS n\u00f5uetele. Makseteenuse osutamisel j\u00e4rgitakse ISO 27001 p\u00f5hjal koostatud andmeturbe eeskirju ning andmeturvalisust auditeerivad regulaarselt spetsialiseeritud IT-audiitorid. Millamore e-pood ei aktsepteeri American Expressi krediitkaarte. Pangalinke ja kaardimakseid vahendab Montonio Finance.","protected":false},"author":1,"featured_media":0,"parent":0,"menu_order":0,"comment_status":"closed","ping_status":"closed","template":"","meta":{"_acf_changed":false,"footnotes":""},"class_list":["post-6081","page","type-page","status-publish","hentry"],"acf":[],"yoast_head":"<!-- This site is optimized with the Yoast SEO plugin v23.8 - https:\/\/yoast.com\/wordpress\/plugins\/seo\/ -->\n<title>Maksete turvalisus - 100% turvalised maksed - Millamore<\/title>\n<meta name=\"robots\" content=\"index, follow, max-snippet:-1, max-image-preview:large, max-video-preview:-1\" \/>\n<link rel=\"canonical\" href=\"https:\/\/millamore.com\/et\/maksete-turvalisus\/\" \/>\n<meta property=\"og:locale\" content=\"et_EE\" \/>\n<meta property=\"og:type\" content=\"article\" \/>\n<meta property=\"og:title\" content=\"Maksete turvalisus - 100% turvalised maksed - Millamore\" \/>\n<meta property=\"og:description\" content=\"Millamore e-pood v\u00f5imaldab teha makseid Master Card, VISA, VISA Electron, Maestro abil, mille aktsepteerimine vastab PCI DSS n\u00f5uetele. Makseteenuse osutamisel j\u00e4rgitakse ISO 27001 p\u00f5hjal koostatud andmeturbe eeskirju ning andmeturvalisust auditeerivad regulaarselt spetsialiseeritud IT-audiitorid. Millamore e-pood ei aktsepteeri American Expressi krediitkaarte. Pangalinke ja kaardimakseid vahendab Montonio Finance.\" \/>\n<meta property=\"og:url\" content=\"https:\/\/millamore.com\/et\/maksete-turvalisus\/\" \/>\n<meta property=\"og:site_name\" content=\"Millamore Estonia\" \/>\n<meta property=\"article:modified_time\" content=\"2022-02-07T12:10:51+00:00\" \/>\n<meta name=\"twitter:card\" content=\"summary_large_image\" \/>\n<script type=\"application\/ld+json\" class=\"yoast-schema-graph\">{\"@context\":\"https:\/\/schema.org\",\"@graph\":[{\"@type\":\"WebPage\",\"@id\":\"https:\/\/millamore.com\/et\/maksete-turvalisus\/\",\"url\":\"https:\/\/millamore.com\/et\/maksete-turvalisus\/\",\"name\":\"Maksete turvalisus - 100% turvalised maksed - Millamore\",\"isPartOf\":{\"@id\":\"https:\/\/millamore.com\/et\/#website\"},\"datePublished\":\"2022-01-31T07:52:55+00:00\",\"dateModified\":\"2022-02-07T12:10:51+00:00\",\"breadcrumb\":{\"@id\":\"https:\/\/millamore.com\/et\/maksete-turvalisus\/#breadcrumb\"},\"inLanguage\":\"et\",\"potentialAction\":[{\"@type\":\"ReadAction\",\"target\":[\"https:\/\/millamore.com\/et\/maksete-turvalisus\/\"]}]},{\"@type\":\"BreadcrumbList\",\"@id\":\"https:\/\/millamore.com\/et\/maksete-turvalisus\/#breadcrumb\",\"itemListElement\":[{\"@type\":\"ListItem\",\"position\":1,\"name\":\"Home\",\"item\":\"https:\/\/millamore.com\/et\/\"},{\"@type\":\"ListItem\",\"position\":2,\"name\":\"Maksete turvalisus\"}]},{\"@type\":\"WebSite\",\"@id\":\"https:\/\/millamore.com\/et\/#website\",\"url\":\"https:\/\/millamore.com\/et\/\",\"name\":\"Millamore Estonia\",\"description\":\"\",\"publisher\":{\"@id\":\"https:\/\/millamore.com\/et\/#organization\"},\"potentialAction\":[{\"@type\":\"SearchAction\",\"target\":{\"@type\":\"EntryPoint\",\"urlTemplate\":\"https:\/\/millamore.com\/et\/?s={search_term_string}\"},\"query-input\":{\"@type\":\"PropertyValueSpecification\",\"valueRequired\":true,\"valueName\":\"search_term_string\"}}],\"inLanguage\":\"et\"},{\"@type\":\"Organization\",\"@id\":\"https:\/\/millamore.com\/et\/#organization\",\"name\":\"Millamore\",\"url\":\"https:\/\/millamore.com\/et\/\",\"logo\":{\"@type\":\"ImageObject\",\"inLanguage\":\"et\",\"@id\":\"https:\/\/millamore.com\/et\/#\/schema\/logo\/image\/\",\"url\":\"https:\/\/millamore.com\/et\/wp-content\/uploads\/sites\/4\/2022\/02\/MILLAMORE_logo.svg\",\"contentUrl\":\"https:\/\/millamore.com\/et\/wp-content\/uploads\/sites\/4\/2022\/02\/MILLAMORE_logo.svg\",\"width\":509.62,\"height\":253.61,\"caption\":\"Millamore\"},\"image\":{\"@id\":\"https:\/\/millamore.com\/et\/#\/schema\/logo\/image\/\"}}]}<\/script>\n<!-- \/ Yoast SEO plugin. -->","yoast_head_json":{"title":"Maksete turvalisus - 100% turvalised maksed - Millamore","robots":{"index":"index","follow":"follow","max-snippet":"max-snippet:-1","max-image-preview":"max-image-preview:large","max-video-preview":"max-video-preview:-1"},"canonical":"https:\/\/millamore.com\/et\/maksete-turvalisus\/","og_locale":"et_EE","og_type":"article","og_title":"Maksete turvalisus - 100% turvalised maksed - Millamore","og_description":"Millamore e-pood v\u00f5imaldab teha makseid Master Card, VISA, VISA Electron, Maestro abil, mille aktsepteerimine vastab PCI DSS n\u00f5uetele. Makseteenuse osutamisel j\u00e4rgitakse ISO 27001 p\u00f5hjal koostatud andmeturbe eeskirju ning andmeturvalisust auditeerivad regulaarselt spetsialiseeritud IT-audiitorid. Millamore e-pood ei aktsepteeri American Expressi krediitkaarte. Pangalinke ja kaardimakseid vahendab Montonio Finance.","og_url":"https:\/\/millamore.com\/et\/maksete-turvalisus\/","og_site_name":"Millamore Estonia","article_modified_time":"2022-02-07T12:10:51+00:00","twitter_card":"summary_large_image","schema":{"@context":"https:\/\/schema.org","@graph":[{"@type":"WebPage","@id":"https:\/\/millamore.com\/et\/maksete-turvalisus\/","url":"https:\/\/millamore.com\/et\/maksete-turvalisus\/","name":"Maksete turvalisus - 100% turvalised maksed - Millamore","isPartOf":{"@id":"https:\/\/millamore.com\/et\/#website"},"datePublished":"2022-01-31T07:52:55+00:00","dateModified":"2022-02-07T12:10:51+00:00","breadcrumb":{"@id":"https:\/\/millamore.com\/et\/maksete-turvalisus\/#breadcrumb"},"inLanguage":"et","potentialAction":[{"@type":"ReadAction","target":["https:\/\/millamore.com\/et\/maksete-turvalisus\/"]}]},{"@type":"BreadcrumbList","@id":"https:\/\/millamore.com\/et\/maksete-turvalisus\/#breadcrumb","itemListElement":[{"@type":"ListItem","position":1,"name":"Home","item":"https:\/\/millamore.com\/et\/"},{"@type":"ListItem","position":2,"name":"Maksete turvalisus"}]},{"@type":"WebSite","@id":"https:\/\/millamore.com\/et\/#website","url":"https:\/\/millamore.com\/et\/","name":"Millamore Estonia","description":"","publisher":{"@id":"https:\/\/millamore.com\/et\/#organization"},"potentialAction":[{"@type":"SearchAction","target":{"@type":"EntryPoint","urlTemplate":"https:\/\/millamore.com\/et\/?s={search_term_string}"},"query-input":{"@type":"PropertyValueSpecification","valueRequired":true,"valueName":"search_term_string"}}],"inLanguage":"et"},{"@type":"Organization","@id":"https:\/\/millamore.com\/et\/#organization","name":"Millamore","url":"https:\/\/millamore.com\/et\/","logo":{"@type":"ImageObject","inLanguage":"et","@id":"https:\/\/millamore.com\/et\/#\/schema\/logo\/image\/","url":"https:\/\/millamore.com\/et\/wp-content\/uploads\/sites\/4\/2022\/02\/MILLAMORE_logo.svg","contentUrl":"https:\/\/millamore.com\/et\/wp-content\/uploads\/sites\/4\/2022\/02\/MILLAMORE_logo.svg","width":509.62,"height":253.61,"caption":"Millamore"},"image":{"@id":"https:\/\/millamore.com\/et\/#\/schema\/logo\/image\/"}}]}},"_links":{"self":[{"href":"https:\/\/millamore.com\/et\/wp-json\/wp\/v2\/pages\/6081","targetHints":{"allow":["GET"]}}],"collection":[{"href":"https:\/\/millamore.com\/et\/wp-json\/wp\/v2\/pages"}],"about":[{"href":"https:\/\/millamore.com\/et\/wp-json\/wp\/v2\/types\/page"}],"author":[{"embeddable":true,"href":"https:\/\/millamore.com\/et\/wp-json\/wp\/v2\/users\/1"}],"replies":[{"embeddable":true,"href":"https:\/\/millamore.com\/et\/wp-json\/wp\/v2\/comments?post=6081"}],"version-history":[{"count":3,"href":"https:\/\/millamore.com\/et\/wp-json\/wp\/v2\/pages\/6081\/revisions"}],"predecessor-version":[{"id":6367,"href":"https:\/\/millamore.com\/et\/wp-json\/wp\/v2\/pages\/6081\/revisions\/6367"}],"wp:attachment":[{"href":"https:\/\/millamore.com\/et\/wp-json\/wp\/v2\/media?parent=6081"}],"curies":[{"name":"wp","href":"https:\/\/api.w.org\/{rel}","templated":true}]}}