{"id":6027,"date":"2021-10-01T16:25:36","date_gmt":"2021-10-01T13:25:36","guid":{"rendered":"https:\/\/millamore.com\/become-reseller\/"},"modified":"2026-04-16T08:57:08","modified_gmt":"2026-04-16T06:57:08","slug":"hakka-edasimuujaks","status":"publish","type":"page","link":"https:\/\/millamore.com\/et\/hakka-edasimuujaks\/","title":{"rendered":"Hakka edasim\u00fc\u00fcjaks"},"content":{"rendered":"\n<h1 class=\"wp-block-heading has-text-align-center\" id=\"hakka-edasimuujaks\">Hakka edasim\u00fc\u00fcjaks<\/h1>\n\n\n\n<p>Millamore, \u00fcle 38. aasta kogemuse ja partneritega 20+ riigis, on n\u00e4idanud, et oleme p\u00fchendanud v\u00e4ikeloomade heaolule \u00fcle terve maailma. Meie missiooniks on pakkuda k\u00f5rgekvaliteediliste ja 100% naturaalsete toodetega v\u00e4ikeloomadele naturaalset ja tervislikku eluviisi.<\/p>\n\n\n\n<p>Kui soovite hakata Millamore toodete edasim\u00fc\u00fcjaks, siis saab teist Millamore partnerite ja f\u00e4nnide perekonna liige, kuhu kuuluvad liikmed Euroopast, Aasiast kuni P\u00f5hja-Ameerikani v\u00e4lja.<\/p>\n\n\n\n<p>Kui soovite hakata Millamore toodete edasim\u00fc\u00fcjaks, siis palume teil kirjutada <a href=\"mailto:hello@millamore.com\">hello@millamore.com<\/a><\/p>\n","protected":false},"excerpt":{"rendered":"Hakka edasim\u00fc\u00fcjaks Millamore, \u00fcle 38. aasta kogemuse ja partneritega 20+ riigis, on n\u00e4idanud, et oleme p\u00fchendanud v\u00e4ikeloomade heaolule \u00fcle terve maailma. Meie missiooniks on pakkuda k\u00f5rgekvaliteediliste ja 100% naturaalsete toodetega v\u00e4ikeloomadele naturaalset ja tervislikku eluviisi. Kui soovite hakata Millamore toodete edasim\u00fc\u00fcjaks, siis saab teist Millamore partnerite ja f\u00e4nnide perekonna liige, kuhu kuuluvad liikmed Euroopast, Aasiast [&hellip;]","protected":false},"author":1,"featured_media":4140,"parent":0,"menu_order":0,"comment_status":"closed","ping_status":"closed","template":"page-templates\/template-become-reseller.php","meta":{"_acf_changed":false,"footnotes":""},"class_list":["post-6027","page","type-page","status-publish","has-post-thumbnail","hentry"],"acf":[],"yoast_head":"<!-- This site is optimized with the Yoast SEO plugin v23.8 - https:\/\/yoast.com\/wordpress\/plugins\/seo\/ -->\n<title>Hakka Millamore toodete edasim\u00fc\u00fcjaks - Millamore<\/title>\n<meta name=\"robots\" content=\"index, follow, max-snippet:-1, max-image-preview:large, max-video-preview:-1\" \/>\n<link rel=\"canonical\" href=\"https:\/\/millamore.com\/et\/hakka-edasimuujaks\/\" \/>\n<meta property=\"og:locale\" content=\"et_EE\" \/>\n<meta property=\"og:type\" content=\"article\" \/>\n<meta property=\"og:title\" content=\"Hakka Millamore toodete edasim\u00fc\u00fcjaks - Millamore\" \/>\n<meta property=\"og:description\" content=\"Hakka edasim\u00fc\u00fcjaks Millamore, \u00fcle 38. aasta kogemuse ja partneritega 20+ riigis, on n\u00e4idanud, et oleme p\u00fchendanud v\u00e4ikeloomade heaolule \u00fcle terve maailma. Meie missiooniks on pakkuda k\u00f5rgekvaliteediliste ja 100% naturaalsete toodetega v\u00e4ikeloomadele naturaalset ja tervislikku eluviisi. Kui soovite hakata Millamore toodete edasim\u00fc\u00fcjaks, siis saab teist Millamore partnerite ja f\u00e4nnide perekonna liige, kuhu kuuluvad liikmed Euroopast, Aasiast [&hellip;]\" \/>\n<meta property=\"og:url\" content=\"https:\/\/millamore.com\/et\/hakka-edasimuujaks\/\" \/>\n<meta property=\"og:site_name\" content=\"Millamore Estonia\" \/>\n<meta property=\"article:modified_time\" content=\"2026-04-16T06:57:08+00:00\" \/>\n<meta property=\"og:image\" content=\"https:\/\/millamore.com\/et\/wp-content\/uploads\/sites\/4\/2021\/10\/Group-5-scaled.jpg\" \/>\n\t<meta property=\"og:image:width\" content=\"2560\" \/>\n\t<meta property=\"og:image:height\" content=\"695\" \/>\n\t<meta property=\"og:image:type\" content=\"image\/jpeg\" \/>\n<meta name=\"twitter:card\" content=\"summary_large_image\" \/>\n<script type=\"application\/ld+json\" class=\"yoast-schema-graph\">{\"@context\":\"https:\/\/schema.org\",\"@graph\":[{\"@type\":\"WebPage\",\"@id\":\"https:\/\/millamore.com\/et\/hakka-edasimuujaks\/\",\"url\":\"https:\/\/millamore.com\/et\/hakka-edasimuujaks\/\",\"name\":\"Hakka Millamore toodete edasim\u00fc\u00fcjaks - Millamore\",\"isPartOf\":{\"@id\":\"https:\/\/millamore.com\/et\/#website\"},\"primaryImageOfPage\":{\"@id\":\"https:\/\/millamore.com\/et\/hakka-edasimuujaks\/#primaryimage\"},\"image\":{\"@id\":\"https:\/\/millamore.com\/et\/hakka-edasimuujaks\/#primaryimage\"},\"thumbnailUrl\":\"https:\/\/millamore.com\/et\/wp-content\/uploads\/sites\/4\/2021\/10\/Group-5-scaled.jpg\",\"datePublished\":\"2021-10-01T13:25:36+00:00\",\"dateModified\":\"2026-04-16T06:57:08+00:00\",\"breadcrumb\":{\"@id\":\"https:\/\/millamore.com\/et\/hakka-edasimuujaks\/#breadcrumb\"},\"inLanguage\":\"et\",\"potentialAction\":[{\"@type\":\"ReadAction\",\"target\":[\"https:\/\/millamore.com\/et\/hakka-edasimuujaks\/\"]}]},{\"@type\":\"ImageObject\",\"inLanguage\":\"et\",\"@id\":\"https:\/\/millamore.com\/et\/hakka-edasimuujaks\/#primaryimage\",\"url\":\"https:\/\/millamore.com\/et\/wp-content\/uploads\/sites\/4\/2021\/10\/Group-5-scaled.jpg\",\"contentUrl\":\"https:\/\/millamore.com\/et\/wp-content\/uploads\/sites\/4\/2021\/10\/Group-5-scaled.jpg\",\"width\":2560,\"height\":695},{\"@type\":\"BreadcrumbList\",\"@id\":\"https:\/\/millamore.com\/et\/hakka-edasimuujaks\/#breadcrumb\",\"itemListElement\":[{\"@type\":\"ListItem\",\"position\":1,\"name\":\"Home\",\"item\":\"https:\/\/millamore.com\/et\/\"},{\"@type\":\"ListItem\",\"position\":2,\"name\":\"Hakka edasim\u00fc\u00fcjaks\"}]},{\"@type\":\"WebSite\",\"@id\":\"https:\/\/millamore.com\/et\/#website\",\"url\":\"https:\/\/millamore.com\/et\/\",\"name\":\"Millamore Estonia\",\"description\":\"\",\"publisher\":{\"@id\":\"https:\/\/millamore.com\/et\/#organization\"},\"potentialAction\":[{\"@type\":\"SearchAction\",\"target\":{\"@type\":\"EntryPoint\",\"urlTemplate\":\"https:\/\/millamore.com\/et\/?s={search_term_string}\"},\"query-input\":{\"@type\":\"PropertyValueSpecification\",\"valueRequired\":true,\"valueName\":\"search_term_string\"}}],\"inLanguage\":\"et\"},{\"@type\":\"Organization\",\"@id\":\"https:\/\/millamore.com\/et\/#organization\",\"name\":\"Millamore\",\"url\":\"https:\/\/millamore.com\/et\/\",\"logo\":{\"@type\":\"ImageObject\",\"inLanguage\":\"et\",\"@id\":\"https:\/\/millamore.com\/et\/#\/schema\/logo\/image\/\",\"url\":\"https:\/\/millamore.com\/et\/wp-content\/uploads\/sites\/4\/2022\/02\/MILLAMORE_logo.svg\",\"contentUrl\":\"https:\/\/millamore.com\/et\/wp-content\/uploads\/sites\/4\/2022\/02\/MILLAMORE_logo.svg\",\"width\":509.62,\"height\":253.61,\"caption\":\"Millamore\"},\"image\":{\"@id\":\"https:\/\/millamore.com\/et\/#\/schema\/logo\/image\/\"}}]}<\/script>\n<!-- \/ Yoast SEO plugin. -->","yoast_head_json":{"title":"Hakka Millamore toodete edasim\u00fc\u00fcjaks - Millamore","robots":{"index":"index","follow":"follow","max-snippet":"max-snippet:-1","max-image-preview":"max-image-preview:large","max-video-preview":"max-video-preview:-1"},"canonical":"https:\/\/millamore.com\/et\/hakka-edasimuujaks\/","og_locale":"et_EE","og_type":"article","og_title":"Hakka Millamore toodete edasim\u00fc\u00fcjaks - Millamore","og_description":"Hakka edasim\u00fc\u00fcjaks Millamore, \u00fcle 38. aasta kogemuse ja partneritega 20+ riigis, on n\u00e4idanud, et oleme p\u00fchendanud v\u00e4ikeloomade heaolule \u00fcle terve maailma. Meie missiooniks on pakkuda k\u00f5rgekvaliteediliste ja 100% naturaalsete toodetega v\u00e4ikeloomadele naturaalset ja tervislikku eluviisi. Kui soovite hakata Millamore toodete edasim\u00fc\u00fcjaks, siis saab teist Millamore partnerite ja f\u00e4nnide perekonna liige, kuhu kuuluvad liikmed Euroopast, Aasiast [&hellip;]","og_url":"https:\/\/millamore.com\/et\/hakka-edasimuujaks\/","og_site_name":"Millamore Estonia","article_modified_time":"2026-04-16T06:57:08+00:00","og_image":[{"width":2560,"height":695,"url":"https:\/\/millamore.com\/et\/wp-content\/uploads\/sites\/4\/2021\/10\/Group-5-scaled.jpg","type":"image\/jpeg"}],"twitter_card":"summary_large_image","schema":{"@context":"https:\/\/schema.org","@graph":[{"@type":"WebPage","@id":"https:\/\/millamore.com\/et\/hakka-edasimuujaks\/","url":"https:\/\/millamore.com\/et\/hakka-edasimuujaks\/","name":"Hakka Millamore toodete edasim\u00fc\u00fcjaks - Millamore","isPartOf":{"@id":"https:\/\/millamore.com\/et\/#website"},"primaryImageOfPage":{"@id":"https:\/\/millamore.com\/et\/hakka-edasimuujaks\/#primaryimage"},"image":{"@id":"https:\/\/millamore.com\/et\/hakka-edasimuujaks\/#primaryimage"},"thumbnailUrl":"https:\/\/millamore.com\/et\/wp-content\/uploads\/sites\/4\/2021\/10\/Group-5-scaled.jpg","datePublished":"2021-10-01T13:25:36+00:00","dateModified":"2026-04-16T06:57:08+00:00","breadcrumb":{"@id":"https:\/\/millamore.com\/et\/hakka-edasimuujaks\/#breadcrumb"},"inLanguage":"et","potentialAction":[{"@type":"ReadAction","target":["https:\/\/millamore.com\/et\/hakka-edasimuujaks\/"]}]},{"@type":"ImageObject","inLanguage":"et","@id":"https:\/\/millamore.com\/et\/hakka-edasimuujaks\/#primaryimage","url":"https:\/\/millamore.com\/et\/wp-content\/uploads\/sites\/4\/2021\/10\/Group-5-scaled.jpg","contentUrl":"https:\/\/millamore.com\/et\/wp-content\/uploads\/sites\/4\/2021\/10\/Group-5-scaled.jpg","width":2560,"height":695},{"@type":"BreadcrumbList","@id":"https:\/\/millamore.com\/et\/hakka-edasimuujaks\/#breadcrumb","itemListElement":[{"@type":"ListItem","position":1,"name":"Home","item":"https:\/\/millamore.com\/et\/"},{"@type":"ListItem","position":2,"name":"Hakka edasim\u00fc\u00fcjaks"}]},{"@type":"WebSite","@id":"https:\/\/millamore.com\/et\/#website","url":"https:\/\/millamore.com\/et\/","name":"Millamore Estonia","description":"","publisher":{"@id":"https:\/\/millamore.com\/et\/#organization"},"potentialAction":[{"@type":"SearchAction","target":{"@type":"EntryPoint","urlTemplate":"https:\/\/millamore.com\/et\/?s={search_term_string}"},"query-input":{"@type":"PropertyValueSpecification","valueRequired":true,"valueName":"search_term_string"}}],"inLanguage":"et"},{"@type":"Organization","@id":"https:\/\/millamore.com\/et\/#organization","name":"Millamore","url":"https:\/\/millamore.com\/et\/","logo":{"@type":"ImageObject","inLanguage":"et","@id":"https:\/\/millamore.com\/et\/#\/schema\/logo\/image\/","url":"https:\/\/millamore.com\/et\/wp-content\/uploads\/sites\/4\/2022\/02\/MILLAMORE_logo.svg","contentUrl":"https:\/\/millamore.com\/et\/wp-content\/uploads\/sites\/4\/2022\/02\/MILLAMORE_logo.svg","width":509.62,"height":253.61,"caption":"Millamore"},"image":{"@id":"https:\/\/millamore.com\/et\/#\/schema\/logo\/image\/"}}]}},"_links":{"self":[{"href":"https:\/\/millamore.com\/et\/wp-json\/wp\/v2\/pages\/6027","targetHints":{"allow":["GET"]}}],"collection":[{"href":"https:\/\/millamore.com\/et\/wp-json\/wp\/v2\/pages"}],"about":[{"href":"https:\/\/millamore.com\/et\/wp-json\/wp\/v2\/types\/page"}],"author":[{"embeddable":true,"href":"https:\/\/millamore.com\/et\/wp-json\/wp\/v2\/users\/1"}],"replies":[{"embeddable":true,"href":"https:\/\/millamore.com\/et\/wp-json\/wp\/v2\/comments?post=6027"}],"version-history":[{"count":12,"href":"https:\/\/millamore.com\/et\/wp-json\/wp\/v2\/pages\/6027\/revisions"}],"predecessor-version":[{"id":8498,"href":"https:\/\/millamore.com\/et\/wp-json\/wp\/v2\/pages\/6027\/revisions\/8498"}],"wp:featuredmedia":[{"embeddable":true,"href":"https:\/\/millamore.com\/et\/wp-json\/wp\/v2\/media\/4140"}],"wp:attachment":[{"href":"https:\/\/millamore.com\/et\/wp-json\/wp\/v2\/media?parent=6027"}],"curies":[{"name":"wp","href":"https:\/\/api.w.org\/{rel}","templated":true}]}}