{"id":6024,"date":"2021-10-04T13:45:34","date_gmt":"2021-10-04T10:45:34","guid":{"rendered":"https:\/\/millamore.com\/why-millamore\/"},"modified":"2026-03-02T11:05:01","modified_gmt":"2026-03-02T09:05:01","slug":"meist","status":"publish","type":"page","link":"https:\/\/millamore.com\/et\/meist\/","title":{"rendered":"Meist"},"content":{"rendered":"    <div id=\"two-column-block-block_08cae96f758def000d7dea1c4c00d118\" class=\"two-column-block\">\n        <div class=\"row\">\n                                            <div class=\"two_column col-lg-6 col-12 d-flex flex-column align-items-start\">\n                    <p>Millamore on juba \u00fcle 38 aasta p\u00fchendunud v\u00e4ikeloomade heaolule, pakkudes esmaklassilist 100% looduslikku allapanu, pesamaterjali, m\u00e4nguasju ja lisatarvikuid ning j\u00e4nese- ja meriseas\u00f6\u00f6ta. Millamore\u2018i tooteid m\u00fc\u00fcakse rohkem kui 20 riigis ning meil on karvaseid s\u00f5pru ja f\u00e4nne \u00fcle kogu maailma.<\/p>\n                <\/div>\n                                            <div class=\"two_column col-lg-6 col-12 d-flex flex-column align-items-start\">\n                    <p>T\u00f6\u00f6tame j\u00e4tkuvalt v\u00e4lja p\u00f5nevaid ja ohutuid tooteid, mis toimivad h\u00e4sti, parandavad loomade heaolu ning rikastavad loomade ja nende perede elu.<\/p>\n<p><strong>MILLAMORE \u2013 k\u00f5ik, mida teie lemmik vajab!<\/strong><\/p>\n                <\/div>\n                    <\/div>\n    <\/div>\n\n\n    <div id=\"image-text-block_ebb73f26fb4a729a243e6230b15c9868\" class=\"image-text-block\">\n        <h2>Millamore\u2018i kvaliteet<\/h2>                    <div class=\"row\">\n                                                                        <div class=\"two_column col-lg-6 col-12 d-flex flex-column align-items-start mobile-top\">\n                                                    <p>Millamore\u2018i allapanu kuivatatakse 100\u2013120 \u00b0C temperatuuril kaks tundi, et niiskus j\u00e4\u00e4ks alla 10%. Madal niiskustase ning allapanu t\u00fckikeste suurus ja kuju tagavad Millamore\u2018i allapanu 200% niiskusimavuse. K\u00f5rge temperatuuri t\u00f5ttu h\u00e4vinevad ka allapanus olevad mikroorganismid (bakterid, hallitus, p\u00e4rmseened). Muu puidust allapanuga v\u00f5rreldes on Millamore\u2019i allapanul kolm korda suurem ammoniaagi sidumise v\u00f5ime. T\u00e4nu sellele on \u00f5hk puuris puhas ja ohutu ning allapanu peab harvem vahetama.<\/p>\n                                                                            <img loading=\"lazy\" decoding=\"async\" class=\"fade-in-up\" src=\"https:\/\/millamore.com\/et\/wp-content\/uploads\/sites\/4\/2021\/10\/Group-4-1.png\" alt=\"\" width=\"746\" height=\"688\">\n                                            <\/div>\n                                                        <div class=\"two_column col-lg-6 col-12 d-flex flex-column align-items-start \">\n                                                    <p>Samuti on haavapuit ohutum kui m\u00e4nd v\u00f5i kuusk, sest selles on v\u00e4he pineeni ja see ei sisalda keemilisi lisandeid ega puidu- v\u00f5i paberit\u00f6\u00f6stuse j\u00e4\u00e4ke.<\/p>\n<p>Millamore\u2018i allapanu on tolmuvaba ja t\u00fckid siledate servadega. Tolm v\u00f5ib m\u00f5jutada loomade ja inimeste hingamiss\u00fcsteemi ning teravad servad on peamine tolmuallikas ja need v\u00f5ivad ka tundlikku nahka kahjustada. Meie allapanu tolmusisaldus on nullil\u00e4hedane (0,1\u20130,7%). Teised puidust allapanud \u2013 peamiselt saepuru, mida lemmikloomade jaoks sageli kasutatakse \u2013 v\u00f5ivad sisaldada kuni 15% tolmu.<\/p>\n<p>Tootmise k\u00e4igus ei teki j\u00e4\u00e4tmeid ja kasutatakse bioenergiat. K\u00f5ik tooted on biolagunevad ning neid v\u00f5ib komposteerida v\u00f5i kasutada looduss\u00e4\u00e4stliku k\u00fctusena.<\/p>\n<p>Toodete ohutust ja puhtust kontrollitakse regulaarselt enam kui 200 elemendi ja \u00fchendi suhtes. Bakterite, m\u00fcrgiste \u00fchendite, pestitsiidide jms sisaldust Millamore\u2018i toodetes kontrollitakse regulaarselt ning tooted vastavad loomas\u00f6\u00f6dale seatud n\u00f5uetele.<\/p>\n<p>J\u00e4rgime oma tootmisprotsessis \u00f6koloogilise ja j\u00e4tkusuutliku majandamise standardeid. Toormaterjali puhul j\u00e4rgime vastutustundliku FSC metsamajanduse p\u00f5him\u00f5tteid. Meie toormaterjal p\u00e4rineb l\u00e4hedastelt aladelt, et v\u00e4hendada CO2 heidet.<\/p>\n                                                                    <\/div>\n                            <\/div>\n            <\/div>\n\n\n    <div id=\"image-text-block_00e11ebb8234426ee4366892707ea425\" class=\"image-text-block\">\n        <h2>Allapanu ja pesamaterjal<\/h2>                    <div class=\"row\">\n                                                                        <div class=\"two_column col-lg-6 col-12 d-flex flex-column align-items-start \">\n                                                    <p><strong>T\u00e4ielikult looduslik, biolagunev ja laboratoorselt kontrollitud haavapuidust allapanu ja pesamaterjal<\/strong><\/p>\n<p>Kuna allapanu on teie lemmiklooma koduse keskkonna kujundamise ja tervise seisukohalt v\u00e4ga oluline, on t\u00e4htis valida ohutu, m\u00fcrgi- ja tolmuvaba 100% looduslik variant. Soovime, et loomaomanikel oleks parem valik ning nad saaksid oma karvastele s\u00f5pradele pakkuda sama head kvaliteeti kui iseendale. Meie eesm\u00e4rk on pakkuda teile ja teie lemmikloomale looduslikku ja tervislikku elu koos Millamore\u2018i kvaliteetse allapanu ja pesamaterjaliga.<\/p>\n<p><strong>Miks valida Millamore\u2018i allapanu ja pesamaterjal?<\/strong><\/p>\n<ul>\n<li>Tolmuvaba<\/li>\n<li>100% looduslik haavapuit<\/li>\n<li>Suur imamisv\u00f5ime<\/li>\n<li>Tugev l\u00f5hnakontroll<\/li>\n<li>Biolagunev ja komposteeritav<\/li>\n<li>Pole lisatud keemilisi lisandeid ega t\u00f6\u00f6stusj\u00e4\u00e4ke<\/li>\n<li>Laboratoorselt kontrollitud<\/li>\n<li>Loomaarstid ja loomade heaolu eksperdid soovitavad<\/li>\n<li>FSC sertifikaat garanteerib vastutustundliku ja j\u00e4tkusuutliku metsamajandamise<\/li>\n<\/ul>\n                                                                    <\/div>\n                                                        <div class=\"two_column col-lg-6 col-12 d-flex flex-column align-items-start mobile-top\">\n                                                                            <img loading=\"lazy\" decoding=\"async\" class=\"fade-in-up\" src=\"https:\/\/millamore.com\/et\/wp-content\/uploads\/sites\/4\/2021\/10\/Bedding-and-Nesting-Material-.jpg\" alt=\"\" width=\"946\" height=\"944\">\n                                            <\/div>\n                            <\/div>\n            <\/div>\n\n\n    <div id=\"image-text-block_906d9f50869274993aace920c5ab3245\" class=\"image-text-block\">\n        <h2>M\u00e4nguasjad ja lisatarvikud<\/h2>                    <div class=\"row\">\n                                                                        <div class=\"two_column col-lg-6 col-12 d-flex flex-column align-items-start mobile-top\">\n                                                                            <img loading=\"lazy\" decoding=\"async\" class=\"fade-in-up\" src=\"https:\/\/millamore.com\/et\/wp-content\/uploads\/sites\/4\/2021\/10\/Toys-and-Accessories-1.jpg\" alt=\"\" width=\"948\" height=\"624\">\n                                            <\/div>\n                                                        <div class=\"two_column col-lg-6 col-12 d-flex flex-column align-items-start \">\n                                                    <p>Lemmikloomale m\u00e4nguasja valimisel on k\u00f5ige t\u00e4htsam, et see oleks ohutu!<\/p>\n<p>Millamore\u2018i looduslikud m\u00e4nguasjad pakuvad mitmesuguseid v\u00f5imalusi pesaehituseks, varjumiseks ja n\u00e4rimiseks. M\u00e4nguasjad vastavad loomade loomulikele instinktiivsetele vajadustele, ergutades neid peitma, ronima ja n\u00e4rima, ning aitavad hoida loomade \u00fcldist heaolu.<\/p>\n<p>Millamore\u2018i m\u00e4nguasjad on tehtud v\u00e4rskest haavapuidust, mis ei sisalda keemilisi lisandeid ega puidu- v\u00f5i paberit\u00f6\u00f6stuse j\u00e4\u00e4ke. Loomaarstid ja loomade heaolu eksperdid soovitavad n\u00e4rimiseks just haavapuitu, kuna selles on v\u00e4hem vaiku kui okaspuudes. M\u00e4nguasjade tootmisel pole kasutatud liimi ega metalli.<br \/>\nMillamore\u2018i m\u00e4nguasjad ja lisatarvikud on pestavad ja taaskasutatavad kuni 14 korda.<\/p>\n                                                                    <\/div>\n                            <\/div>\n            <\/div>\n\n\n    <div id=\"image-text-block_7d12f76aab118729e5e2162bc8aaab03\" class=\"image-text-block\">\n        <h2>T\u00e4iss\u00f6\u00f6t<\/h2>                    <div class=\"row\">\n                                                                        <div class=\"two_column col-lg-6 col-12 d-flex flex-column align-items-start \">\n                                                    <p>Meie k\u00f5ige uuem toode on j\u00e4neste ja merisigade t\u00e4iss\u00f6\u00f6t. \u00dcks loomaomaniku t\u00e4htsaim \u00fclesanne on tagada, et tema v\u00e4ike s\u00f5ber toituks \u00f5igesti. Soovime teie elu natuke lihtsamaks teha ja v\u00f5ime kinnitada, et Millamore\u2018i loomas\u00f6\u00f6da iga koostisosa on t\u00e4pselt selline, nagu teie lemmikul vaja on.<\/p>\n<p>Millamore\u2018i looduslik graanuls\u00f6\u00f6t pakub tasakaalustatud toitumist, nii et teie lemmik on iga p\u00e4ev terve ja heas vormis. T\u00e4iss\u00f6\u00f6t sisaldab kvaliteetseid ja maitsvaid koostisaineid ja vitamiine, mis hoiavad looma immuuns\u00fcsteemi tugeva.<\/p>\n                                                                    <\/div>\n                                                        <div class=\"two_column col-lg-6 col-12 d-flex flex-column align-items-start mobile-top\">\n                                                                            <img loading=\"lazy\" decoding=\"async\" class=\"fade-in-up\" src=\"https:\/\/millamore.com\/et\/wp-content\/uploads\/sites\/4\/2021\/10\/coplete-feed.png\" alt=\"\" width=\"948\" height=\"624\">\n                                            <\/div>\n                            <\/div>\n            <\/div>\n","protected":false},"excerpt":{"rendered":"","protected":false},"author":1,"featured_media":399,"parent":0,"menu_order":0,"comment_status":"closed","ping_status":"closed","template":"page-templates\/template-why-millamore.php","meta":{"_acf_changed":false,"footnotes":""},"class_list":["post-6024","page","type-page","status-publish","has-post-thumbnail","hentry"],"acf":[],"yoast_head":"<!-- This site is optimized with the Yoast SEO plugin v23.8 - https:\/\/yoast.com\/wordpress\/plugins\/seo\/ -->\n<title>Meist - Millamore 100% naturaalsed tooted v\u00e4ikeloomadele<\/title>\n<meta name=\"description\" content=\"Millamore on \u00fcle 38 aasta keskendunud v\u00e4ikeloomade heaolule l\u00e4bi 100% naturaalsete, ohutute ja tervislike toodete. Loe l\u00e4hemalt Millamore tegemiste kohta.\" \/>\n<meta name=\"robots\" content=\"index, follow, max-snippet:-1, max-image-preview:large, max-video-preview:-1\" \/>\n<link rel=\"canonical\" href=\"https:\/\/millamore.com\/et\/meist\/\" \/>\n<meta property=\"og:locale\" content=\"et_EE\" \/>\n<meta property=\"og:type\" content=\"article\" \/>\n<meta property=\"og:title\" content=\"Meist - Millamore 100% naturaalsed tooted v\u00e4ikeloomadele\" \/>\n<meta property=\"og:description\" content=\"Millamore on \u00fcle 38 aasta keskendunud v\u00e4ikeloomade heaolule l\u00e4bi 100% naturaalsete, ohutute ja tervislike toodete. Loe l\u00e4hemalt Millamore tegemiste kohta.\" \/>\n<meta property=\"og:url\" content=\"https:\/\/millamore.com\/et\/meist\/\" \/>\n<meta property=\"og:site_name\" content=\"Millamore Estonia\" \/>\n<meta property=\"article:modified_time\" content=\"2026-03-02T09:05:01+00:00\" \/>\n<meta property=\"og:image\" content=\"https:\/\/millamore.com\/et\/wp-content\/uploads\/sites\/4\/2021\/05\/shutterstock_1727772646-1-scaled.jpg\" \/>\n\t<meta property=\"og:image:width\" content=\"2560\" \/>\n\t<meta property=\"og:image:height\" content=\"696\" \/>\n\t<meta property=\"og:image:type\" content=\"image\/jpeg\" \/>\n<meta name=\"twitter:card\" content=\"summary_large_image\" \/>\n<script type=\"application\/ld+json\" class=\"yoast-schema-graph\">{\"@context\":\"https:\/\/schema.org\",\"@graph\":[{\"@type\":\"WebPage\",\"@id\":\"https:\/\/millamore.com\/et\/meist\/\",\"url\":\"https:\/\/millamore.com\/et\/meist\/\",\"name\":\"Meist - Millamore 100% naturaalsed tooted v\u00e4ikeloomadele\",\"isPartOf\":{\"@id\":\"https:\/\/millamore.com\/et\/#website\"},\"primaryImageOfPage\":{\"@id\":\"https:\/\/millamore.com\/et\/meist\/#primaryimage\"},\"image\":{\"@id\":\"https:\/\/millamore.com\/et\/meist\/#primaryimage\"},\"thumbnailUrl\":\"https:\/\/millamore.com\/et\/wp-content\/uploads\/sites\/4\/2021\/05\/shutterstock_1727772646-1-scaled.jpg\",\"datePublished\":\"2021-10-04T10:45:34+00:00\",\"dateModified\":\"2026-03-02T09:05:01+00:00\",\"description\":\"Millamore on \u00fcle 38 aasta keskendunud v\u00e4ikeloomade heaolule l\u00e4bi 100% naturaalsete, ohutute ja tervislike toodete. Loe l\u00e4hemalt Millamore tegemiste kohta.\",\"breadcrumb\":{\"@id\":\"https:\/\/millamore.com\/et\/meist\/#breadcrumb\"},\"inLanguage\":\"et\",\"potentialAction\":[{\"@type\":\"ReadAction\",\"target\":[\"https:\/\/millamore.com\/et\/meist\/\"]}]},{\"@type\":\"ImageObject\",\"inLanguage\":\"et\",\"@id\":\"https:\/\/millamore.com\/et\/meist\/#primaryimage\",\"url\":\"https:\/\/millamore.com\/et\/wp-content\/uploads\/sites\/4\/2021\/05\/shutterstock_1727772646-1-scaled.jpg\",\"contentUrl\":\"https:\/\/millamore.com\/et\/wp-content\/uploads\/sites\/4\/2021\/05\/shutterstock_1727772646-1-scaled.jpg\",\"width\":2560,\"height\":696},{\"@type\":\"BreadcrumbList\",\"@id\":\"https:\/\/millamore.com\/et\/meist\/#breadcrumb\",\"itemListElement\":[{\"@type\":\"ListItem\",\"position\":1,\"name\":\"Home\",\"item\":\"https:\/\/millamore.com\/et\/\"},{\"@type\":\"ListItem\",\"position\":2,\"name\":\"Meist\"}]},{\"@type\":\"WebSite\",\"@id\":\"https:\/\/millamore.com\/et\/#website\",\"url\":\"https:\/\/millamore.com\/et\/\",\"name\":\"Millamore Estonia\",\"description\":\"\",\"publisher\":{\"@id\":\"https:\/\/millamore.com\/et\/#organization\"},\"potentialAction\":[{\"@type\":\"SearchAction\",\"target\":{\"@type\":\"EntryPoint\",\"urlTemplate\":\"https:\/\/millamore.com\/et\/?s={search_term_string}\"},\"query-input\":{\"@type\":\"PropertyValueSpecification\",\"valueRequired\":true,\"valueName\":\"search_term_string\"}}],\"inLanguage\":\"et\"},{\"@type\":\"Organization\",\"@id\":\"https:\/\/millamore.com\/et\/#organization\",\"name\":\"Millamore\",\"url\":\"https:\/\/millamore.com\/et\/\",\"logo\":{\"@type\":\"ImageObject\",\"inLanguage\":\"et\",\"@id\":\"https:\/\/millamore.com\/et\/#\/schema\/logo\/image\/\",\"url\":\"https:\/\/millamore.com\/et\/wp-content\/uploads\/sites\/4\/2022\/02\/MILLAMORE_logo.svg\",\"contentUrl\":\"https:\/\/millamore.com\/et\/wp-content\/uploads\/sites\/4\/2022\/02\/MILLAMORE_logo.svg\",\"width\":509.62,\"height\":253.61,\"caption\":\"Millamore\"},\"image\":{\"@id\":\"https:\/\/millamore.com\/et\/#\/schema\/logo\/image\/\"}}]}<\/script>\n<!-- \/ Yoast SEO plugin. -->","yoast_head_json":{"title":"Meist - Millamore 100% naturaalsed tooted v\u00e4ikeloomadele","description":"Millamore on \u00fcle 38 aasta keskendunud v\u00e4ikeloomade heaolule l\u00e4bi 100% naturaalsete, ohutute ja tervislike toodete. Loe l\u00e4hemalt Millamore tegemiste kohta.","robots":{"index":"index","follow":"follow","max-snippet":"max-snippet:-1","max-image-preview":"max-image-preview:large","max-video-preview":"max-video-preview:-1"},"canonical":"https:\/\/millamore.com\/et\/meist\/","og_locale":"et_EE","og_type":"article","og_title":"Meist - Millamore 100% naturaalsed tooted v\u00e4ikeloomadele","og_description":"Millamore on \u00fcle 38 aasta keskendunud v\u00e4ikeloomade heaolule l\u00e4bi 100% naturaalsete, ohutute ja tervislike toodete. Loe l\u00e4hemalt Millamore tegemiste kohta.","og_url":"https:\/\/millamore.com\/et\/meist\/","og_site_name":"Millamore Estonia","article_modified_time":"2026-03-02T09:05:01+00:00","og_image":[{"width":2560,"height":696,"url":"https:\/\/millamore.com\/et\/wp-content\/uploads\/sites\/4\/2021\/05\/shutterstock_1727772646-1-scaled.jpg","type":"image\/jpeg"}],"twitter_card":"summary_large_image","schema":{"@context":"https:\/\/schema.org","@graph":[{"@type":"WebPage","@id":"https:\/\/millamore.com\/et\/meist\/","url":"https:\/\/millamore.com\/et\/meist\/","name":"Meist - Millamore 100% naturaalsed tooted v\u00e4ikeloomadele","isPartOf":{"@id":"https:\/\/millamore.com\/et\/#website"},"primaryImageOfPage":{"@id":"https:\/\/millamore.com\/et\/meist\/#primaryimage"},"image":{"@id":"https:\/\/millamore.com\/et\/meist\/#primaryimage"},"thumbnailUrl":"https:\/\/millamore.com\/et\/wp-content\/uploads\/sites\/4\/2021\/05\/shutterstock_1727772646-1-scaled.jpg","datePublished":"2021-10-04T10:45:34+00:00","dateModified":"2026-03-02T09:05:01+00:00","description":"Millamore on \u00fcle 38 aasta keskendunud v\u00e4ikeloomade heaolule l\u00e4bi 100% naturaalsete, ohutute ja tervislike toodete. Loe l\u00e4hemalt Millamore tegemiste kohta.","breadcrumb":{"@id":"https:\/\/millamore.com\/et\/meist\/#breadcrumb"},"inLanguage":"et","potentialAction":[{"@type":"ReadAction","target":["https:\/\/millamore.com\/et\/meist\/"]}]},{"@type":"ImageObject","inLanguage":"et","@id":"https:\/\/millamore.com\/et\/meist\/#primaryimage","url":"https:\/\/millamore.com\/et\/wp-content\/uploads\/sites\/4\/2021\/05\/shutterstock_1727772646-1-scaled.jpg","contentUrl":"https:\/\/millamore.com\/et\/wp-content\/uploads\/sites\/4\/2021\/05\/shutterstock_1727772646-1-scaled.jpg","width":2560,"height":696},{"@type":"BreadcrumbList","@id":"https:\/\/millamore.com\/et\/meist\/#breadcrumb","itemListElement":[{"@type":"ListItem","position":1,"name":"Home","item":"https:\/\/millamore.com\/et\/"},{"@type":"ListItem","position":2,"name":"Meist"}]},{"@type":"WebSite","@id":"https:\/\/millamore.com\/et\/#website","url":"https:\/\/millamore.com\/et\/","name":"Millamore Estonia","description":"","publisher":{"@id":"https:\/\/millamore.com\/et\/#organization"},"potentialAction":[{"@type":"SearchAction","target":{"@type":"EntryPoint","urlTemplate":"https:\/\/millamore.com\/et\/?s={search_term_string}"},"query-input":{"@type":"PropertyValueSpecification","valueRequired":true,"valueName":"search_term_string"}}],"inLanguage":"et"},{"@type":"Organization","@id":"https:\/\/millamore.com\/et\/#organization","name":"Millamore","url":"https:\/\/millamore.com\/et\/","logo":{"@type":"ImageObject","inLanguage":"et","@id":"https:\/\/millamore.com\/et\/#\/schema\/logo\/image\/","url":"https:\/\/millamore.com\/et\/wp-content\/uploads\/sites\/4\/2022\/02\/MILLAMORE_logo.svg","contentUrl":"https:\/\/millamore.com\/et\/wp-content\/uploads\/sites\/4\/2022\/02\/MILLAMORE_logo.svg","width":509.62,"height":253.61,"caption":"Millamore"},"image":{"@id":"https:\/\/millamore.com\/et\/#\/schema\/logo\/image\/"}}]}},"_links":{"self":[{"href":"https:\/\/millamore.com\/et\/wp-json\/wp\/v2\/pages\/6024","targetHints":{"allow":["GET"]}}],"collection":[{"href":"https:\/\/millamore.com\/et\/wp-json\/wp\/v2\/pages"}],"about":[{"href":"https:\/\/millamore.com\/et\/wp-json\/wp\/v2\/types\/page"}],"author":[{"embeddable":true,"href":"https:\/\/millamore.com\/et\/wp-json\/wp\/v2\/users\/1"}],"replies":[{"embeddable":true,"href":"https:\/\/millamore.com\/et\/wp-json\/wp\/v2\/comments?post=6024"}],"version-history":[{"count":57,"href":"https:\/\/millamore.com\/et\/wp-json\/wp\/v2\/pages\/6024\/revisions"}],"predecessor-version":[{"id":8485,"href":"https:\/\/millamore.com\/et\/wp-json\/wp\/v2\/pages\/6024\/revisions\/8485"}],"wp:featuredmedia":[{"embeddable":true,"href":"https:\/\/millamore.com\/et\/wp-json\/wp\/v2\/media\/399"}],"wp:attachment":[{"href":"https:\/\/millamore.com\/et\/wp-json\/wp\/v2\/media?parent=6024"}],"curies":[{"name":"wp","href":"https:\/\/api.w.org\/{rel}","templated":true}]}}