{"id":5587,"date":"2022-01-31T10:46:31","date_gmt":"2022-01-31T07:46:31","guid":{"rendered":"https:\/\/millamore.com\/?page_id=5587"},"modified":"2022-02-21T11:51:06","modified_gmt":"2022-02-21T11:51:06","slug":"tagastus","status":"publish","type":"page","link":"https:\/\/millamore.com\/et\/tagastus\/","title":{"rendered":"Tagastus"},"content":{"rendered":"\n<p>Arusaamatuste v\u00e4ltimiseks palume toote k\u00e4ttesaamisel veenduda, et tarnitud toode vastab tellimusele.<\/p>\n\n\n\n<p>1. Toote k\u00f5lblikkusaeg ja tootja on m\u00e4rgitud pakendile. M\u00fc\u00fcja (Millamore.com) tagab, et m\u00fc\u00fcdavad tooted on vormistatud vastavalt toote tarvitamist ja m\u00e4rgistamist reguleerivatele \u00f5igusaktidele ning neile on lisatud teave \u00f5ige ja ohutu tarvitamise kohta.<\/p>\n\n\n\n<p>Garantii on tootja v\u00f5i m\u00fc\u00fcja kohustus tagastada tarbijale toote eest tasutud raha, vahetada toode tasuta n\u00f5uetele vastava toote vastu, k\u00f5rvaldada tasuta toote mittevastavus v\u00f5i teha muid toiminguid juhul, kui toode ei vasta garantiis v\u00f5i reklaamis esitatud kirjeldusele.<\/p>\n\n\n\n<p>2. Tarbija v\u00f5ib kasutada taganemis\u00f5igust ja taganeda lepingust \u00fchepoolselt 14 p\u00e4eva jooksul.<\/p>\n\n\n\n<p>Tarbija ei v\u00f5i kasutada taganemis\u00f5igust, kui:<\/p>\n\n\n\n<p>2.1. toote v\u00f5i teenuse hind s\u00f5ltub finantsturu k\u00f5ikumisest, mis ei ole m\u00fc\u00fcja v\u00f5i teenusepakkuja kontrolli all ja mis v\u00f5ib leida aset taganemis\u00f5iguse kasutamise t\u00e4htaja jooksul;<\/p>\n\n\n\n<p>2.2. toode valmistatakse vastavalt tarbija juhistele v\u00f5i on selgelt personaalne;<\/p>\n\n\n\n<p>2.3. toode rikneb kiiresti v\u00f5i selle k\u00f5lblikkusaeg m\u00f6\u00f6dub peagi;<\/p>\n\n\n\n<p>2.4. tarbija on avanud pakendi tootel, mida ei saa tervise- ja h\u00fcgieenikaalutlustel tagastada;<\/p>\n\n\n\n<p>2.5. toode on selle omaduste t\u00f5ttu p\u00e4rast tarnimist p\u00f6\u00f6rdumatult segunenud teiste asjadega;<\/p>\n\n\n\n<p>3. Garantiid ja taganemis\u00f5igust saab kasutada vastavalt Eesti Vabariigis kehtivatele \u00f5igusaktidele, samuti l\u00e4htudes m\u00fc\u00fcdud toote liigist ja spetsiifilistest omadustest.<\/p>\n\n\n\n<p>Garantiid saab kasutada kui ostjal on alles ostu t\u00f5endav dokument, mis tuleb koos soetatud tootega m\u00fc\u00fcjale esitada.<\/p>\n\n\n\n<p>Taganemis\u00f5iguse kasutamise korral tuleb t\u00e4ita <a href=\"https:\/\/millamore.com\/wp-content\/uploads\/sites\/4\/2022\/02\/Millamore-kauba-tagastamise-vorm-EST.pdf\" target=\"_blank\" rel=\"noreferrer noopener\">kauba tagastamise vorm<\/a> ning saata see <a href=\"mailto:info@millamore.com\" target=\"_blank\" rel=\"noreferrer noopener\">info@millamore.com<\/a>. P\u00e4rast teate saamist teatab m\u00fc\u00fcja ostjale, et ta on taganemisteate k\u00e4tte saanud, ning teavitab vastu v\u00f5etud otsusest v\u00f5i otsuse vastuv\u00f5tmise ajast.<\/p>\n\n\n\n<p>Tarbija on kohustatud mitte hiljem kui 14 p\u00e4eva jooksul p\u00e4rast taganemisteate m\u00fc\u00fcjale saatmist tagastama m\u00fc\u00fcjale toote.<\/p>\n\n\n\n<p>4. Ostja saab tagastatud toote eest makstud raha tagasi 14 (neljateistk\u00fcmne) p\u00e4eva jooksul alates kirjaliku taganemisteate k\u00e4ttesaamisest.<\/p>\n\n\n\n<p>5. M\u00fc\u00fcjal v\u00f5i teenusepakkujal on \u00f5igus viivitada vastavalt ostulepingule tarbija tasutud rahasumma tagastamisega nii kaua, kuni m\u00fc\u00fcja v\u00f5i teenusepakkuja saab toote k\u00e4tte v\u00f5i kuni tarbija esitab m\u00fc\u00fcjale v\u00f5i teenusepakkujale kinnituse toote tagasisaatmise kohta, s\u00f5ltuvalt sellest, kumb leiab aset varem. See \u00f5igus ei kehti neil juhtudel, kui m\u00fc\u00fcja v\u00f5i teenusepakkuja on teinud ise ettepaneku toode tagasi v\u00f5tta.<\/p>\n\n\n\n<p>6. Tarbija katab toote tagastamise otsesed kulud, v\u00e4lja arvatud juhul, kui m\u00fc\u00fcja v\u00f5i teenusepakkuja on n\u00f5ustunud need kulud katma v\u00f5i ei ole tarbijat teavitanud, et need kulud peab katma tarbija.<\/p>\n\n\n\n<p>7. Millamore.com j\u00e4tab endale \u00f5iguse muuta ilma eelneva hoiatuseta \u00fchepoolselt kampaaniate tingimusi v\u00f5i katkestada kampaania.<\/p>\n\n\n\n<p>Tarbija \u00fcldiste \u00f5iguste ja kohustuste kohta v\u00f5ite lugeda <a href=\"https:\/\/www.ttja.ee\/et\" target=\"_blank\" rel=\"noreferrer noopener\">siit<\/a>.<\/p>\n","protected":false},"excerpt":{"rendered":"Arusaamatuste v\u00e4ltimiseks palume toote k\u00e4ttesaamisel veenduda, et tarnitud toode vastab tellimusele. 1. Toote k\u00f5lblikkusaeg ja tootja on m\u00e4rgitud pakendile. M\u00fc\u00fcja (Millamore.com) tagab, et m\u00fc\u00fcdavad tooted on vormistatud vastavalt toote tarvitamist ja m\u00e4rgistamist reguleerivatele \u00f5igusaktidele ning neile on lisatud teave \u00f5ige ja ohutu tarvitamise kohta. Garantii on tootja v\u00f5i m\u00fc\u00fcja kohustus tagastada tarbijale toote eest tasutud [&hellip;]","protected":false},"author":1,"featured_media":0,"parent":0,"menu_order":0,"comment_status":"closed","ping_status":"closed","template":"","meta":{"_acf_changed":false,"footnotes":""},"class_list":["post-5587","page","type-page","status-publish","hentry"],"acf":[],"yoast_head":"<!-- This site is optimized with the Yoast SEO plugin v23.8 - https:\/\/yoast.com\/wordpress\/plugins\/seo\/ -->\n<title>Tagastus - Millamore<\/title>\n<meta name=\"robots\" content=\"index, follow, max-snippet:-1, max-image-preview:large, max-video-preview:-1\" \/>\n<link rel=\"canonical\" href=\"https:\/\/millamore.com\/et\/tagastus\/\" \/>\n<meta property=\"og:locale\" content=\"et_EE\" \/>\n<meta property=\"og:type\" content=\"article\" \/>\n<meta property=\"og:title\" content=\"Tagastus - Millamore\" \/>\n<meta property=\"og:description\" content=\"Arusaamatuste v\u00e4ltimiseks palume toote k\u00e4ttesaamisel veenduda, et tarnitud toode vastab tellimusele. 1. Toote k\u00f5lblikkusaeg ja tootja on m\u00e4rgitud pakendile. M\u00fc\u00fcja (Millamore.com) tagab, et m\u00fc\u00fcdavad tooted on vormistatud vastavalt toote tarvitamist ja m\u00e4rgistamist reguleerivatele \u00f5igusaktidele ning neile on lisatud teave \u00f5ige ja ohutu tarvitamise kohta. Garantii on tootja v\u00f5i m\u00fc\u00fcja kohustus tagastada tarbijale toote eest tasutud [&hellip;]\" \/>\n<meta property=\"og:url\" content=\"https:\/\/millamore.com\/et\/tagastus\/\" \/>\n<meta property=\"og:site_name\" content=\"Millamore Estonia\" \/>\n<meta property=\"article:modified_time\" content=\"2022-02-21T11:51:06+00:00\" \/>\n<meta name=\"twitter:card\" content=\"summary_large_image\" \/>\n<script type=\"application\/ld+json\" class=\"yoast-schema-graph\">{\"@context\":\"https:\/\/schema.org\",\"@graph\":[{\"@type\":\"WebPage\",\"@id\":\"https:\/\/millamore.com\/et\/tagastus\/\",\"url\":\"https:\/\/millamore.com\/et\/tagastus\/\",\"name\":\"Tagastus - Millamore\",\"isPartOf\":{\"@id\":\"https:\/\/millamore.com\/et\/#website\"},\"datePublished\":\"2022-01-31T07:46:31+00:00\",\"dateModified\":\"2022-02-21T11:51:06+00:00\",\"breadcrumb\":{\"@id\":\"https:\/\/millamore.com\/et\/tagastus\/#breadcrumb\"},\"inLanguage\":\"et\",\"potentialAction\":[{\"@type\":\"ReadAction\",\"target\":[\"https:\/\/millamore.com\/et\/tagastus\/\"]}]},{\"@type\":\"BreadcrumbList\",\"@id\":\"https:\/\/millamore.com\/et\/tagastus\/#breadcrumb\",\"itemListElement\":[{\"@type\":\"ListItem\",\"position\":1,\"name\":\"Home\",\"item\":\"https:\/\/millamore.com\/et\/\"},{\"@type\":\"ListItem\",\"position\":2,\"name\":\"Tagastus\"}]},{\"@type\":\"WebSite\",\"@id\":\"https:\/\/millamore.com\/et\/#website\",\"url\":\"https:\/\/millamore.com\/et\/\",\"name\":\"Millamore Estonia\",\"description\":\"\",\"publisher\":{\"@id\":\"https:\/\/millamore.com\/et\/#organization\"},\"potentialAction\":[{\"@type\":\"SearchAction\",\"target\":{\"@type\":\"EntryPoint\",\"urlTemplate\":\"https:\/\/millamore.com\/et\/?s={search_term_string}\"},\"query-input\":{\"@type\":\"PropertyValueSpecification\",\"valueRequired\":true,\"valueName\":\"search_term_string\"}}],\"inLanguage\":\"et\"},{\"@type\":\"Organization\",\"@id\":\"https:\/\/millamore.com\/et\/#organization\",\"name\":\"Millamore\",\"url\":\"https:\/\/millamore.com\/et\/\",\"logo\":{\"@type\":\"ImageObject\",\"inLanguage\":\"et\",\"@id\":\"https:\/\/millamore.com\/et\/#\/schema\/logo\/image\/\",\"url\":\"https:\/\/millamore.com\/et\/wp-content\/uploads\/sites\/4\/2022\/02\/MILLAMORE_logo.svg\",\"contentUrl\":\"https:\/\/millamore.com\/et\/wp-content\/uploads\/sites\/4\/2022\/02\/MILLAMORE_logo.svg\",\"width\":509.62,\"height\":253.61,\"caption\":\"Millamore\"},\"image\":{\"@id\":\"https:\/\/millamore.com\/et\/#\/schema\/logo\/image\/\"}}]}<\/script>\n<!-- \/ Yoast SEO plugin. -->","yoast_head_json":{"title":"Tagastus - Millamore","robots":{"index":"index","follow":"follow","max-snippet":"max-snippet:-1","max-image-preview":"max-image-preview:large","max-video-preview":"max-video-preview:-1"},"canonical":"https:\/\/millamore.com\/et\/tagastus\/","og_locale":"et_EE","og_type":"article","og_title":"Tagastus - Millamore","og_description":"Arusaamatuste v\u00e4ltimiseks palume toote k\u00e4ttesaamisel veenduda, et tarnitud toode vastab tellimusele. 1. Toote k\u00f5lblikkusaeg ja tootja on m\u00e4rgitud pakendile. M\u00fc\u00fcja (Millamore.com) tagab, et m\u00fc\u00fcdavad tooted on vormistatud vastavalt toote tarvitamist ja m\u00e4rgistamist reguleerivatele \u00f5igusaktidele ning neile on lisatud teave \u00f5ige ja ohutu tarvitamise kohta. Garantii on tootja v\u00f5i m\u00fc\u00fcja kohustus tagastada tarbijale toote eest tasutud [&hellip;]","og_url":"https:\/\/millamore.com\/et\/tagastus\/","og_site_name":"Millamore Estonia","article_modified_time":"2022-02-21T11:51:06+00:00","twitter_card":"summary_large_image","schema":{"@context":"https:\/\/schema.org","@graph":[{"@type":"WebPage","@id":"https:\/\/millamore.com\/et\/tagastus\/","url":"https:\/\/millamore.com\/et\/tagastus\/","name":"Tagastus - Millamore","isPartOf":{"@id":"https:\/\/millamore.com\/et\/#website"},"datePublished":"2022-01-31T07:46:31+00:00","dateModified":"2022-02-21T11:51:06+00:00","breadcrumb":{"@id":"https:\/\/millamore.com\/et\/tagastus\/#breadcrumb"},"inLanguage":"et","potentialAction":[{"@type":"ReadAction","target":["https:\/\/millamore.com\/et\/tagastus\/"]}]},{"@type":"BreadcrumbList","@id":"https:\/\/millamore.com\/et\/tagastus\/#breadcrumb","itemListElement":[{"@type":"ListItem","position":1,"name":"Home","item":"https:\/\/millamore.com\/et\/"},{"@type":"ListItem","position":2,"name":"Tagastus"}]},{"@type":"WebSite","@id":"https:\/\/millamore.com\/et\/#website","url":"https:\/\/millamore.com\/et\/","name":"Millamore Estonia","description":"","publisher":{"@id":"https:\/\/millamore.com\/et\/#organization"},"potentialAction":[{"@type":"SearchAction","target":{"@type":"EntryPoint","urlTemplate":"https:\/\/millamore.com\/et\/?s={search_term_string}"},"query-input":{"@type":"PropertyValueSpecification","valueRequired":true,"valueName":"search_term_string"}}],"inLanguage":"et"},{"@type":"Organization","@id":"https:\/\/millamore.com\/et\/#organization","name":"Millamore","url":"https:\/\/millamore.com\/et\/","logo":{"@type":"ImageObject","inLanguage":"et","@id":"https:\/\/millamore.com\/et\/#\/schema\/logo\/image\/","url":"https:\/\/millamore.com\/et\/wp-content\/uploads\/sites\/4\/2022\/02\/MILLAMORE_logo.svg","contentUrl":"https:\/\/millamore.com\/et\/wp-content\/uploads\/sites\/4\/2022\/02\/MILLAMORE_logo.svg","width":509.62,"height":253.61,"caption":"Millamore"},"image":{"@id":"https:\/\/millamore.com\/et\/#\/schema\/logo\/image\/"}}]}},"_links":{"self":[{"href":"https:\/\/millamore.com\/et\/wp-json\/wp\/v2\/pages\/5587","targetHints":{"allow":["GET"]}}],"collection":[{"href":"https:\/\/millamore.com\/et\/wp-json\/wp\/v2\/pages"}],"about":[{"href":"https:\/\/millamore.com\/et\/wp-json\/wp\/v2\/types\/page"}],"author":[{"embeddable":true,"href":"https:\/\/millamore.com\/et\/wp-json\/wp\/v2\/users\/1"}],"replies":[{"embeddable":true,"href":"https:\/\/millamore.com\/et\/wp-json\/wp\/v2\/comments?post=5587"}],"version-history":[{"count":7,"href":"https:\/\/millamore.com\/et\/wp-json\/wp\/v2\/pages\/5587\/revisions"}],"predecessor-version":[{"id":6755,"href":"https:\/\/millamore.com\/et\/wp-json\/wp\/v2\/pages\/5587\/revisions\/6755"}],"wp:attachment":[{"href":"https:\/\/millamore.com\/et\/wp-json\/wp\/v2\/media?parent=5587"}],"curies":[{"name":"wp","href":"https:\/\/api.w.org\/{rel}","templated":true}]}}